{"id":238853,"date":"2021-10-29T17:21:38","date_gmt":"2021-10-29T15:21:38","guid":{"rendered":"https:\/\/km-a.net\/allgemeine-bedingungen-und-konditionen\/"},"modified":"2026-02-13T19:38:49","modified_gmt":"2026-02-13T18:38:49","slug":"allgemeine-bedingungen-und-konditionen","status":"publish","type":"page","link":"https:\/\/km-a.net\/de\/bildung-2\/allgemeine-bedingungen-und-konditionen\/","title":{"rendered":"Allgemeine Bedingungen und Konditionen"},"content":{"rendered":"<p>[et_pb_section fb_built=&#8220;1&#8243; admin_label=&#8220;Header&#8220; _builder_version=&#8220;4.16.1&#8243; _module_preset=&#8220;d9b26446-1dc8-41fc-9433-3e3c09ce2f79&#8243; background_mask_aspect_ratio=&#8220;portrait&#8220; background_mask_position=&#8220;bottom_right&#8220; background_mask_horizontal_offset=&#8220;27%&#8220; background_mask_vertical_offset=&#8220;41%&#8220; locked=&#8220;off&#8220; global_colors_info=&#8220;{}&#8220;][et_pb_row make_equal=&#8220;on&#8220; _builder_version=&#8220;4.16&#8243; global_colors_info=&#8220;{}&#8220;][et_pb_column type=&#8220;4_4&#8243; _builder_version=&#8220;4.16&#8243; global_colors_info=&#8220;{}&#8220;][et_pb_text admin_label=&#8220;\u00dcberschrift&#8220; _builder_version=&#8220;4.16&#8243; global_colors_info=&#8220;{}&#8220;]<\/p>\n<h1><span style=\"color: #c00000;\">Allgemeine Bedingungen und Konditionen<\/span><\/h1>\n<p>[\/et_pb_text][\/et_pb_column][\/et_pb_row][\/et_pb_section][et_pb_section fb_built=&#8220;1&#8243; custom_padding_last_edited=&#8220;on|phone&#8220; admin_label=&#8220;Sektion Footer&#8220; _builder_version=&#8220;4.16.1&#8243; background_color=&#8220;#0070C0&#8243; background_enable_image=&#8220;off&#8220; background_size=&#8220;initial&#8220; background_position=&#8220;top_center&#8220; background_blend=&#8220;soft-light&#8220; custom_margin=&#8220;||||false|false&#8220; custom_padding=&#8220;||||false|false&#8220; custom_padding_tablet=&#8220;||||false|false&#8220; custom_padding_phone=&#8220;||0px||false|false&#8220; global_module=&#8220;205&#8243; saved_tabs=&#8220;all&#8220; locked=&#8220;off&#8220; global_colors_info=&#8220;{}&#8220;][et_pb_row _builder_version=&#8220;4.16.1&#8243; width_tablet=&#8220;&#8220; width_phone=&#8220;95%&#8220; width_last_edited=&#8220;on|phone&#8220; global_colors_info=&#8220;{}&#8220;][et_pb_column type=&#8220;4_4&#8243; _builder_version=&#8220;4.16&#8243; global_colors_info=&#8220;{}&#8220;][et_pb_text _builder_version=&#8220;4.16&#8243; _module_preset=&#8220;default&#8220; text_text_color=&#8220;#FFFFFF&#8220; global_colors_info=&#8220;{}&#8220;]<\/p>\n<h3><span style=\"color: #ffffff;\">Stornierungen<\/span><\/h3>\n<p>Bei Stornierung einer Buchung wird eine Stornogeb\u00fchr von 70 % der Teilnahmegeb\u00fchr erhoben. Bei einer Stornierung innerhalb von 3 Tagen vor Beginn des Trainings werden 100 % der Teilnahmegeb\u00fchr in Rechnung gestellt.<\/p>\n<p>Falls ein\/eine TrainerIn nicht teilnehmen kann, werden wir unser Bestes tun, um eine L\u00f6sung durch eine Verschiebung der Vorlesungen oder einen TrainerIn-Ersatz zu finden. Falls dies nicht m\u00f6glich ist, werden die ausgefallenen Vorlesungen an einem anderen Tag w\u00e4hrend des Kurses oder innerhalb des folgenden Monats nachgeholt. Unter diesen au\u00dfergew\u00f6hnlichen Umst\u00e4nden werden die Kosten der TeilnehmerInnen (z. B. Reisekosten) nicht von der KM Academy \u00fcbernommen.<\/p>\n<p>[\/et_pb_text][et_pb_text admin_label=&#8220;Preise&#8220; _builder_version=&#8220;4.27.5&#8243; _module_preset=&#8220;default&#8220; text_text_color=&#8220;#FFFFFF&#8220; header_font=&#8220;Abril Fatface||||||||&#8220; header_text_color=&#8220;#FFFFFF&#8220; header_3_text_color=&#8220;#FFFFFF&#8220; hover_enabled=&#8220;0&#8243; global_colors_info=&#8220;{}&#8220; sticky_enabled=&#8220;0&#8243;]<\/p>\n<h3>Preise<\/h3>\n<table style=\"width: 100%;\">\n<tbody>\n<tr>\n<td style=\"width: 33.3333%;\"><strong>Kurs<\/strong><\/td>\n<p><strong><\/p>\n<td style=\"width: 33.3333%;\">Preis Online<\/td>\n<p><\/strong> <\/p>\n<td style=\"width: 33.3333%;\"><strong>Preis Pr\u00e4senz<\/strong><\/td>\n<\/tr>\n<tr>\n<td style=\"width: 33.3333%;\"><span style=\"color: #0070c0;\">KM Compact Kurs Kick-off<\/span><\/td>\n<td style=\"width: 33.3333%;\"> <span style=\"color: #0070c0;\">\u20ac 449<\/span> <\/td>\n<td style=\"width: 33.3333%;\"><span style=\"color: #0070c0;\">\u20ac 698<\/span><\/td>\n<\/tr>\n<tr>\n<td style=\"width: 33.3333%;\">KM Essentials Training <\/td>\n<td style=\"width: 33.3333%;\">\u20ac 1.725<\/td>\n<td style=\"width: 33.3333%;\">\u20ac 2.025<\/td>\n<\/tr>\n<tr>\n<td style=\"width: 33.3333%;\"><span style=\"color: #0070c0;\">KM Advanced Training<\/span><\/td>\n<td style=\"width: 33.3333%;\"><span style=\"color: #0070c0;\">\u20ac 1.150<\/span><\/td>\n<td style=\"width: 33.3333%;\"><span style=\"color: #0070c0;\">\u20ac 1.350<\/span><\/td>\n<\/tr>\n<tr>\n<td style=\"width: 33.3333%;\">eint\u00e4gige Spezialseminare<\/td>\n<td style=\"width: 33.3333%;\">\u20ac 449<\/td>\n<td style=\"width: 33.3333%;\">\u20ac 698<\/td>\n<\/tr>\n<tr>\n<td style=\"width: 33.3333%;\"><span style=\"color: #0070c0;\">zweit\u00e4gige Spezialseminare<\/span><\/td>\n<td style=\"width: 33.3333%;\"> <span style=\"color: #0070c0;\">\u20ac 898<\/span> <\/td>\n<td style=\"width: 33.3333%;\"> <span style=\"color: #0070c0;\">\u20ac 1,396<\/span> <\/td>\n<\/tr>\n<tr>\n<td style=\"width: 33.3333%;\">Knowledge Leadership Workout (Halbtag)<\/td>\n<td style=\"width: 33.3333%;\">\u20ac 299<\/td>\n<td style=\"width: 33.3333%;\">\u20ac 399<\/td>\n<\/tr>\n<\/tbody>\n<\/table>\n<p>[\/et_pb_text][et_pb_text _builder_version=&#8220;4.27.5&#8243; _module_preset=&#8220;default&#8220; text_text_color=&#8220;#FFFFFF&#8220; hover_enabled=&#8220;0&#8243; global_colors_info=&#8220;{}&#8220; sticky_enabled=&#8220;0&#8243;]<\/p>\n<p>KM Conceot Coaching f\u00fcr das Zertifikat:<span> \u20ac <\/span>450<\/p>\n<p><strong>Total cost for the Knowledge Management Certification Programme: <\/strong>Online \u20ac 3 325; Vienna f2f \u20ac 3 825<\/p>\n<p>SONDERANGEBOT: 1+1 = 1,5. Der\/die zweite TeilnehmerIn zahlt nur 50 % des Preises. Gemeinsames Lernen verdoppelt den Spa\u00df und halbiert den Preis!<\/p>\n<p>Hinweis: Online-Schulungen sind auf 30 TeilnehmerInnen begrenzt, Pr\u00e4senzschulungen sind auf 15 TeilnehmerInnen begrenzt und beinhalten Mahlzeiten, Erfrischungen und gedrucktes Material.<\/p>\n<p>Die Preise enthalten keine Mehrwertsteuer. Im Preis inbegriffen sind die Teilnahme am Training sowie Lernmaterial, Mahlzeiten und Erfrischungen. Reisekosten und Unterkunft sind nicht inbegriffen, k\u00f6nnen aber von der KM-A organisiert werden.<\/p>\n<p>[\/et_pb_text][\/et_pb_column][\/et_pb_row][\/et_pb_section][et_pb_section fb_built=&#8220;1&#8243; admin_label=&#8220;Footer&#8220; _builder_version=&#8220;4.17.1&#8243; _module_preset=&#8220;cf8cc6d5-1be0-45be-89e4-c7a830cf423f&#8220; background_color=&#8220;#FFFFFF&#8220; background_enable_color=&#8220;off&#8220; background_image=&#8220;https:\/\/km-a.net\/wp-content\/uploads\/2021\/06\/joshua-sortino-LqKhnDzSF-8-unsplash-scaled.jpg&#8220; background_enable_image=&#8220;off&#8220; custom_margin=&#8220;0px||||false|false&#8220; custom_padding=&#8220;1em||1em||true|false&#8220; border_color_all=&#8220;#B1B1B1&#8243; global_module=&#8220;145&#8243; saved_tabs=&#8220;all&#8220; locked=&#8220;off&#8220; global_colors_info=&#8220;{}&#8220;][et_pb_row column_structure=&#8220;1_2,1_2&#8243; _builder_version=&#8220;4.16.1&#8243; width_tablet=&#8220;&#8220; width_phone=&#8220;95%&#8220; width_last_edited=&#8220;on|phone&#8220; locked=&#8220;off&#8220; global_colors_info=&#8220;{}&#8220;][et_pb_column type=&#8220;1_2&#8243; _builder_version=&#8220;4.16&#8243; global_colors_info=&#8220;{}&#8220;][et_pb_image src=&#8220;https:\/\/km-a.net\/wp-content\/uploads\/2022\/04\/cropped-cropped-logo-red-bright.png&#8220; alt=&#8220;Logo KMA Knowledge Management Associates GmbH&#8220; title_text=&#8220;abgeschnitten-abgeschnitten-logo-rot-hell.png&#8220; src_last_edited=&#8220;off|tablet&#8220; disabled_on=&#8220;on|on|off&#8220; _builder_version=&#8220;4.17.3&#8243; _module_preset=&#8220;default&#8220; width=&#8220;30%&#8220; width_tablet=&#8220;31%&#8220; width_phone=&#8220;43%&#8220; width_last_edited=&#8220;on|desktop&#8220; module_alignment=&#8220;left&#8220; module_alignment_tablet=&#8220;&#8220; module_alignment_phone=&#8220;center&#8220; module_alignment_last_edited=&#8220;on|tablet&#8220; global_colors_info=&#8220;{}&#8220;][\/et_pb_image][et_pb_text content_last_edited=&#8220;off|desktop&#8220; _builder_version=&#8220;4.17.3&#8243; text_font=&#8220;||||||||&#8220; text_text_color=&#8220;#FFFFFF&#8220; text_line_height=&#8220;1.4em&#8220; header_4_font=&#8220;|900|||||||&#8220; header_4_text_color=&#8220;#FFFFFF&#8220; header_4_font_size=&#8220;22px&#8220; header_4_line_height=&#8220;1.4em&#8220; custom_margin=&#8220;||0px||false|false&#8220; custom_padding=&#8220;||0.5em||false|false&#8220; global_colors_info=&#8220;{}&#8220;]<\/p>\n<p><span style=\"color: #000000;\">Gersthofer Stra\u00dfe 162,<\/span><br \/><span style=\"color: #000000;\">1180 Wien, \u00d6sterreich<\/span><\/p>\n<p><span style=\"color: #000000;\"><span style=\"color: #c00000;\"><a href=\"mailto:office@km-a.net\" style=\"color: #c00000;\">office@km-a.net<br \/><\/a><\/span>\u00d6sterreich: +43 1 470 29 09 (Fax -34)<br \/>Deutschland: +49 30 555 777 46 (Fax -9)<a href=\"https:\/\/www.linkedin.com\/company\/knowledge-management-associates\"><\/a><\/span><\/p>\n<p>[\/et_pb_text][et_pb_social_media_follow _builder_version=&#8220;4.17.3&#8243; _module_preset=&#8220;default&#8220; text_orientation=&#8220;left&#8220; text_orientation_tablet=&#8220;left&#8220; text_orientation_phone=&#8220;center&#8220; text_orientation_last_edited=&#8220;on|desktop&#8220; global_colors_info=&#8220;{}&#8220;][et_pb_social_media_follow_network social_network=&#8220;twitter&#8220; url=&#8220;https:\/\/twitter.com\/KMA_HQ&#8220; _builder_version=&#8220;4.22.2&#8243; _module_preset=&#8220;default&#8220; background_color=&#8220;#000000&#8243; global_colors_info=&#8220;{}&#8220; follow_button=&#8220;off&#8220; url_new_window=&#8220;on&#8220;]twitter[\/et_pb_social_media_follow_network][et_pb_social_media_follow_network social_network=&#8220;linkedin&#8220; url=&#8220;https:\/\/www.linkedin.com\/company\/knowledge-management-associates&#8220; _builder_version=&#8220;4.17.3&#8243; _module_preset=&#8220;default&#8220; background_color=&#8220;#007bb6&#8243; global_colors_info=&#8220;{}&#8220; follow_button=&#8220;off&#8220; url_new_window=&#8220;on&#8220;]linkedin[\/et_pb_social_media_follow_network][\/et_pb_social_media_follow][\/et_pb_column][et_pb_column type=&#8220;1_2&#8243; _builder_version=&#8220;4.16.1&#8243; global_colors_info=&#8220;{}&#8220;][et_pb_signup mailchimp_list=&#8220;Wissen123|eca3013312&#8243; first_name_field=&#8220;off&#8220; last_name_field=&#8220;off&#8220; success_message=&#8220;Danke f\u00fcr Ihre Anmeldung zum Newsletter!&#8220; title=&#8220;Newsletter&#8220; description=&#8220;<\/p>\n<p>Abonnieren Sie unseren Newsletter und bleiben Sie up-to-date!<\/p>\n<p>&#8220; _builder_version=&#8220;4.27.4&#8243; _module_preset=&#8220;default&#8220; header_text_color=&#8220;#C00000&#8243; body_text_color=&#8220;#444444&#8243; result_message_text_color=&#8220;#007320&#8243; background_color=&#8220;RGBA(0,0,0,0)&#8220; border_radii_fields=&#8220;on|0px|0px|0px|0px&#8220; border_color_all_fields=&#8220;#C00000&#8243; border_width_bottom_fields=&#8220;2px&#8220; global_colors_info=&#8220;{}&#8220;][\/et_pb_signup][\/et_pb_column][\/et_pb_row][\/et_pb_section]<\/p>\n","protected":false},"excerpt":{"rendered":"<p>Allgemeine Bedingungen und KonditionenStornierungen Bei Stornierung einer Buchung wird eine Stornogeb\u00fchr von 70 % der Teilnahmegeb\u00fchr erhoben. Bei einer Stornierung innerhalb von 3 Tagen vor Beginn des Trainings werden 100 % der Teilnahmegeb\u00fchr in Rechnung gestellt. Falls ein\/eine TrainerIn nicht teilnehmen kann, werden wir unser Bestes tun, um eine L\u00f6sung durch eine Verschiebung der Vorlesungen [&hellip;]<\/p>\n","protected":false},"author":1,"featured_media":0,"parent":239089,"menu_order":10,"comment_status":"closed","ping_status":"closed","template":"","meta":{"_et_pb_use_builder":"on","_et_pb_old_content":"","_et_gb_content_width":"","footnotes":""},"class_list":["post-238853","page","type-page","status-publish","hentry"],"yoast_head":"<!-- This site is optimized with the Yoast SEO plugin v27.4 - https:\/\/yoast.com\/product\/yoast-seo-wordpress\/ -->\n<title>Allgemeine Bedingungen und Konditionen - KM-A Knowledge Management Associates<\/title>\n<meta name=\"description\" content=\"The AAA of Knowledge Management. KM-A educates and advises Knowledge Managersand connects the Knowledge Management Community in Austria and the world.\" \/>\n<meta name=\"robots\" content=\"index, follow, max-snippet:-1, max-image-preview:large, max-video-preview:-1\" \/>\n<link rel=\"canonical\" href=\"https:\/\/km-a.net\/de\/bildung-2\/allgemeine-bedingungen-und-konditionen\/\" \/>\n<meta property=\"og:locale\" content=\"de_DE\" \/>\n<meta property=\"og:type\" content=\"article\" \/>\n<meta property=\"og:title\" content=\"Allgemeine Bedingungen und Konditionen - KM-A Knowledge Management Associates\" \/>\n<meta property=\"og:description\" content=\"The AAA of Knowledge Management. KM-A educates and advises Knowledge Managersand connects the Knowledge Management Community in Austria and the world.\" \/>\n<meta property=\"og:url\" content=\"https:\/\/km-a.net\/de\/bildung-2\/allgemeine-bedingungen-und-konditionen\/\" \/>\n<meta property=\"og:site_name\" content=\"KM-A Knowledge Management Associates\" \/>\n<meta property=\"article:modified_time\" content=\"2026-02-13T18:38:49+00:00\" \/>\n<meta name=\"twitter:card\" content=\"summary_large_image\" \/>\n<meta name=\"twitter:site\" content=\"@KMA_HQ\" \/>\n<meta name=\"twitter:label1\" content=\"Gesch\u00e4tzte Lesezeit\" \/>\n\t<meta name=\"twitter:data1\" content=\"5\u00a0Minuten\" \/>\n<script type=\"application\/ld+json\" class=\"yoast-schema-graph\">{\"@context\":\"https:\\\/\\\/schema.org\",\"@graph\":[{\"@type\":\"WebPage\",\"@id\":\"https:\\\/\\\/km-a.net\\\/de\\\/bildung-2\\\/allgemeine-bedingungen-und-konditionen\\\/\",\"url\":\"https:\\\/\\\/km-a.net\\\/de\\\/bildung-2\\\/allgemeine-bedingungen-und-konditionen\\\/\",\"name\":\"Allgemeine Bedingungen und Konditionen - KM-A Knowledge Management Associates\",\"isPartOf\":{\"@id\":\"https:\\\/\\\/km-a.net\\\/de\\\/#website\"},\"datePublished\":\"2021-10-29T15:21:38+00:00\",\"dateModified\":\"2026-02-13T18:38:49+00:00\",\"description\":\"The AAA of Knowledge Management. KM-A educates and advises Knowledge Managersand connects the Knowledge Management Community in Austria and the world.\",\"breadcrumb\":{\"@id\":\"https:\\\/\\\/km-a.net\\\/de\\\/bildung-2\\\/allgemeine-bedingungen-und-konditionen\\\/#breadcrumb\"},\"inLanguage\":\"de\",\"potentialAction\":[{\"@type\":\"ReadAction\",\"target\":[\"https:\\\/\\\/km-a.net\\\/de\\\/bildung-2\\\/allgemeine-bedingungen-und-konditionen\\\/\"]}]},{\"@type\":\"BreadcrumbList\",\"@id\":\"https:\\\/\\\/km-a.net\\\/de\\\/bildung-2\\\/allgemeine-bedingungen-und-konditionen\\\/#breadcrumb\",\"itemListElement\":[{\"@type\":\"ListItem\",\"position\":1,\"name\":\"Home\",\"item\":\"https:\\\/\\\/km-a.net\\\/de\\\/\"},{\"@type\":\"ListItem\",\"position\":2,\"name\":\"Ausbildung\",\"item\":\"https:\\\/\\\/km-a.net\\\/de\\\/bildung-2\\\/\"},{\"@type\":\"ListItem\",\"position\":3,\"name\":\"Allgemeine Bedingungen und Konditionen\"}]},{\"@type\":\"WebSite\",\"@id\":\"https:\\\/\\\/km-a.net\\\/de\\\/#website\",\"url\":\"https:\\\/\\\/km-a.net\\\/de\\\/\",\"name\":\"KM-A Knowledge Management Associates\",\"description\":\"The AAA in Knowledge Management\",\"publisher\":{\"@id\":\"https:\\\/\\\/km-a.net\\\/de\\\/#organization\"},\"alternateName\":\"KM-A\",\"potentialAction\":[{\"@type\":\"SearchAction\",\"target\":{\"@type\":\"EntryPoint\",\"urlTemplate\":\"https:\\\/\\\/km-a.net\\\/de\\\/?s={search_term_string}\"},\"query-input\":{\"@type\":\"PropertyValueSpecification\",\"valueRequired\":true,\"valueName\":\"search_term_string\"}}],\"inLanguage\":\"de\"},{\"@type\":\"Organization\",\"@id\":\"https:\\\/\\\/km-a.net\\\/de\\\/#organization\",\"name\":\"KM-A Knowledge Management Associates GmbH\",\"alternateName\":\"KM-A\",\"url\":\"https:\\\/\\\/km-a.net\\\/de\\\/\",\"logo\":{\"@type\":\"ImageObject\",\"inLanguage\":\"de\",\"@id\":\"https:\\\/\\\/km-a.net\\\/de\\\/#\\\/schema\\\/logo\\\/image\\\/\",\"url\":\"https:\\\/\\\/km-a.net\\\/wp-content\\\/uploads\\\/2022\\\/04\\\/logo-matching-red.png\",\"contentUrl\":\"https:\\\/\\\/km-a.net\\\/wp-content\\\/uploads\\\/2022\\\/04\\\/logo-matching-red.png\",\"width\":512,\"height\":512,\"caption\":\"KM-A Knowledge Management Associates GmbH\"},\"image\":{\"@id\":\"https:\\\/\\\/km-a.net\\\/de\\\/#\\\/schema\\\/logo\\\/image\\\/\"},\"sameAs\":[\"https:\\\/\\\/x.com\\\/KMA_HQ\"]}]}<\/script>\n<!-- \/ Yoast SEO plugin. -->","yoast_head_json":{"title":"Allgemeine Bedingungen und Konditionen - KM-A Knowledge Management Associates","description":"The AAA of Knowledge Management. KM-A educates and advises Knowledge Managersand connects the Knowledge Management Community in Austria and the world.","robots":{"index":"index","follow":"follow","max-snippet":"max-snippet:-1","max-image-preview":"max-image-preview:large","max-video-preview":"max-video-preview:-1"},"canonical":"https:\/\/km-a.net\/de\/bildung-2\/allgemeine-bedingungen-und-konditionen\/","og_locale":"de_DE","og_type":"article","og_title":"Allgemeine Bedingungen und Konditionen - KM-A Knowledge Management Associates","og_description":"The AAA of Knowledge Management. KM-A educates and advises Knowledge Managersand connects the Knowledge Management Community in Austria and the world.","og_url":"https:\/\/km-a.net\/de\/bildung-2\/allgemeine-bedingungen-und-konditionen\/","og_site_name":"KM-A Knowledge Management Associates","article_modified_time":"2026-02-13T18:38:49+00:00","twitter_card":"summary_large_image","twitter_site":"@KMA_HQ","twitter_misc":{"Gesch\u00e4tzte Lesezeit":"5\u00a0Minuten"},"schema":{"@context":"https:\/\/schema.org","@graph":[{"@type":"WebPage","@id":"https:\/\/km-a.net\/de\/bildung-2\/allgemeine-bedingungen-und-konditionen\/","url":"https:\/\/km-a.net\/de\/bildung-2\/allgemeine-bedingungen-und-konditionen\/","name":"Allgemeine Bedingungen und Konditionen - KM-A Knowledge Management Associates","isPartOf":{"@id":"https:\/\/km-a.net\/de\/#website"},"datePublished":"2021-10-29T15:21:38+00:00","dateModified":"2026-02-13T18:38:49+00:00","description":"The AAA of Knowledge Management. KM-A educates and advises Knowledge Managersand connects the Knowledge Management Community in Austria and the world.","breadcrumb":{"@id":"https:\/\/km-a.net\/de\/bildung-2\/allgemeine-bedingungen-und-konditionen\/#breadcrumb"},"inLanguage":"de","potentialAction":[{"@type":"ReadAction","target":["https:\/\/km-a.net\/de\/bildung-2\/allgemeine-bedingungen-und-konditionen\/"]}]},{"@type":"BreadcrumbList","@id":"https:\/\/km-a.net\/de\/bildung-2\/allgemeine-bedingungen-und-konditionen\/#breadcrumb","itemListElement":[{"@type":"ListItem","position":1,"name":"Home","item":"https:\/\/km-a.net\/de\/"},{"@type":"ListItem","position":2,"name":"Ausbildung","item":"https:\/\/km-a.net\/de\/bildung-2\/"},{"@type":"ListItem","position":3,"name":"Allgemeine Bedingungen und Konditionen"}]},{"@type":"WebSite","@id":"https:\/\/km-a.net\/de\/#website","url":"https:\/\/km-a.net\/de\/","name":"KM-A Knowledge Management Associates","description":"The AAA in Knowledge Management","publisher":{"@id":"https:\/\/km-a.net\/de\/#organization"},"alternateName":"KM-A","potentialAction":[{"@type":"SearchAction","target":{"@type":"EntryPoint","urlTemplate":"https:\/\/km-a.net\/de\/?s={search_term_string}"},"query-input":{"@type":"PropertyValueSpecification","valueRequired":true,"valueName":"search_term_string"}}],"inLanguage":"de"},{"@type":"Organization","@id":"https:\/\/km-a.net\/de\/#organization","name":"KM-A Knowledge Management Associates GmbH","alternateName":"KM-A","url":"https:\/\/km-a.net\/de\/","logo":{"@type":"ImageObject","inLanguage":"de","@id":"https:\/\/km-a.net\/de\/#\/schema\/logo\/image\/","url":"https:\/\/km-a.net\/wp-content\/uploads\/2022\/04\/logo-matching-red.png","contentUrl":"https:\/\/km-a.net\/wp-content\/uploads\/2022\/04\/logo-matching-red.png","width":512,"height":512,"caption":"KM-A Knowledge Management Associates GmbH"},"image":{"@id":"https:\/\/km-a.net\/de\/#\/schema\/logo\/image\/"},"sameAs":["https:\/\/x.com\/KMA_HQ"]}]}},"_links":{"self":[{"href":"https:\/\/km-a.net\/de\/wp-json\/wp\/v2\/pages\/238853","targetHints":{"allow":["GET"]}}],"collection":[{"href":"https:\/\/km-a.net\/de\/wp-json\/wp\/v2\/pages"}],"about":[{"href":"https:\/\/km-a.net\/de\/wp-json\/wp\/v2\/types\/page"}],"author":[{"embeddable":true,"href":"https:\/\/km-a.net\/de\/wp-json\/wp\/v2\/users\/1"}],"replies":[{"embeddable":true,"href":"https:\/\/km-a.net\/de\/wp-json\/wp\/v2\/comments?post=238853"}],"version-history":[{"count":24,"href":"https:\/\/km-a.net\/de\/wp-json\/wp\/v2\/pages\/238853\/revisions"}],"predecessor-version":[{"id":242146,"href":"https:\/\/km-a.net\/de\/wp-json\/wp\/v2\/pages\/238853\/revisions\/242146"}],"up":[{"embeddable":true,"href":"https:\/\/km-a.net\/de\/wp-json\/wp\/v2\/pages\/239089"}],"wp:attachment":[{"href":"https:\/\/km-a.net\/de\/wp-json\/wp\/v2\/media?parent=238853"}],"curies":[{"name":"wp","href":"https:\/\/api.w.org\/{rel}","templated":true}]}}