{"id":239048,"date":"2021-12-15T16:38:58","date_gmt":"2021-12-15T15:38:58","guid":{"rendered":"https:\/\/km-a.net\/ueber-km-a\/"},"modified":"2024-04-16T10:11:02","modified_gmt":"2024-04-16T08:11:02","slug":"ueber-km-a","status":"publish","type":"page","link":"https:\/\/km-a.net\/de\/ueber-km-a\/","title":{"rendered":"\u00dcber KM-A"},"content":{"rendered":"<p>[et_pb_section fb_built=&#8220;1&#8243; admin_label=&#8220;Header&#8220; _builder_version=&#8220;4.16.1&#8243; _module_preset=&#8220;d9b26446-1dc8-41fc-9433-3e3c09ce2f79&#8243; locked=&#8220;off&#8220; global_colors_info=&#8220;{}&#8220;][et_pb_row make_equal=&#8220;on&#8220; _builder_version=&#8220;4.16&#8243; height_tablet=&#8220;&#8220; height_phone=&#8220;&#8220; height_last_edited=&#8220;on|phone&#8220; max_height_last_edited=&#8220;off|phone&#8220; global_colors_info=&#8220;{}&#8220;][et_pb_column type=&#8220;4_4&#8243; _builder_version=&#8220;4.16&#8243; global_colors_info=&#8220;{}&#8220;][et_pb_text _builder_version=&#8220;4.17.3&#8243; _module_preset=&#8220;036a58b8-51db-4904-b8ed-010bdcb35a06&#8243; global_colors_info=&#8220;{}&#8220;]<\/p>\n<h1><span style=\"color: #c00000;\">\u00dcber KM-A<\/span><\/h1>\n<p>[\/et_pb_text][\/et_pb_column][\/et_pb_row][\/et_pb_section][et_pb_section fb_built=&#8220;1&#8243; admin_label=&#8220;Pricing&#8220; _builder_version=&#8220;4.16.1&#8243; _module_preset=&#8220;default&#8220; background_enable_mask_style=&#8220;on&#8220; background_mask_style=&#8220;honeycomb&#8220; background_mask_color=&#8220;#0070C0&#8243; background_mask_transform=&#8220;invert|flip_vertical|flip_horizontal&#8220; background_mask_aspect_ratio=&#8220;square&#8220; background_mask_size=&#8220;contain&#8220; background_mask_position=&#8220;bottom_right&#8220; background_mask_horizontal_offset=&#8220;-54%&#8220; global_colors_info=&#8220;{}&#8220;][et_pb_row column_structure=&#8220;2_3,1_3&#8243; custom_padding_last_edited=&#8220;on|phone&#8220; _builder_version=&#8220;4.16.1&#8243; _module_preset=&#8220;default&#8220; background_color=&#8220;RGBA(255,255,255,0)&#8220; background_color_gradient_direction=&#8220;60deg&#8220; z_index=&#8220;9&#8243; width_tablet=&#8220;&#8220; width_phone=&#8220;93%&#8220; width_last_edited=&#8220;on|phone&#8220; custom_margin=&#8220;||0px||false|false&#8220; custom_margin_tablet=&#8220;||60px||false|false&#8220; custom_margin_phone=&#8220;||50px||false|false&#8220; custom_margin_last_edited=&#8220;off|desktop&#8220; custom_padding=&#8220;2em|2em|2em|2em|true|true&#8220; custom_padding_tablet=&#8220;&#8220; custom_padding_phone=&#8220;|20px||20px|true|true&#8220; border_color_all=&#8220;gcid-8f88ab87-1c59-4750-87d0-b00e51f43738&#8243; global_colors_info=&#8220;{%22gcid-a34bf760-c058-4981-98bc-dfe055ae95bb%22:%91%93,%22gcid-8f88ab87-1c59-4750-87d0-b00e51f43738%22:%91%22border_color_all%22%93}&#8220; width__hover_enabled=&#8220;off|desktop&#8220;][et_pb_column type=&#8220;2_3&#8243; _builder_version=&#8220;4.16&#8243; _module_preset=&#8220;default&#8220; custom_padding=&#8220;0px||0px||true|false&#8220; custom_padding_tablet=&#8220;0px||0px||true|false&#8220; custom_padding_phone=&#8220;&#8220; custom_padding_last_edited=&#8220;on|phone&#8220; global_colors_info=&#8220;{}&#8220;][et_pb_text _builder_version=&#8220;4.17.1&#8243; _module_preset=&#8220;9bdfd50c-7d8e-469b-80e5-0a12aace3d29&#8243; header_font=&#8220;||||||||&#8220; header_2_font=&#8220;|600|||||||&#8220; header_4_font=&#8220;Teko|700||on|||||&#8220; header_4_text_color=&#8220;#000000&#8243; header_4_letter_spacing=&#8220;2px&#8220; header_4_line_height=&#8220;1.2em&#8220; background_color=&#8220;#FFFFFF&#8220; custom_margin=&#8220;||2em||false|false&#8220; custom_padding=&#8220;3em|2em|3em|2em|true|true&#8220; header_4_font_size_tablet=&#8220;&#8220; header_4_font_size_phone=&#8220;&#8220; header_4_font_size_last_edited=&#8220;on|desktop&#8220; border_radii=&#8220;on|5px|5px|5px|5px&#8220; box_shadow_style=&#8220;preset1&#8243; global_colors_info=&#8220;{}&#8220;]<\/p>\n<h3><span style=\"color: #c00000;\"><strong>Knowledge Management Associates<\/strong><\/span><\/h3>\n<p>Die KMA Knowledge Management Associates GmbH ber\u00e4t Unternehmen bei der Einf\u00fchrung von Wissensmanagement und bei dessen Leistungssteigerung.<\/p>\n<p>Professionelles KM bedeutet, Wettbewerbsf\u00e4higkeit, Rentabilit\u00e4t, Nachhaltigkeit und Zufriedenheit in den Organisationen zu st\u00e4rken. Wir verfolgen einen integrierten KM-Ansatz: Strategie, Organisation, MitarbeiterInnen und Technologie m\u00fcssen sich gegenseitig erg\u00e4nzen, damit Wissensmanagement zum Erfolg f\u00fchrt. Wir beraten ein breites Spektrum von Organisationen, darunter internationale Unternehmen und Organisationen sowie hochspezialisierte kleine und mittlere Unternehmen und Nichtregierungsorganisationen.<\/p>\n<p>Wir sind in Europa, Asien und Afrika t\u00e4tig und unterst\u00fctzen auch Wissenspartnerschaften und die Zusammenarbeit von Unternehmen f\u00fcr eine nachhaltige Entwicklung.<\/p>\n<h3><span style=\"color: #c00000;\">Knowledge Management Academy<\/span><\/h3>\n<p>Die KM Academy hat Generationen von WissensmanagerInnen in deutscher und englischer Sprache ausgebildet. Der KM Zertifikatslehrgang bietet eine umfassende Ausbildung und Vertiefung in Wissensmanagement. Unsere Online- und Inhouse-Schulungen richten sich an Unternehmen, die bereits ein grundlegendes Verst\u00e4ndnis von Wissensmanagement erworben haben und auf diesem Fundament aufbauen wollen.<\/p>\n<h3><span style=\"color: #c00000;\">Knowledge Management Austria<\/span><\/h3>\n<p>Die Non-Profit-Organisation Knowledge Management Austria \/ Institut f\u00fcr Institute of Knowledge Management bietet wissenschaftliche Grundlagen und innovative Dienstleistungen f\u00fcr das erfolgreiche Management von Wissen in Wirtschaft und Gesellschaft. Die Organisation bietet auch Vernetzungsdienste an, die sowohl PraktikerInnen als auch ForscherInnen im Bereich des Wissensmanagements miteinander verbinden und den Austausch von Erfahrungen und Ideen erm\u00f6glichen, mit dem Ziel, die weitere Verbreitung von Wissen in der KM-Gemeinschaft zu erleichtern.<\/p>\n<h3><span style=\"color: #c00000; font-size: large;\">KM Community<\/span><\/h3>\n<p>KM-A ist stolz darauf, verschiedene Interessengruppen zu den Themen KM, Wissensarbeit und Wissenspolitik zusammenzubringen, von PraktikerInnen und WissenschaftlerInnen bis hin zu InteressenvertreterInnen, AdministratorInnen und PolitikerInnen.<\/p>\n<p>Um dieses Zusammenkommen von FachexpertInnen zu erleichtern, haben wir ein spezielles Forum eingerichtet: die <span style=\"color: #c00000;\"><strong>Wissenspartnerschaft<\/strong><\/span>Die Wissenspartnerschaft wird von Knowledge Management Austria gegr\u00fcndet und getragen, mit dem Auftrag, eine lebendige, effektive und nachhaltige Wissensgemeinschaft, den freien Austausch von Ideen und Erfahrungen sowie Gemeinschaftsinitiativen zu f\u00f6rdern. Die <span style=\"color: #c00000;\"><strong>Agenda Knowledge<\/strong><\/span> Konferenz stellt die Spitze dieser Gemeinschaft dar und bildet somit eine Verbindung zur internationalen KM-Gesellschaft. <\/p>\n<p>[\/et_pb_text][\/et_pb_column][et_pb_column type=&#8220;1_3&#8243; _builder_version=&#8220;4.16&#8243; _module_preset=&#8220;default&#8220; custom_padding=&#8220;0px||0px||true|false&#8220; custom_padding_tablet=&#8220;0px||0px||true|false&#8220; custom_padding_phone=&#8220;&#8220; custom_padding_last_edited=&#8220;on|phone&#8220; global_colors_info=&#8220;{}&#8220;][et_pb_cta title=&#8220;Wissenspartnerschaft&#8220; button_url=&#8220;@ET-DC@eyJkeW5hbWljIjp0cnVlLCJjb250ZW50IjoicG9zdF9saW5rX3VybF9wYWdlIiwic2V0dGluZ3MiOnsicG9zdF9pZCI6IjIzNzI5MyJ9fQ==@&#8220; button_text=&#8220;Mehr erfahren&#8220; _builder_version=&#8220;4.16.1&#8243; _dynamic_attributes=&#8220;button_url&#8220; _module_preset=&#8220;e97f667a-6427-43d0-ae90-79909f72a747&#8243; global_colors_info=&#8220;{}&#8220;]<\/p>\n<p><span>Knowledge Management Associates<\/span><\/p>\n<p>[\/et_pb_cta][et_pb_cta title=&#8220;Mitgliedschaft&#8220; button_url=&#8220;https:\/\/km-a.net\/networking#member&#8220; button_text=&#8220;Mehr erfahren&#8220; _builder_version=&#8220;4.17.3&#8243; _module_preset=&#8220;e97f667a-6427-43d0-ae90-79909f72a747&#8243; global_colors_info=&#8220;{}&#8220;]<\/p>\n<p><span>Werden Sie Mitglied bei KM Austria!<\/span><\/p>\n<p>[\/et_pb_cta][\/et_pb_column][\/et_pb_row][\/et_pb_section][et_pb_section fb_built=&#8220;1&#8243; admin_label=&#8220;Footer&#8220; _builder_version=&#8220;4.17.1&#8243; _module_preset=&#8220;cf8cc6d5-1be0-45be-89e4-c7a830cf423f&#8220; background_color=&#8220;#FFFFFF&#8220; background_enable_color=&#8220;off&#8220; background_image=&#8220;https:\/\/km-a.net\/neu\/wp-content\/uploads\/2021\/06\/joshua-sortino-LqKhnDzSF-8-unsplash-scaled.jpg&#8220; background_enable_image=&#8220;off&#8220; custom_margin=&#8220;0px||||false|false&#8220; custom_padding=&#8220;1em||1em||true|false&#8220; border_color_all=&#8220;#B1B1B1&#8243; global_module=&#8220;145&#8243; saved_tabs=&#8220;all&#8220; locked=&#8220;off&#8220; global_colors_info=&#8220;{}&#8220;][et_pb_row column_structure=&#8220;1_2,1_2&#8243; _builder_version=&#8220;4.16.1&#8243; width_tablet=&#8220;&#8220; width_phone=&#8220;95%&#8220; width_last_edited=&#8220;on|phone&#8220; locked=&#8220;off&#8220; global_colors_info=&#8220;{}&#8220;][et_pb_column type=&#8220;1_2&#8243; _builder_version=&#8220;4.16&#8243; global_colors_info=&#8220;{}&#8220;][et_pb_image src=&#8220;https:\/\/km-a.net\/neu\/wp-content\/uploads\/2022\/04\/cropped-cropped-logo-red-bright.png&#8220; alt=&#8220;Logo KMA Knowledge Management Associates GmbH&#8220; title_text=&#8220;abgeschnitten-abgeschnitten-logo-rot-hell.png&#8220; src_last_edited=&#8220;off|tablet&#8220; disabled_on=&#8220;on|on|off&#8220; _builder_version=&#8220;4.17.3&#8243; _module_preset=&#8220;default&#8220; width=&#8220;30%&#8220; width_tablet=&#8220;31%&#8220; width_phone=&#8220;43%&#8220; width_last_edited=&#8220;on|desktop&#8220; module_alignment=&#8220;left&#8220; module_alignment_tablet=&#8220;&#8220; module_alignment_phone=&#8220;center&#8220; module_alignment_last_edited=&#8220;on|tablet&#8220; global_colors_info=&#8220;{}&#8220;][\/et_pb_image][et_pb_text content_last_edited=&#8220;off|desktop&#8220; _builder_version=&#8220;4.17.3&#8243; text_font=&#8220;||||||||&#8220; text_text_color=&#8220;#FFFFFF&#8220; text_line_height=&#8220;1.4em&#8220; header_4_font=&#8220;|900|||||||&#8220; header_4_text_color=&#8220;#FFFFFF&#8220; header_4_font_size=&#8220;22px&#8220; header_4_line_height=&#8220;1.4em&#8220; custom_margin=&#8220;||0px||false|false&#8220; custom_padding=&#8220;||0.5em||false|false&#8220; global_colors_info=&#8220;{}&#8220;]<\/p>\n<p><span style=\"color: #000000;\">Gersthofer Strasse 162,<\/span><br \/><span style=\"color: #000000;\">1180 Wien, \u00d6sterreich<\/span><\/p>\n<p><span style=\"color: #000000;\"><span style=\"color: #c00000;\"><a href=\"mailto:office@km-a.net\" style=\"color: #c00000;\">office@km-a.net<\/a><\/span><br \/>\u00d6sterreich: +43 664 1451313<br \/>Deutschland: +49 30 555 777 46<a href=\"https:\/\/www.linkedin.com\/company\/knowledge-management-associates\"><\/a><\/span><\/p>\n<p>[\/et_pb_text][et_pb_social_media_follow _builder_version=&#8220;4.17.3&#8243; _module_preset=&#8220;default&#8220; text_orientation=&#8220;left&#8220; text_orientation_tablet=&#8220;left&#8220; text_orientation_phone=&#8220;center&#8220; text_orientation_last_edited=&#8220;on|desktop&#8220; global_colors_info=&#8220;{}&#8220;][et_pb_social_media_follow_network social_network=&#8220;twitter&#8220; url=&#8220;https:\/\/twitter.com\/KMA_HQ&#8220; _builder_version=&#8220;4.17.3&#8243; _module_preset=&#8220;default&#8220; background_color=&#8220;#00aced&#8220; global_colors_info=&#8220;{}&#8220; follow_button=&#8220;off&#8220; url_new_window=&#8220;on&#8220;]twitter[\/et_pb_social_media_follow_network][et_pb_social_media_follow_network social_network=&#8220;linkedin&#8220; url=&#8220;https:\/\/www.linkedin.com\/company\/knowledge-management-associates&#8220; _builder_version=&#8220;4.17.3&#8243; _module_preset=&#8220;default&#8220; background_color=&#8220;#007bb6&#8243; global_colors_info=&#8220;{}&#8220; follow_button=&#8220;off&#8220; url_new_window=&#8220;on&#8220;]linkedin[\/et_pb_social_media_follow_network][\/et_pb_social_media_follow][\/et_pb_column][et_pb_column type=&#8220;1_2&#8243; _builder_version=&#8220;4.16.1&#8243; global_colors_info=&#8220;{}&#8220;][et_pb_signup mailchimp_list=&#8220;wissen123|eca3013312&#8243; first_name_field=&#8220;off&#8220; last_name_field=&#8220;off&#8220; success_message=&#8220;Vielen Dank, dass Sie sich in unsere Mailingliste eingetragen haben!&#8220; title=&#8220;Newsletter&#8220; description=&#8220;<\/p>\n<p>Abonnieren Sie unseren Newsletter und bleiben Sie auf dem Laufenden!<\/p>\n<p>&#8220; _builder_version=&#8220;4.17.3&#8243; _module_preset=&#8220;default&#8220; header_text_color=&#8220;#C00000&#8243; body_text_color=&#8220;#444444&#8243; background_color=&#8220;RGBA(0,0,0,0)&#8220; border_radii_fields=&#8220;on|0px|0px|0px|0px&#8220; border_color_all_fields=&#8220;#C00000&#8243; border_width_bottom_fields=&#8220;2px&#8220; global_colors_info=&#8220;{}&#8220;][\/et_pb_signup][\/et_pb_column][\/et_pb_row][\/et_pb_section]<\/p>\n","protected":false},"excerpt":{"rendered":"<p>\u00dcber KM-AKnowledge Management Associates Die KMA Knowledge Management Associates GmbH ber\u00e4t Unternehmen bei der Einf\u00fchrung von Wissensmanagement und bei dessen Leistungssteigerung. Professionelles KM bedeutet, Wettbewerbsf\u00e4higkeit, Rentabilit\u00e4t, Nachhaltigkeit und Zufriedenheit in den Organisationen zu st\u00e4rken. Wir verfolgen einen integrierten KM-Ansatz: Strategie, Organisation, MitarbeiterInnen und Technologie m\u00fcssen sich gegenseitig erg\u00e4nzen, damit Wissensmanagement zum Erfolg f\u00fchrt. Wir beraten [&hellip;]<\/p>\n","protected":false},"author":3,"featured_media":0,"parent":0,"menu_order":0,"comment_status":"closed","ping_status":"closed","template":"","meta":{"_et_pb_use_builder":"on","_et_pb_old_content":"","_et_gb_content_width":"","footnotes":""},"class_list":["post-239048","page","type-page","status-publish","hentry"],"yoast_head":"<!-- This site is optimized with the Yoast SEO plugin v27.4 - https:\/\/yoast.com\/product\/yoast-seo-wordpress\/ -->\n<title>\u00dcber KM-A - KM-A Knowledge Management Associates<\/title>\n<meta name=\"description\" content=\"KM-A Knowledge Management Associates ber\u00e4t Unternehmen bei der Einf\u00fchrung und Leistungssteigerung ihres Wissensmanagements.\" \/>\n<meta name=\"robots\" content=\"index, follow, max-snippet:-1, max-image-preview:large, max-video-preview:-1\" \/>\n<link rel=\"canonical\" href=\"https:\/\/km-a.net\/de\/ueber-km-a\/\" \/>\n<meta property=\"og:locale\" content=\"de_DE\" \/>\n<meta property=\"og:type\" content=\"article\" \/>\n<meta property=\"og:title\" content=\"\u00dcber KM-A - KM-A Knowledge Management Associates\" \/>\n<meta property=\"og:description\" content=\"KM-A Knowledge Management Associates ber\u00e4t Unternehmen bei der Einf\u00fchrung und Leistungssteigerung ihres Wissensmanagements.\" \/>\n<meta property=\"og:url\" content=\"https:\/\/km-a.net\/de\/ueber-km-a\/\" \/>\n<meta property=\"og:site_name\" content=\"KM-A Knowledge Management Associates\" \/>\n<meta property=\"article:modified_time\" content=\"2024-04-16T08:11:02+00:00\" \/>\n<meta name=\"twitter:card\" content=\"summary_large_image\" \/>\n<meta name=\"twitter:site\" content=\"@KMA_HQ\" \/>\n<meta name=\"twitter:label1\" content=\"Gesch\u00e4tzte Lesezeit\" \/>\n\t<meta name=\"twitter:data1\" content=\"6\u00a0Minuten\" \/>\n<script type=\"application\/ld+json\" class=\"yoast-schema-graph\">{\"@context\":\"https:\\\/\\\/schema.org\",\"@graph\":[{\"@type\":\"WebPage\",\"@id\":\"https:\\\/\\\/km-a.net\\\/de\\\/ueber-km-a\\\/\",\"url\":\"https:\\\/\\\/km-a.net\\\/de\\\/ueber-km-a\\\/\",\"name\":\"\u00dcber KM-A - KM-A Knowledge Management Associates\",\"isPartOf\":{\"@id\":\"https:\\\/\\\/km-a.net\\\/de\\\/#website\"},\"datePublished\":\"2021-12-15T15:38:58+00:00\",\"dateModified\":\"2024-04-16T08:11:02+00:00\",\"description\":\"KM-A Knowledge Management Associates ber\u00e4t Unternehmen bei der Einf\u00fchrung und Leistungssteigerung ihres Wissensmanagements.\",\"breadcrumb\":{\"@id\":\"https:\\\/\\\/km-a.net\\\/de\\\/ueber-km-a\\\/#breadcrumb\"},\"inLanguage\":\"de\",\"potentialAction\":[{\"@type\":\"ReadAction\",\"target\":[\"https:\\\/\\\/km-a.net\\\/de\\\/ueber-km-a\\\/\"]}]},{\"@type\":\"BreadcrumbList\",\"@id\":\"https:\\\/\\\/km-a.net\\\/de\\\/ueber-km-a\\\/#breadcrumb\",\"itemListElement\":[{\"@type\":\"ListItem\",\"position\":1,\"name\":\"Home\",\"item\":\"https:\\\/\\\/km-a.net\\\/de\\\/\"},{\"@type\":\"ListItem\",\"position\":2,\"name\":\"\u00dcber KM-A\"}]},{\"@type\":\"WebSite\",\"@id\":\"https:\\\/\\\/km-a.net\\\/de\\\/#website\",\"url\":\"https:\\\/\\\/km-a.net\\\/de\\\/\",\"name\":\"KM-A Knowledge Management Associates\",\"description\":\"The AAA in Knowledge Management\",\"publisher\":{\"@id\":\"https:\\\/\\\/km-a.net\\\/de\\\/#organization\"},\"alternateName\":\"KM-A\",\"potentialAction\":[{\"@type\":\"SearchAction\",\"target\":{\"@type\":\"EntryPoint\",\"urlTemplate\":\"https:\\\/\\\/km-a.net\\\/de\\\/?s={search_term_string}\"},\"query-input\":{\"@type\":\"PropertyValueSpecification\",\"valueRequired\":true,\"valueName\":\"search_term_string\"}}],\"inLanguage\":\"de\"},{\"@type\":\"Organization\",\"@id\":\"https:\\\/\\\/km-a.net\\\/de\\\/#organization\",\"name\":\"KM-A Knowledge Management Associates GmbH\",\"alternateName\":\"KM-A\",\"url\":\"https:\\\/\\\/km-a.net\\\/de\\\/\",\"logo\":{\"@type\":\"ImageObject\",\"inLanguage\":\"de\",\"@id\":\"https:\\\/\\\/km-a.net\\\/de\\\/#\\\/schema\\\/logo\\\/image\\\/\",\"url\":\"https:\\\/\\\/km-a.net\\\/wp-content\\\/uploads\\\/2022\\\/04\\\/logo-matching-red.png\",\"contentUrl\":\"https:\\\/\\\/km-a.net\\\/wp-content\\\/uploads\\\/2022\\\/04\\\/logo-matching-red.png\",\"width\":512,\"height\":512,\"caption\":\"KM-A Knowledge Management Associates GmbH\"},\"image\":{\"@id\":\"https:\\\/\\\/km-a.net\\\/de\\\/#\\\/schema\\\/logo\\\/image\\\/\"},\"sameAs\":[\"https:\\\/\\\/x.com\\\/KMA_HQ\"]}]}<\/script>\n<!-- \/ Yoast SEO plugin. -->","yoast_head_json":{"title":"\u00dcber KM-A - KM-A Knowledge Management Associates","description":"KM-A Knowledge Management Associates ber\u00e4t Unternehmen bei der Einf\u00fchrung und Leistungssteigerung ihres Wissensmanagements.","robots":{"index":"index","follow":"follow","max-snippet":"max-snippet:-1","max-image-preview":"max-image-preview:large","max-video-preview":"max-video-preview:-1"},"canonical":"https:\/\/km-a.net\/de\/ueber-km-a\/","og_locale":"de_DE","og_type":"article","og_title":"\u00dcber KM-A - KM-A Knowledge Management Associates","og_description":"KM-A Knowledge Management Associates ber\u00e4t Unternehmen bei der Einf\u00fchrung und Leistungssteigerung ihres Wissensmanagements.","og_url":"https:\/\/km-a.net\/de\/ueber-km-a\/","og_site_name":"KM-A Knowledge Management Associates","article_modified_time":"2024-04-16T08:11:02+00:00","twitter_card":"summary_large_image","twitter_site":"@KMA_HQ","twitter_misc":{"Gesch\u00e4tzte Lesezeit":"6\u00a0Minuten"},"schema":{"@context":"https:\/\/schema.org","@graph":[{"@type":"WebPage","@id":"https:\/\/km-a.net\/de\/ueber-km-a\/","url":"https:\/\/km-a.net\/de\/ueber-km-a\/","name":"\u00dcber KM-A - KM-A Knowledge Management Associates","isPartOf":{"@id":"https:\/\/km-a.net\/de\/#website"},"datePublished":"2021-12-15T15:38:58+00:00","dateModified":"2024-04-16T08:11:02+00:00","description":"KM-A Knowledge Management Associates ber\u00e4t Unternehmen bei der Einf\u00fchrung und Leistungssteigerung ihres Wissensmanagements.","breadcrumb":{"@id":"https:\/\/km-a.net\/de\/ueber-km-a\/#breadcrumb"},"inLanguage":"de","potentialAction":[{"@type":"ReadAction","target":["https:\/\/km-a.net\/de\/ueber-km-a\/"]}]},{"@type":"BreadcrumbList","@id":"https:\/\/km-a.net\/de\/ueber-km-a\/#breadcrumb","itemListElement":[{"@type":"ListItem","position":1,"name":"Home","item":"https:\/\/km-a.net\/de\/"},{"@type":"ListItem","position":2,"name":"\u00dcber KM-A"}]},{"@type":"WebSite","@id":"https:\/\/km-a.net\/de\/#website","url":"https:\/\/km-a.net\/de\/","name":"KM-A Knowledge Management Associates","description":"The AAA in Knowledge Management","publisher":{"@id":"https:\/\/km-a.net\/de\/#organization"},"alternateName":"KM-A","potentialAction":[{"@type":"SearchAction","target":{"@type":"EntryPoint","urlTemplate":"https:\/\/km-a.net\/de\/?s={search_term_string}"},"query-input":{"@type":"PropertyValueSpecification","valueRequired":true,"valueName":"search_term_string"}}],"inLanguage":"de"},{"@type":"Organization","@id":"https:\/\/km-a.net\/de\/#organization","name":"KM-A Knowledge Management Associates GmbH","alternateName":"KM-A","url":"https:\/\/km-a.net\/de\/","logo":{"@type":"ImageObject","inLanguage":"de","@id":"https:\/\/km-a.net\/de\/#\/schema\/logo\/image\/","url":"https:\/\/km-a.net\/wp-content\/uploads\/2022\/04\/logo-matching-red.png","contentUrl":"https:\/\/km-a.net\/wp-content\/uploads\/2022\/04\/logo-matching-red.png","width":512,"height":512,"caption":"KM-A Knowledge Management Associates GmbH"},"image":{"@id":"https:\/\/km-a.net\/de\/#\/schema\/logo\/image\/"},"sameAs":["https:\/\/x.com\/KMA_HQ"]}]}},"_links":{"self":[{"href":"https:\/\/km-a.net\/de\/wp-json\/wp\/v2\/pages\/239048","targetHints":{"allow":["GET"]}}],"collection":[{"href":"https:\/\/km-a.net\/de\/wp-json\/wp\/v2\/pages"}],"about":[{"href":"https:\/\/km-a.net\/de\/wp-json\/wp\/v2\/types\/page"}],"author":[{"embeddable":true,"href":"https:\/\/km-a.net\/de\/wp-json\/wp\/v2\/users\/3"}],"replies":[{"embeddable":true,"href":"https:\/\/km-a.net\/de\/wp-json\/wp\/v2\/comments?post=239048"}],"version-history":[{"count":18,"href":"https:\/\/km-a.net\/de\/wp-json\/wp\/v2\/pages\/239048\/revisions"}],"predecessor-version":[{"id":241097,"href":"https:\/\/km-a.net\/de\/wp-json\/wp\/v2\/pages\/239048\/revisions\/241097"}],"wp:attachment":[{"href":"https:\/\/km-a.net\/de\/wp-json\/wp\/v2\/media?parent=239048"}],"curies":[{"name":"wp","href":"https:\/\/api.w.org\/{rel}","templated":true}]}}