{"id":239064,"date":"2022-01-03T12:21:16","date_gmt":"2022-01-03T11:21:16","guid":{"rendered":"https:\/\/km-a.net\/erleichterung-fuer-gemeinschaften-und-msps\/"},"modified":"2025-04-28T15:51:26","modified_gmt":"2025-04-28T13:51:26","slug":"erleichterung-fuer-gemeinschaften-und-msps","status":"publish","type":"page","link":"https:\/\/km-a.net\/de\/bildung-2\/erleichterung-fuer-gemeinschaften-und-msps\/","title":{"rendered":"Moderator von Communities und Wissensnetzwerken"},"content":{"rendered":"<p>[et_pb_section fb_built=&#8220;1&#8243; admin_label=&#8220;Header&#8220; _builder_version=&#8220;4.16.1&#8243; _module_preset=&#8220;d9b26446-1dc8-41fc-9433-3e3c09ce2f79&#8243; locked=&#8220;off&#8220; global_colors_info=&#8220;{}&#8220;][et_pb_row make_equal=&#8220;on&#8220; _builder_version=&#8220;4.16&#8243; height_tablet=&#8220;&#8220; height_phone=&#8220;&#8220; height_last_edited=&#8220;on|phone&#8220; max_height_last_edited=&#8220;off|phone&#8220; global_colors_info=&#8220;{}&#8220;][et_pb_column type=&#8220;4_4&#8243; _builder_version=&#8220;4.16&#8243; global_colors_info=&#8220;{}&#8220;][et_pb_text _builder_version=&#8220;4.17.3&#8243; global_colors_info=&#8220;{}&#8220;]<\/p>\n<h1><span style=\"color: #c00000;\">Werden Sie ein Community-Moderator<\/span><\/h1>\n<p>[\/et_pb_text][\/et_pb_column][\/et_pb_row][\/et_pb_section][et_pb_section fb_built=&#8220;1&#8243; admin_label=&#8220;Pricing&#8220; _builder_version=&#8220;4.16.1&#8243; _module_preset=&#8220;f93e19d5-9645-4e82-af99-46de4d763e63&#8243; global_colors_info=&#8220;{}&#8220;][et_pb_row custom_padding_last_edited=&#8220;on|phone&#8220; _builder_version=&#8220;4.16&#8243; _module_preset=&#8220;default&#8220; background_color=&#8220;#FFFFFF&#8220; background_color_gradient_direction=&#8220;60deg&#8220; z_index=&#8220;9&#8243; width_tablet=&#8220;&#8220; width_phone=&#8220;93%&#8220; width_last_edited=&#8220;on|phone&#8220; custom_margin=&#8220;||0px||false|false&#8220; custom_margin_tablet=&#8220;||60px||false|false&#8220; custom_margin_phone=&#8220;||50px||false|false&#8220; custom_margin_last_edited=&#8220;off|desktop&#8220; custom_padding=&#8220;2em|2em|2em|2em|true|true&#8220; custom_padding_tablet=&#8220;&#8220; custom_padding_phone=&#8220;|20px||20px|true|true&#8220; border_color_all=&#8220;gcid-8f88ab87-1c59-4750-87d0-b00e51f43738&#8243; box_shadow_style=&#8220;preset3&#8243; box_shadow_horizontal=&#8220;24px&#8220; box_shadow_vertical=&#8220;32px&#8220; box_shadow_blur=&#8220;64px&#8220; box_shadow_spread=&#8220;-24px&#8220; box_shadow_color=&#8220;rgba(0,0,0,0.12)&#8220; global_colors_info=&#8220;{%22gcid-a34bf760-c058-4981-98bc-dfe055ae95bb%22:%91%93,%22gcid-8f88ab87-1c59-4750-87d0-b00e51f43738%22:%91%22border_color_all%22%93}&#8220; width__hover_enabled=&#8220;off|desktop&#8220;][et_pb_column type=&#8220;4_4&#8243; _builder_version=&#8220;4.16&#8243; _module_preset=&#8220;default&#8220; custom_padding=&#8220;0px||0px||true|false&#8220; custom_padding_tablet=&#8220;0px||0px||true|false&#8220; custom_padding_phone=&#8220;&#8220; custom_padding_last_edited=&#8220;on|phone&#8220; global_colors_info=&#8220;{}&#8220;][et_pb_text _builder_version=&#8220;4.21.0&#8243; _module_preset=&#8220;9bdfd50c-7d8e-469b-80e5-0a12aace3d29&#8243; header_font=&#8220;||||||||&#8220; header_2_font=&#8220;|600|||||||&#8220; header_2_text_color=&#8220;#C00000&#8243; header_3_text_color=&#8220;#C00000&#8243; header_4_font=&#8220;Teko|700||on|||||&#8220; header_4_text_color=&#8220;#C00000&#8243; header_4_letter_spacing=&#8220;2px&#8220; header_4_line_height=&#8220;1.2em&#8220; max_width=&#8220;100%&#8220; custom_margin=&#8220;||2em||false|false&#8220; header_4_font_size_tablet=&#8220;&#8220; header_4_font_size_phone=&#8220;&#8220; header_4_font_size_last_edited=&#8220;on|desktop&#8220; global_colors_info=&#8220;{}&#8220;]<\/p>\n<h2>Communities und Multi-Stakeholder-Partnerschaften moderieren<\/h2>\n<h3><strong><\/strong><\/h3>\n<h3><strong>Wie l\u00e4sst sich das Potenzial von Communities und Partnerschaften voll aussch\u00f6pfen?<\/strong><\/h3>\n<p>Communities of Practice und Wissenspartnerschaften sind wirkungsvolle Instrumente, um das Wissen einer gr\u00f6\u00dferen Gruppe von Menschen aus der gesamten Organisation oder sogar weit dar\u00fcber hinaus zu nutzen. Die Moderation von Gemeinschaften erfordert besondere F\u00e4higkeiten und Methoden, da sie auf freiwilliger Beteiligung und einer gro\u00dfen Vielfalt beruht:hinsichtlich Rollen, Zielen, Kontexten, F\u00e4higkeiten, Ressourcen usw. Vielfalt ist jedoch eine St\u00e4rke von Gemeinschaften, wenn sie professionell gehandhabt wird. Einf\u00fchlungsverm\u00f6gen ist eine unabdingbare Voraussetzung, reicht aber nicht aus. Es erfordert eine starke Kommunikation mit verschiedenen Partnern, ein ausgewogenes Verh\u00e4ltnis zwischen Beitr\u00e4gen und Ergebnissen, die Anwendung einer Mischung von Methoden und Instrumenten, das Streben nach einer gemeinsamen Vision und gemeinsamen Erfolgen, die Rechtfertigung der aufgewendeten Anstrengungen\/Zeit sowie das Verkaufen und Feiern von Erfolgen. Dieses Training hilft Ihnen, ein\/e gro\u00dfartiger Community ModeratorIn zu werden und das Maximum aus Ihren Communities herauszuholen.<\/p>\n<h3><\/h3>\n<h3>Wer sollte teilnehmen &#8211; und warum?<\/h3>\n<ul>\n<li>WissensmanagerInnen, die als Community ModeratorInnen agieren oder sie unterst\u00fctzen wollen<\/li>\n<li>Community ModeratorInnen und ManagerInnen von MSPs; diejenigen, die diese Position anstreben<\/li>\n<li>FachexpertInnen, die eine treibende Rolle in Gemeinschaften, Netzwerken und Partnerschaften spielen wollen<\/li>\n<\/ul>\n<h3><\/h3>\n<h3>Lerninhalte<\/h3>\n<ul>\n<li>Verstehen der Grunds\u00e4tze, Herausforderungen, Erfolgsfaktoren und Ans\u00e4tze<\/li>\n<li>Anwendung partizipativer Methoden, wie World Caf\u00e9, Open Space, Art Walking, Peer Consulting<\/li>\n<li>Entwicklung intelligenter Wissensprodukte und -dienste f\u00fcr eine bessere Sichtbarkeit von Communities of Practice<\/li>\n<li>Lernen Sie IT-Tools zur Unterst\u00fctzung von Gemeinschaften kennen und erfahren Sie, wie Sie das Maximum aus ihnen herausholen k\u00f6nnen.<\/li>\n<\/ul>\n<h3><\/h3>\n<h3>TrainerInnen<\/h3>\n<p>Andreas Brandner, Petra Herout und Sarah Cummings<\/p>\n<h3><\/h3>\n<h3>Termine und Ort<\/h3>\n<p><span>17. Oktober 2025 (Englisch, online)<\/span><\/p>\n<h3><\/h3>\n<h3>Preis<\/h3>\n<p>Online: <span>\u20ac <\/span>550<\/p>\n<h3><\/h3>\n<h3>Anmeldung<\/h3>\n<p>Registrieren Sie sich hier oder senden Sie eine E-Mail an <a href=\"mailto:academy@km-a.net\">academy@km-a.net<\/a> oder rufen Sie uns an: <a href=\"tel:+43%201%204702909\">+43 1 4702909<\/a><\/p>\n<p>[\/et_pb_text][et_pb_button button_url=&#8220;@ET-DC@eyJkeW5hbWljIjp0cnVlLCJjb250ZW50IjoicG9zdF9saW5rX3VybF9wYWdlIiwic2V0dGluZ3MiOnsicG9zdF9pZCI6IjM5OCIsImVuYWJsZV9odG1sIjoib2ZmIn19@&#8220; button_text=&#8220;Kurs buchen&#8220; _builder_version=&#8220;4.21.0&#8243; _dynamic_attributes=&#8220;button_url&#8220; _module_preset=&#8220;default&#8220; global_colors_info=&#8220;{}&#8220;][\/et_pb_button][\/et_pb_column][\/et_pb_row][\/et_pb_section][et_pb_section fb_built=&#8220;1&#8243; admin_label=&#8220;Pricing&#8220; _builder_version=&#8220;4.16.1&#8243; _module_preset=&#8220;12301466-88fd-4bf6-8152-1d8bdecf230b&#8220; background_mask_transform=&#8220;invert|rotate_90_degree|flip_horizontal&#8220; background_mask_size=&#8220;custom&#8220; background_mask_width=&#8220;68%&#8220; background_mask_height=&#8220;0%&#8220; background_mask_position=&#8220;center_right&#8220; background_mask_horizontal_offset=&#8220;100%&#8220; global_colors_info=&#8220;{}&#8220;][et_pb_row _builder_version=&#8220;4.16.1&#8243; _module_preset=&#8220;default&#8220; global_colors_info=&#8220;{}&#8220;][et_pb_column type=&#8220;4_4&#8243; _builder_version=&#8220;4.16.1&#8243; _module_preset=&#8220;default&#8220; global_colors_info=&#8220;{}&#8220;][et_pb_blurb title=&#8220;Sonderangebot: 1+1=1.5&#8243; _builder_version=&#8220;4.16.1&#8243; _module_preset=&#8220;6f9ba77d-4049-4272-8a7a-4dcd575b8aab&#8220; header_text_align=&#8220;center&#8220; custom_margin=&#8220;0px||0px||false|false&#8220; box_shadow_color=&#8220;#878787&#8243; global_colors_info=&#8220;{}&#8220;]<\/p>\n<p style=\"text-align: center;\">Gemeinsames Lernen verdoppelt den Spa\u00df und halbiert den Preis. Der\/die zweite TeilnehmerIn zahlt nur 50% des Preises!<\/p>\n<p>[\/et_pb_blurb][\/et_pb_column][\/et_pb_row][\/et_pb_section][et_pb_section fb_built=&#8220;1&#8243; admin_label=&#8220;Footer&#8220; _builder_version=&#8220;4.17.1&#8243; _module_preset=&#8220;cf8cc6d5-1be0-45be-89e4-c7a830cf423f&#8220; background_color=&#8220;#FFFFFF&#8220; background_enable_color=&#8220;off&#8220; background_image=&#8220;https:\/\/km-a.net\/neu\/wp-content\/uploads\/2021\/06\/joshua-sortino-LqKhnDzSF-8-unsplash-scaled.jpg&#8220; background_enable_image=&#8220;off&#8220; custom_margin=&#8220;0px||||false|false&#8220; custom_padding=&#8220;1em||1em||true|false&#8220; border_color_all=&#8220;#B1B1B1&#8243; global_module=&#8220;145&#8243; saved_tabs=&#8220;all&#8220; locked=&#8220;off&#8220; global_colors_info=&#8220;{}&#8220;][et_pb_row column_structure=&#8220;1_2,1_2&#8243; _builder_version=&#8220;4.16.1&#8243; width_tablet=&#8220;&#8220; width_phone=&#8220;95%&#8220; width_last_edited=&#8220;on|phone&#8220; locked=&#8220;off&#8220; global_colors_info=&#8220;{}&#8220;][et_pb_column type=&#8220;1_2&#8243; _builder_version=&#8220;4.16&#8243; global_colors_info=&#8220;{}&#8220;][et_pb_image src=&#8220;https:\/\/km-a.net\/neu\/wp-content\/uploads\/2022\/04\/cropped-cropped-logo-red-bright.png&#8220; alt=&#8220;Logo KMA Knowledge Management Associates GmbH&#8220; title_text=&#8220;abgeschnitten-abgeschnitten-logo-rot-hell.png&#8220; src_last_edited=&#8220;off|tablet&#8220; disabled_on=&#8220;on|on|off&#8220; _builder_version=&#8220;4.17.3&#8243; _module_preset=&#8220;default&#8220; width=&#8220;30%&#8220; width_tablet=&#8220;31%&#8220; width_phone=&#8220;43%&#8220; width_last_edited=&#8220;on|desktop&#8220; module_alignment=&#8220;left&#8220; module_alignment_tablet=&#8220;&#8220; module_alignment_phone=&#8220;center&#8220; module_alignment_last_edited=&#8220;on|tablet&#8220; global_colors_info=&#8220;{}&#8220;][\/et_pb_image][et_pb_text content_last_edited=&#8220;off|desktop&#8220; _builder_version=&#8220;4.17.3&#8243; text_font=&#8220;||||||||&#8220; text_text_color=&#8220;#FFFFFF&#8220; text_line_height=&#8220;1.4em&#8220; header_4_font=&#8220;|900|||||||&#8220; header_4_text_color=&#8220;#FFFFFF&#8220; header_4_font_size=&#8220;22px&#8220; header_4_line_height=&#8220;1.4em&#8220; custom_margin=&#8220;||0px||false|false&#8220; custom_padding=&#8220;||0.5em||false|false&#8220; global_colors_info=&#8220;{}&#8220;]<\/p>\n<p><span style=\"color: #000000;\">Gersthofer Stra\u00dfe 162,<\/span><br \/><span style=\"color: #000000;\">1180 Wien, Austria<\/span><\/p>\n<p><span style=\"color: #000000;\"><span style=\"color: #c00000;\"><a href=\"mailto:office@km-a.net\" style=\"color: #c00000;\">office@km-a.net<\/a><\/span><br \/>Austria: +43 1 4702909<br \/>Germany: +49 30 555 777 46<a href=\"https:\/\/www.linkedin.com\/company\/knowledge-management-associates\"><\/a><\/span><\/p>\n<p>[\/et_pb_text][et_pb_social_media_follow _builder_version=&#8220;4.17.3&#8243; _module_preset=&#8220;default&#8220; text_orientation=&#8220;left&#8220; text_orientation_tablet=&#8220;left&#8220; text_orientation_phone=&#8220;center&#8220; text_orientation_last_edited=&#8220;on|desktop&#8220; global_colors_info=&#8220;{}&#8220;][et_pb_social_media_follow_network social_network=&#8220;twitter&#8220; url=&#8220;https:\/\/twitter.com\/KMA_HQ&#8220; _builder_version=&#8220;4.22.2&#8243; _module_preset=&#8220;default&#8220; background_color=&#8220;#000000&#8243; global_colors_info=&#8220;{}&#8220; follow_button=&#8220;off&#8220; url_new_window=&#8220;on&#8220;]twitter[\/et_pb_social_media_follow_network][et_pb_social_media_follow_network social_network=&#8220;linkedin&#8220; url=&#8220;https:\/\/www.linkedin.com\/company\/knowledge-management-associates&#8220; _builder_version=&#8220;4.17.3&#8243; _module_preset=&#8220;default&#8220; background_color=&#8220;#007bb6&#8243; global_colors_info=&#8220;{}&#8220; follow_button=&#8220;off&#8220; url_new_window=&#8220;on&#8220;]linkedin[\/et_pb_social_media_follow_network][\/et_pb_social_media_follow][\/et_pb_column][et_pb_column type=&#8220;1_2&#8243; _builder_version=&#8220;4.16.1&#8243; global_colors_info=&#8220;{}&#8220;][et_pb_signup mailchimp_list=&#8220;wissen123|eca3013312&#8243; first_name_field=&#8220;off&#8220; last_name_field=&#8220;off&#8220; success_message=&#8220;Vielen Dank, dass Sie sich in unsere Mailingliste eingetragen haben!&#8220; title=&#8220;Newsletter&#8220; description=&#8220;<\/p>\n<\/p>\n<p>Abonnieren Sie unseren Newsletter und bleiben Sie up-to-date!<\/p>\n<\/p>\n<p>&#8220; _builder_version=&#8220;4.27.0&#8243; _module_preset=&#8220;default&#8220; header_text_color=&#8220;#C00000&#8243; body_text_color=&#8220;#444444&#8243; background_color=&#8220;RGBA(0,0,0,0)&#8220; border_radii_fields=&#8220;on|0px|0px|0px|0px&#8220; border_color_all_fields=&#8220;#C00000&#8243; border_width_bottom_fields=&#8220;2px&#8220; global_colors_info=&#8220;{}&#8220;][\/et_pb_signup][\/et_pb_column][\/et_pb_row][\/et_pb_section]<\/p>\n","protected":false},"excerpt":{"rendered":"<p>Werden Sie ein Community-ModeratorCommunities und Multi-Stakeholder-Partnerschaften moderieren Wie l\u00e4sst sich das Potenzial von Communities und Partnerschaften voll aussch\u00f6pfen? Communities of Practice und Wissenspartnerschaften sind wirkungsvolle Instrumente, um das Wissen einer gr\u00f6\u00dferen Gruppe von Menschen aus der gesamten Organisation oder sogar weit dar\u00fcber hinaus zu nutzen. Die Moderation von Gemeinschaften erfordert besondere F\u00e4higkeiten und Methoden, da [&hellip;]<\/p>\n","protected":false},"author":3,"featured_media":0,"parent":239089,"menu_order":4,"comment_status":"closed","ping_status":"closed","template":"","meta":{"_et_pb_use_builder":"on","_et_pb_old_content":"","_et_gb_content_width":"","footnotes":""},"class_list":["post-239064","page","type-page","status-publish","hentry"],"yoast_head":"<!-- This site is optimized with the Yoast SEO plugin v27.4 - https:\/\/yoast.com\/product\/yoast-seo-wordpress\/ -->\n<title>Moderator von Communities und Wissensnetzwerken - KM-A Knowledge Management Associates<\/title>\n<meta name=\"description\" content=\"The AAA of Knowledge Management. KM-A educates and advises Knowledge Managersand connects the Knowledge Management Community in Austria and the world.\" \/>\n<meta name=\"robots\" content=\"index, follow, max-snippet:-1, max-image-preview:large, max-video-preview:-1\" \/>\n<link rel=\"canonical\" href=\"https:\/\/km-a.net\/de\/bildung-2\/erleichterung-fuer-gemeinschaften-und-msps\/\" \/>\n<meta property=\"og:locale\" content=\"de_DE\" \/>\n<meta property=\"og:type\" content=\"article\" \/>\n<meta property=\"og:title\" content=\"Moderator von Communities und Wissensnetzwerken - KM-A Knowledge Management Associates\" \/>\n<meta property=\"og:description\" content=\"The AAA of Knowledge Management. KM-A educates and advises Knowledge Managersand connects the Knowledge Management Community in Austria and the world.\" \/>\n<meta property=\"og:url\" content=\"https:\/\/km-a.net\/de\/bildung-2\/erleichterung-fuer-gemeinschaften-und-msps\/\" \/>\n<meta property=\"og:site_name\" content=\"KM-A Knowledge Management Associates\" \/>\n<meta property=\"article:modified_time\" content=\"2025-04-28T13:51:26+00:00\" \/>\n<meta name=\"twitter:card\" content=\"summary_large_image\" \/>\n<meta name=\"twitter:site\" content=\"@KMA_HQ\" \/>\n<meta name=\"twitter:label1\" content=\"Gesch\u00e4tzte Lesezeit\" \/>\n\t<meta name=\"twitter:data1\" content=\"6\u00a0Minuten\" \/>\n<script type=\"application\/ld+json\" class=\"yoast-schema-graph\">{\"@context\":\"https:\\\/\\\/schema.org\",\"@graph\":[{\"@type\":\"WebPage\",\"@id\":\"https:\\\/\\\/km-a.net\\\/de\\\/bildung-2\\\/erleichterung-fuer-gemeinschaften-und-msps\\\/\",\"url\":\"https:\\\/\\\/km-a.net\\\/de\\\/bildung-2\\\/erleichterung-fuer-gemeinschaften-und-msps\\\/\",\"name\":\"Moderator von Communities und Wissensnetzwerken - KM-A Knowledge Management Associates\",\"isPartOf\":{\"@id\":\"https:\\\/\\\/km-a.net\\\/de\\\/#website\"},\"datePublished\":\"2022-01-03T11:21:16+00:00\",\"dateModified\":\"2025-04-28T13:51:26+00:00\",\"description\":\"The AAA of Knowledge Management. KM-A educates and advises Knowledge Managersand connects the Knowledge Management Community in Austria and the world.\",\"breadcrumb\":{\"@id\":\"https:\\\/\\\/km-a.net\\\/de\\\/bildung-2\\\/erleichterung-fuer-gemeinschaften-und-msps\\\/#breadcrumb\"},\"inLanguage\":\"de\",\"potentialAction\":[{\"@type\":\"ReadAction\",\"target\":[\"https:\\\/\\\/km-a.net\\\/de\\\/bildung-2\\\/erleichterung-fuer-gemeinschaften-und-msps\\\/\"]}]},{\"@type\":\"BreadcrumbList\",\"@id\":\"https:\\\/\\\/km-a.net\\\/de\\\/bildung-2\\\/erleichterung-fuer-gemeinschaften-und-msps\\\/#breadcrumb\",\"itemListElement\":[{\"@type\":\"ListItem\",\"position\":1,\"name\":\"Home\",\"item\":\"https:\\\/\\\/km-a.net\\\/de\\\/\"},{\"@type\":\"ListItem\",\"position\":2,\"name\":\"Ausbildung\",\"item\":\"https:\\\/\\\/km-a.net\\\/de\\\/bildung-2\\\/\"},{\"@type\":\"ListItem\",\"position\":3,\"name\":\"Moderator von Communities und Wissensnetzwerken\"}]},{\"@type\":\"WebSite\",\"@id\":\"https:\\\/\\\/km-a.net\\\/de\\\/#website\",\"url\":\"https:\\\/\\\/km-a.net\\\/de\\\/\",\"name\":\"KM-A Knowledge Management Associates\",\"description\":\"The AAA in Knowledge Management\",\"publisher\":{\"@id\":\"https:\\\/\\\/km-a.net\\\/de\\\/#organization\"},\"alternateName\":\"KM-A\",\"potentialAction\":[{\"@type\":\"SearchAction\",\"target\":{\"@type\":\"EntryPoint\",\"urlTemplate\":\"https:\\\/\\\/km-a.net\\\/de\\\/?s={search_term_string}\"},\"query-input\":{\"@type\":\"PropertyValueSpecification\",\"valueRequired\":true,\"valueName\":\"search_term_string\"}}],\"inLanguage\":\"de\"},{\"@type\":\"Organization\",\"@id\":\"https:\\\/\\\/km-a.net\\\/de\\\/#organization\",\"name\":\"KM-A Knowledge Management Associates GmbH\",\"alternateName\":\"KM-A\",\"url\":\"https:\\\/\\\/km-a.net\\\/de\\\/\",\"logo\":{\"@type\":\"ImageObject\",\"inLanguage\":\"de\",\"@id\":\"https:\\\/\\\/km-a.net\\\/de\\\/#\\\/schema\\\/logo\\\/image\\\/\",\"url\":\"https:\\\/\\\/km-a.net\\\/wp-content\\\/uploads\\\/2022\\\/04\\\/logo-matching-red.png\",\"contentUrl\":\"https:\\\/\\\/km-a.net\\\/wp-content\\\/uploads\\\/2022\\\/04\\\/logo-matching-red.png\",\"width\":512,\"height\":512,\"caption\":\"KM-A Knowledge Management Associates GmbH\"},\"image\":{\"@id\":\"https:\\\/\\\/km-a.net\\\/de\\\/#\\\/schema\\\/logo\\\/image\\\/\"},\"sameAs\":[\"https:\\\/\\\/x.com\\\/KMA_HQ\"]}]}<\/script>\n<!-- \/ Yoast SEO plugin. -->","yoast_head_json":{"title":"Moderator von Communities und Wissensnetzwerken - KM-A Knowledge Management Associates","description":"The AAA of Knowledge Management. KM-A educates and advises Knowledge Managersand connects the Knowledge Management Community in Austria and the world.","robots":{"index":"index","follow":"follow","max-snippet":"max-snippet:-1","max-image-preview":"max-image-preview:large","max-video-preview":"max-video-preview:-1"},"canonical":"https:\/\/km-a.net\/de\/bildung-2\/erleichterung-fuer-gemeinschaften-und-msps\/","og_locale":"de_DE","og_type":"article","og_title":"Moderator von Communities und Wissensnetzwerken - KM-A Knowledge Management Associates","og_description":"The AAA of Knowledge Management. KM-A educates and advises Knowledge Managersand connects the Knowledge Management Community in Austria and the world.","og_url":"https:\/\/km-a.net\/de\/bildung-2\/erleichterung-fuer-gemeinschaften-und-msps\/","og_site_name":"KM-A Knowledge Management Associates","article_modified_time":"2025-04-28T13:51:26+00:00","twitter_card":"summary_large_image","twitter_site":"@KMA_HQ","twitter_misc":{"Gesch\u00e4tzte Lesezeit":"6\u00a0Minuten"},"schema":{"@context":"https:\/\/schema.org","@graph":[{"@type":"WebPage","@id":"https:\/\/km-a.net\/de\/bildung-2\/erleichterung-fuer-gemeinschaften-und-msps\/","url":"https:\/\/km-a.net\/de\/bildung-2\/erleichterung-fuer-gemeinschaften-und-msps\/","name":"Moderator von Communities und Wissensnetzwerken - KM-A Knowledge Management Associates","isPartOf":{"@id":"https:\/\/km-a.net\/de\/#website"},"datePublished":"2022-01-03T11:21:16+00:00","dateModified":"2025-04-28T13:51:26+00:00","description":"The AAA of Knowledge Management. KM-A educates and advises Knowledge Managersand connects the Knowledge Management Community in Austria and the world.","breadcrumb":{"@id":"https:\/\/km-a.net\/de\/bildung-2\/erleichterung-fuer-gemeinschaften-und-msps\/#breadcrumb"},"inLanguage":"de","potentialAction":[{"@type":"ReadAction","target":["https:\/\/km-a.net\/de\/bildung-2\/erleichterung-fuer-gemeinschaften-und-msps\/"]}]},{"@type":"BreadcrumbList","@id":"https:\/\/km-a.net\/de\/bildung-2\/erleichterung-fuer-gemeinschaften-und-msps\/#breadcrumb","itemListElement":[{"@type":"ListItem","position":1,"name":"Home","item":"https:\/\/km-a.net\/de\/"},{"@type":"ListItem","position":2,"name":"Ausbildung","item":"https:\/\/km-a.net\/de\/bildung-2\/"},{"@type":"ListItem","position":3,"name":"Moderator von Communities und Wissensnetzwerken"}]},{"@type":"WebSite","@id":"https:\/\/km-a.net\/de\/#website","url":"https:\/\/km-a.net\/de\/","name":"KM-A Knowledge Management Associates","description":"The AAA in Knowledge Management","publisher":{"@id":"https:\/\/km-a.net\/de\/#organization"},"alternateName":"KM-A","potentialAction":[{"@type":"SearchAction","target":{"@type":"EntryPoint","urlTemplate":"https:\/\/km-a.net\/de\/?s={search_term_string}"},"query-input":{"@type":"PropertyValueSpecification","valueRequired":true,"valueName":"search_term_string"}}],"inLanguage":"de"},{"@type":"Organization","@id":"https:\/\/km-a.net\/de\/#organization","name":"KM-A Knowledge Management Associates GmbH","alternateName":"KM-A","url":"https:\/\/km-a.net\/de\/","logo":{"@type":"ImageObject","inLanguage":"de","@id":"https:\/\/km-a.net\/de\/#\/schema\/logo\/image\/","url":"https:\/\/km-a.net\/wp-content\/uploads\/2022\/04\/logo-matching-red.png","contentUrl":"https:\/\/km-a.net\/wp-content\/uploads\/2022\/04\/logo-matching-red.png","width":512,"height":512,"caption":"KM-A Knowledge Management Associates GmbH"},"image":{"@id":"https:\/\/km-a.net\/de\/#\/schema\/logo\/image\/"},"sameAs":["https:\/\/x.com\/KMA_HQ"]}]}},"_links":{"self":[{"href":"https:\/\/km-a.net\/de\/wp-json\/wp\/v2\/pages\/239064","targetHints":{"allow":["GET"]}}],"collection":[{"href":"https:\/\/km-a.net\/de\/wp-json\/wp\/v2\/pages"}],"about":[{"href":"https:\/\/km-a.net\/de\/wp-json\/wp\/v2\/types\/page"}],"author":[{"embeddable":true,"href":"https:\/\/km-a.net\/de\/wp-json\/wp\/v2\/users\/3"}],"replies":[{"embeddable":true,"href":"https:\/\/km-a.net\/de\/wp-json\/wp\/v2\/comments?post=239064"}],"version-history":[{"count":22,"href":"https:\/\/km-a.net\/de\/wp-json\/wp\/v2\/pages\/239064\/revisions"}],"predecessor-version":[{"id":241432,"href":"https:\/\/km-a.net\/de\/wp-json\/wp\/v2\/pages\/239064\/revisions\/241432"}],"up":[{"embeddable":true,"href":"https:\/\/km-a.net\/de\/wp-json\/wp\/v2\/pages\/239089"}],"wp:attachment":[{"href":"https:\/\/km-a.net\/de\/wp-json\/wp\/v2\/media?parent=239064"}],"curies":[{"name":"wp","href":"https:\/\/api.w.org\/{rel}","templated":true}]}}