{"id":239099,"date":"2022-04-19T13:27:38","date_gmt":"2022-04-19T11:27:38","guid":{"rendered":"https:\/\/km-a.net\/km-bewertung\/"},"modified":"2023-06-01T19:56:02","modified_gmt":"2023-06-01T17:56:02","slug":"km-bewertung","status":"publish","type":"page","link":"https:\/\/km-a.net\/de\/beratung-2\/km-bewertung\/","title":{"rendered":"KM-Bewertung"},"content":{"rendered":"<p>[et_pb_section fb_built=&#8220;1&#8243; admin_label=&#8220;Header&#8220; _builder_version=&#8220;4.16.1&#8243; _module_preset=&#8220;d9b26446-1dc8-41fc-9433-3e3c09ce2f79&#8243; locked=&#8220;off&#8220; global_colors_info=&#8220;{}&#8220;][et_pb_row make_equal=&#8220;on&#8220; _builder_version=&#8220;4.16&#8243; height_tablet=&#8220;&#8220; height_phone=&#8220;&#8220; height_last_edited=&#8220;on|phone&#8220; max_height_last_edited=&#8220;off|phone&#8220; global_colors_info=&#8220;{}&#8220;][et_pb_column type=&#8220;4_4&#8243; _builder_version=&#8220;4.16&#8243; global_colors_info=&#8220;{}&#8220;][et_pb_text _builder_version=&#8220;4.16.1&#8243; header_font=&#8220;|900|||||||&#8220; header_font_size=&#8220;70px&#8220; background_layout=&#8220;dark&#8220; max_width=&#8220;760px&#8220; custom_margin=&#8220;||||false|false&#8220; header_font_size_tablet=&#8220;70px&#8220; header_font_size_phone=&#8220;41px&#8220; header_font_size_last_edited=&#8220;on|phone&#8220; global_colors_info=&#8220;{}&#8220;]<\/p>\n<h1><span style=\"color: #c00000;\">KM Bewertung<\/span><\/h1>\n<p>[\/et_pb_text][\/et_pb_column][\/et_pb_row][\/et_pb_section][et_pb_section fb_built=&#8220;1&#8243; admin_label=&#8220;Pricing&#8220; _builder_version=&#8220;4.16.1&#8243; _module_preset=&#8220;default&#8220; background_enable_mask_style=&#8220;on&#8220; background_mask_style=&#8220;honeycomb&#8220; background_mask_color=&#8220;#0070C0&#8243; background_mask_transform=&#8220;invert|rotate_90_degree|flip_vertical&#8220; background_mask_aspect_ratio=&#8220;portrait&#8220; background_mask_size=&#8220;contain&#8220; background_mask_position=&#8220;bottom_left&#8220; background_mask_horizontal_offset=&#8220;-77%&#8220; global_colors_info=&#8220;{}&#8220;][et_pb_row custom_padding_last_edited=&#8220;on|phone&#8220; _builder_version=&#8220;4.16.1&#8243; _module_preset=&#8220;default&#8220; background_color=&#8220;RGBA(255,255,255,0)&#8220; background_color_gradient_direction=&#8220;60deg&#8220; z_index=&#8220;9&#8243; width_tablet=&#8220;&#8220; width_phone=&#8220;93%&#8220; width_last_edited=&#8220;on|phone&#8220; custom_margin=&#8220;||0px||false|false&#8220; custom_margin_tablet=&#8220;||60px||false|false&#8220; custom_margin_phone=&#8220;||50px||false|false&#8220; custom_margin_last_edited=&#8220;off|desktop&#8220; custom_padding=&#8220;0px|0px|0px|0px|true|true&#8220; custom_padding_tablet=&#8220;&#8220; custom_padding_phone=&#8220;|20px||20px|true|true&#8220; border_color_all=&#8220;gcid-8f88ab87-1c59-4750-87d0-b00e51f43738&#8243; global_colors_info=&#8220;{%22gcid-a34bf760-c058-4981-98bc-dfe055ae95bb%22:%91%93,%22gcid-8f88ab87-1c59-4750-87d0-b00e51f43738%22:%91%22border_color_all%22%93}&#8220; width__hover_enabled=&#8220;off|desktop&#8220;][et_pb_column type=&#8220;4_4&#8243; _builder_version=&#8220;4.16.1&#8243; _module_preset=&#8220;default&#8220; background_color=&#8220;#FFFFFF&#8220; custom_padding=&#8220;3em|3em|3em|3em|true|true&#8220; custom_padding_tablet=&#8220;0px||0px||true|false&#8220; custom_padding_phone=&#8220;&#8220; custom_padding_last_edited=&#8220;on|phone&#8220; border_radii=&#8220;on|5px|5px|5px|5px&#8220; box_shadow_style=&#8220;preset1&#8243; global_colors_info=&#8220;{}&#8220;][et_pb_text _builder_version=&#8220;4.16.1&#8243; _module_preset=&#8220;9bdfd50c-7d8e-469b-80e5-0a12aace3d29&#8243; header_font=&#8220;||||||||&#8220; header_2_font=&#8220;|600|||||||&#8220; header_4_font=&#8220;Teko|700||on|||||&#8220; header_4_text_color=&#8220;#000000&#8243; header_4_letter_spacing=&#8220;2px&#8220; header_4_line_height=&#8220;1.2em&#8220; custom_margin=&#8220;||0px||false|false&#8220; header_4_font_size_tablet=&#8220;&#8220; header_4_font_size_phone=&#8220;&#8220; header_4_font_size_last_edited=&#8220;on|desktop&#8220; global_colors_info=&#8220;{}&#8220;]<\/p>\n<h2><span style=\"color: #c00000;\">Verschaffen Sie sich einen klaren \u00dcberblick \u00fcber Ihren Status und unterst\u00fctzen Sie Ihr Team!<\/span><\/h2>\n<h3><span style=\"color: #c00000;\"><strong><br \/>Warum ist es relevant?<\/strong><\/span><\/h3>\n<p>Unternehmen, Organisationen und \u00f6ffentliche Einrichtungen, die sich dem professionellen Wissensmanagement verschrieben haben, sollten ihre Praktiken regelm\u00e4\u00dfig und systematisch bewerten. So wie der Mensch gewohnt ist, regelm\u00e4\u00dfig in den Spiegel zu schauen, braucht auch KM einen ehrlichen Blick und eine Reflexion dar\u00fcber, was besser gemacht werden kann. Interne Bewertungen sind eine Grundlage und sollten regelm\u00e4\u00dfig stattfinden. Externe Bewertungen durch einen neutralen ExpertInnen bieten zus\u00e4tzliche Einblicke, kombiniert mit neuen Gedanken und Ideen, und motivieren, die n\u00e4chste Stufe der KM zu erreichen.<\/p>\n<h3><span style=\"color: #c00000;\"><\/span><\/h3>\n<h3><span style=\"color: #c00000;\"><\/span><\/h3>\n<h3><span style=\"color: #c00000;\">Wie machen wir das?<\/span><\/h3>\n<ul>\n<li>Vorbereitende Gespr\u00e4che<br \/>Zun\u00e4chst m\u00fcssen wir den gesch\u00e4ftlichen Kontext und die strategischen Herausforderungen verstehen und wissen, worauf es den F\u00fchrungskr\u00e4ften ankommt. Wir wollen von Anfang an die Unterst\u00fctzung des Managements haben und die richtigen Dinge beurteilen.<\/li>\n<li>\u00dcberpr\u00fcfung der dokumentierten Vorgehensweise<br \/>Eine systematische Analyse des bestehenden Konzepts, der Methoden, der Instrumente und der Ergebnisse vermittelt ein erstes Bild davon, inwieweit das derzeitige Konzept den Bed\u00fcrfnissen entspricht und den Stand der Technik widerspiegelt.<\/li>\n<li>Anpassung des Bewertungsfragebogens<br \/>Das Gespr\u00e4ch mit Menschen ist ein Muss f\u00fcr die Beurteilung. Die zu er\u00f6rternden und zu bewertenden Themen m\u00fcssen auf die Organisation zugeschnitten sein, um einerseits die strategischen Herausforderungen widerzuspiegeln und andererseits die Sprache der Organisation zu sprechen.<\/li>\n<li>Bewertungsgespr\u00e4che und Workshops<br \/>Die Gespr\u00e4che selbst haben einen doppelten Zweck: Sie helfen bei der Einarbeitung der Kollegen (falls KM f\u00fcr sie neu ist), informieren und inspirieren sie, und sie sind au\u00dferdem der Schl\u00fcssel zum Verst\u00e4ndnis dessen, was gut funktioniert und was verbessert werden muss.<\/li>\n<li>Analyse und Interpretation der Ergebnisse<br \/>Die Beurteilungen &#8211; entweder in Gruppen oder individuell &#8211; schaffen viel Stoff, der Reflexion, Verdichtung und Interpretation erfordert. Der Bericht enth\u00e4lt quantitative Indikatoren und qualitative Ergebnisse mit Empfehlungen.<\/li>\n<li>Pr\u00e4sentation und Schlussfolgerung der Ergebnisse<br \/>Schlie\u00dflich werden die Ergebnisse den Topmanagern vorgelegt, die aufgefordert werden, sich dazu zu \u00e4u\u00dfern und das weitere Vorgehen festzulegen. Die Bewertungsergebnisse sind in der Regel der erste Schritt zur Strategieentwicklung<\/li>\n<\/ul>\n<h3><span style=\"color: #c00000;\"><br \/>Ergebnisse und Nutzen<br \/><\/span><span style=\"color: #c00000;\"><\/span><\/h3>\n<ul>\n<li>Bewertungsbericht mit Empfehlungen: Systematisches und wertsch\u00e4tzendes Bild \u00fcber den aktuellen Stand mit klaren Empfehlungen f\u00fcr die weitere Entwicklung.<\/li>\n<li>Gr\u00f6\u00dferes Bewusstsein, Kompetenz und Motivation: Informierte, motivierte Menschen, die ermutigt werden, die n\u00e4chste Stufe zu erreichen.<\/li>\n<\/ul>\n<p>[\/et_pb_text][\/et_pb_column][\/et_pb_row][et_pb_row _builder_version=&#8220;4.17.3&#8243; _module_preset=&#8220;default&#8220; hover_enabled=&#8220;0&#8243; global_colors_info=&#8220;{}&#8220; sticky_enabled=&#8220;0&#8243; global_module=&#8220;238482&#8243; saved_tabs=&#8220;all&#8220;][et_pb_column type=&#8220;4_4&#8243; _builder_version=&#8220;4.16.1&#8243; _module_preset=&#8220;default&#8220; global_colors_info=&#8220;{}&#8220;][et_pb_blurb title=&#8220;Kontakt&#8220; use_icon=&#8220;on&#8220; _builder_version=&#8220;4.16.1&#8243; _module_preset=&#8220;2fe1b143-4050-4aba-8031-aa34689341aa&#8220; custom_padding=&#8220;3em|2em|3em|2em|true|false&#8220; hover_enabled=&#8220;0&#8243; global_colors_info=&#8220;{}&#8220; sticky_enabled=&#8220;0&#8243;]<\/p>\n<p>Weitere Informationen, Referenzen und Preise:<br \/><a href=\"mailto:consulting@km-a.net\">consulting@km-a.net<\/a><\/p>\n<p>Folgen Sie uns auf <a href=\"https:\/\/www.linkedin.com\/company\/knowledge-management-associates\/\" target=\"_blank\" rel=\"noopener\" title=\"Eingebunden\">LinkedIn<\/a> und bleiben Sie informiert.<\/p>\n<p>[\/et_pb_blurb][\/et_pb_column][\/et_pb_row][\/et_pb_section][et_pb_section fb_built=&#8220;1&#8243; admin_label=&#8220;Footer&#8220; _builder_version=&#8220;4.17.1&#8243; _module_preset=&#8220;cf8cc6d5-1be0-45be-89e4-c7a830cf423f&#8220; background_color=&#8220;#FFFFFF&#8220; background_enable_color=&#8220;off&#8220; background_image=&#8220;https:\/\/km-a.net\/neu\/wp-content\/uploads\/2021\/06\/joshua-sortino-LqKhnDzSF-8-unsplash-scaled.jpg&#8220; background_enable_image=&#8220;off&#8220; custom_margin=&#8220;0px||||false|false&#8220; custom_padding=&#8220;1em||1em||true|false&#8220; border_color_all=&#8220;#B1B1B1&#8243; global_module=&#8220;145&#8243; saved_tabs=&#8220;all&#8220; locked=&#8220;off&#8220; global_colors_info=&#8220;{}&#8220;][et_pb_row column_structure=&#8220;1_2,1_2&#8243; _builder_version=&#8220;4.16.1&#8243; width_tablet=&#8220;&#8220; width_phone=&#8220;95%&#8220; width_last_edited=&#8220;on|phone&#8220; locked=&#8220;off&#8220; global_colors_info=&#8220;{}&#8220;][et_pb_column type=&#8220;1_2&#8243; _builder_version=&#8220;4.16&#8243; global_colors_info=&#8220;{}&#8220;][et_pb_image src=&#8220;https:\/\/km-a.net\/neu\/wp-content\/uploads\/2022\/04\/cropped-cropped-logo-red-bright.png&#8220; alt=&#8220;Logo KMA Knowledge Management Associates GmbH&#8220; title_text=&#8220;abgeschnitten-abgeschnitten-logo-rot-hell.png&#8220; src_last_edited=&#8220;off|tablet&#8220; disabled_on=&#8220;on|on|off&#8220; _builder_version=&#8220;4.17.3&#8243; _module_preset=&#8220;default&#8220; width=&#8220;30%&#8220; width_tablet=&#8220;31%&#8220; width_phone=&#8220;43%&#8220; width_last_edited=&#8220;on|desktop&#8220; module_alignment=&#8220;left&#8220; module_alignment_tablet=&#8220;&#8220; module_alignment_phone=&#8220;center&#8220; module_alignment_last_edited=&#8220;on|tablet&#8220; global_colors_info=&#8220;{}&#8220;][\/et_pb_image][et_pb_text content_last_edited=&#8220;off|desktop&#8220; _builder_version=&#8220;4.17.3&#8243; text_font=&#8220;||||||||&#8220; text_text_color=&#8220;#FFFFFF&#8220; text_line_height=&#8220;1.4em&#8220; header_4_font=&#8220;|900|||||||&#8220; header_4_text_color=&#8220;#FFFFFF&#8220; header_4_font_size=&#8220;22px&#8220; header_4_line_height=&#8220;1.4em&#8220; custom_margin=&#8220;||0px||false|false&#8220; custom_padding=&#8220;||0.5em||false|false&#8220; global_colors_info=&#8220;{}&#8220;]<\/p>\n<p><span style=\"color: #000000;\">Gersthofer Stra\u00dfe 162,<\/span><br \/><span style=\"color: #000000;\">1180 Wien, \u00d6sterreich<\/span><\/p>\n<p><span style=\"color: #000000;\"><span style=\"color: #c00000;\"><a href=\"mailto:office@km-a.net\" style=\"color: #c00000;\">office@km-a.net<\/a><\/span><br \/>\u00d6sterreich: +43 1 470 29 09 (Fax -34)<br \/>Deutschland: +49 30 555 777 46 (Fax -9)<a href=\"https:\/\/www.linkedin.com\/company\/knowledge-management-associates\"><\/a><\/span><\/p>\n<p>[\/et_pb_text][et_pb_social_media_follow _builder_version=&#8220;4.17.3&#8243; _module_preset=&#8220;default&#8220; text_orientation=&#8220;left&#8220; text_orientation_tablet=&#8220;left&#8220; text_orientation_phone=&#8220;center&#8220; text_orientation_last_edited=&#8220;on|desktop&#8220; global_colors_info=&#8220;{}&#8220;][et_pb_social_media_follow_network social_network=&#8220;twitter&#8220; url=&#8220;https:\/\/twitter.com\/KMA_HQ&#8220; _builder_version=&#8220;4.17.3&#8243; _module_preset=&#8220;default&#8220; background_color=&#8220;#00aced&#8220; global_colors_info=&#8220;{}&#8220; follow_button=&#8220;off&#8220; url_new_window=&#8220;on&#8220;]twitter[\/et_pb_social_media_follow_network][et_pb_social_media_follow_network social_network=&#8220;linkedin&#8220; url=&#8220;https:\/\/www.linkedin.com\/company\/knowledge-management-associates&#8220; _builder_version=&#8220;4.17.3&#8243; _module_preset=&#8220;default&#8220; background_color=&#8220;#007bb6&#8243; global_colors_info=&#8220;{}&#8220; follow_button=&#8220;off&#8220; url_new_window=&#8220;on&#8220;]linkedin[\/et_pb_social_media_follow_network][\/et_pb_social_media_follow][\/et_pb_column][et_pb_column type=&#8220;1_2&#8243; _builder_version=&#8220;4.16.1&#8243; global_colors_info=&#8220;{}&#8220;][et_pb_signup mailchimp_list=&#8220;Wissen123|eca3013312&#8243; first_name_field=&#8220;off&#8220; last_name_field=&#8220;off&#8220; success_message=&#8220;Vielen Dank, dass Sie sich in unsere Mailingliste eingetragen haben!&#8220; title=&#8220;Newsletter&#8220; description=&#8220;<\/p>\n<\/p>\n<p>Abonnieren Sie unseren Newsletter und bleiben Sie auf dem Laufenden!<\/p>\n<\/p>\n<p>&#8220; _builder_version=&#8220;4.16.1&#8243; _module_preset=&#8220;default&#8220; header_text_color=&#8220;#C00000&#8243; body_text_color=&#8220;#444444&#8243; background_color=&#8220;RGBA(0,0,0,0)&#8220; border_radii_fields=&#8220;on|0px|0px|0px|0px&#8220; border_color_all_fields=&#8220;#C00000&#8243; border_width_bottom_fields=&#8220;2px&#8220; global_colors_info=&#8220;{}&#8220;][\/et_pb_signup][\/et_pb_column][\/et_pb_row][\/et_pb_section]<\/p>\n","protected":false},"excerpt":{"rendered":"<p>KM BewertungVerschaffen Sie sich einen klaren \u00dcberblick \u00fcber Ihren Status und unterst\u00fctzen Sie Ihr Team! Warum ist es relevant? Unternehmen, Organisationen und \u00f6ffentliche Einrichtungen, die sich dem professionellen Wissensmanagement verschrieben haben, sollten ihre Praktiken regelm\u00e4\u00dfig und systematisch bewerten. So wie der Mensch gewohnt ist, regelm\u00e4\u00dfig in den Spiegel zu schauen, braucht auch KM einen ehrlichen [&hellip;]<\/p>\n","protected":false},"author":3,"featured_media":0,"parent":239146,"menu_order":0,"comment_status":"closed","ping_status":"closed","template":"","meta":{"_et_pb_use_builder":"on","_et_pb_old_content":"","_et_gb_content_width":"","footnotes":""},"class_list":["post-239099","page","type-page","status-publish","hentry"],"yoast_head":"<!-- This site is optimized with the Yoast SEO plugin v27.4 - https:\/\/yoast.com\/product\/yoast-seo-wordpress\/ -->\n<title>KM-Bewertung - KM-A Knowledge Management Associates<\/title>\n<meta name=\"description\" content=\"The AAA of Knowledge Management. KM-A educates and advises Knowledge Managersand connects the Knowledge Management Community in Austria and the world.\" \/>\n<meta name=\"robots\" content=\"index, follow, max-snippet:-1, max-image-preview:large, max-video-preview:-1\" \/>\n<link rel=\"canonical\" href=\"https:\/\/km-a.net\/de\/beratung-2\/km-bewertung\/\" \/>\n<meta property=\"og:locale\" content=\"de_DE\" \/>\n<meta property=\"og:type\" content=\"article\" \/>\n<meta property=\"og:title\" content=\"KM-Bewertung - KM-A Knowledge Management Associates\" \/>\n<meta property=\"og:description\" content=\"The AAA of Knowledge Management. KM-A educates and advises Knowledge Managersand connects the Knowledge Management Community in Austria and the world.\" \/>\n<meta property=\"og:url\" content=\"https:\/\/km-a.net\/de\/beratung-2\/km-bewertung\/\" \/>\n<meta property=\"og:site_name\" content=\"KM-A Knowledge Management Associates\" \/>\n<meta property=\"article:modified_time\" content=\"2023-06-01T17:56:02+00:00\" \/>\n<meta name=\"twitter:card\" content=\"summary_large_image\" \/>\n<meta name=\"twitter:site\" content=\"@KMA_HQ\" \/>\n<meta name=\"twitter:label1\" content=\"Gesch\u00e4tzte Lesezeit\" \/>\n\t<meta name=\"twitter:data1\" content=\"7\u00a0Minuten\" \/>\n<script type=\"application\/ld+json\" class=\"yoast-schema-graph\">{\"@context\":\"https:\\\/\\\/schema.org\",\"@graph\":[{\"@type\":\"WebPage\",\"@id\":\"https:\\\/\\\/km-a.net\\\/de\\\/beratung-2\\\/km-bewertung\\\/\",\"url\":\"https:\\\/\\\/km-a.net\\\/de\\\/beratung-2\\\/km-bewertung\\\/\",\"name\":\"KM-Bewertung - KM-A Knowledge Management Associates\",\"isPartOf\":{\"@id\":\"https:\\\/\\\/km-a.net\\\/de\\\/#website\"},\"datePublished\":\"2022-04-19T11:27:38+00:00\",\"dateModified\":\"2023-06-01T17:56:02+00:00\",\"description\":\"The AAA of Knowledge Management. KM-A educates and advises Knowledge Managersand connects the Knowledge Management Community in Austria and the world.\",\"breadcrumb\":{\"@id\":\"https:\\\/\\\/km-a.net\\\/de\\\/beratung-2\\\/km-bewertung\\\/#breadcrumb\"},\"inLanguage\":\"de\",\"potentialAction\":[{\"@type\":\"ReadAction\",\"target\":[\"https:\\\/\\\/km-a.net\\\/de\\\/beratung-2\\\/km-bewertung\\\/\"]}]},{\"@type\":\"BreadcrumbList\",\"@id\":\"https:\\\/\\\/km-a.net\\\/de\\\/beratung-2\\\/km-bewertung\\\/#breadcrumb\",\"itemListElement\":[{\"@type\":\"ListItem\",\"position\":1,\"name\":\"Home\",\"item\":\"https:\\\/\\\/km-a.net\\\/de\\\/\"},{\"@type\":\"ListItem\",\"position\":2,\"name\":\"Beratung\",\"item\":\"https:\\\/\\\/km-a.net\\\/de\\\/beratung-2\\\/\"},{\"@type\":\"ListItem\",\"position\":3,\"name\":\"KM-Bewertung\"}]},{\"@type\":\"WebSite\",\"@id\":\"https:\\\/\\\/km-a.net\\\/de\\\/#website\",\"url\":\"https:\\\/\\\/km-a.net\\\/de\\\/\",\"name\":\"KM-A Knowledge Management Associates\",\"description\":\"The AAA in Knowledge Management\",\"publisher\":{\"@id\":\"https:\\\/\\\/km-a.net\\\/de\\\/#organization\"},\"alternateName\":\"KM-A\",\"potentialAction\":[{\"@type\":\"SearchAction\",\"target\":{\"@type\":\"EntryPoint\",\"urlTemplate\":\"https:\\\/\\\/km-a.net\\\/de\\\/?s={search_term_string}\"},\"query-input\":{\"@type\":\"PropertyValueSpecification\",\"valueRequired\":true,\"valueName\":\"search_term_string\"}}],\"inLanguage\":\"de\"},{\"@type\":\"Organization\",\"@id\":\"https:\\\/\\\/km-a.net\\\/de\\\/#organization\",\"name\":\"KM-A Knowledge Management Associates GmbH\",\"alternateName\":\"KM-A\",\"url\":\"https:\\\/\\\/km-a.net\\\/de\\\/\",\"logo\":{\"@type\":\"ImageObject\",\"inLanguage\":\"de\",\"@id\":\"https:\\\/\\\/km-a.net\\\/de\\\/#\\\/schema\\\/logo\\\/image\\\/\",\"url\":\"https:\\\/\\\/km-a.net\\\/wp-content\\\/uploads\\\/2022\\\/04\\\/logo-matching-red.png\",\"contentUrl\":\"https:\\\/\\\/km-a.net\\\/wp-content\\\/uploads\\\/2022\\\/04\\\/logo-matching-red.png\",\"width\":512,\"height\":512,\"caption\":\"KM-A Knowledge Management Associates GmbH\"},\"image\":{\"@id\":\"https:\\\/\\\/km-a.net\\\/de\\\/#\\\/schema\\\/logo\\\/image\\\/\"},\"sameAs\":[\"https:\\\/\\\/x.com\\\/KMA_HQ\"]}]}<\/script>\n<!-- \/ Yoast SEO plugin. -->","yoast_head_json":{"title":"KM-Bewertung - KM-A Knowledge Management Associates","description":"The AAA of Knowledge Management. KM-A educates and advises Knowledge Managersand connects the Knowledge Management Community in Austria and the world.","robots":{"index":"index","follow":"follow","max-snippet":"max-snippet:-1","max-image-preview":"max-image-preview:large","max-video-preview":"max-video-preview:-1"},"canonical":"https:\/\/km-a.net\/de\/beratung-2\/km-bewertung\/","og_locale":"de_DE","og_type":"article","og_title":"KM-Bewertung - KM-A Knowledge Management Associates","og_description":"The AAA of Knowledge Management. KM-A educates and advises Knowledge Managersand connects the Knowledge Management Community in Austria and the world.","og_url":"https:\/\/km-a.net\/de\/beratung-2\/km-bewertung\/","og_site_name":"KM-A Knowledge Management Associates","article_modified_time":"2023-06-01T17:56:02+00:00","twitter_card":"summary_large_image","twitter_site":"@KMA_HQ","twitter_misc":{"Gesch\u00e4tzte Lesezeit":"7\u00a0Minuten"},"schema":{"@context":"https:\/\/schema.org","@graph":[{"@type":"WebPage","@id":"https:\/\/km-a.net\/de\/beratung-2\/km-bewertung\/","url":"https:\/\/km-a.net\/de\/beratung-2\/km-bewertung\/","name":"KM-Bewertung - KM-A Knowledge Management Associates","isPartOf":{"@id":"https:\/\/km-a.net\/de\/#website"},"datePublished":"2022-04-19T11:27:38+00:00","dateModified":"2023-06-01T17:56:02+00:00","description":"The AAA of Knowledge Management. KM-A educates and advises Knowledge Managersand connects the Knowledge Management Community in Austria and the world.","breadcrumb":{"@id":"https:\/\/km-a.net\/de\/beratung-2\/km-bewertung\/#breadcrumb"},"inLanguage":"de","potentialAction":[{"@type":"ReadAction","target":["https:\/\/km-a.net\/de\/beratung-2\/km-bewertung\/"]}]},{"@type":"BreadcrumbList","@id":"https:\/\/km-a.net\/de\/beratung-2\/km-bewertung\/#breadcrumb","itemListElement":[{"@type":"ListItem","position":1,"name":"Home","item":"https:\/\/km-a.net\/de\/"},{"@type":"ListItem","position":2,"name":"Beratung","item":"https:\/\/km-a.net\/de\/beratung-2\/"},{"@type":"ListItem","position":3,"name":"KM-Bewertung"}]},{"@type":"WebSite","@id":"https:\/\/km-a.net\/de\/#website","url":"https:\/\/km-a.net\/de\/","name":"KM-A Knowledge Management Associates","description":"The AAA in Knowledge Management","publisher":{"@id":"https:\/\/km-a.net\/de\/#organization"},"alternateName":"KM-A","potentialAction":[{"@type":"SearchAction","target":{"@type":"EntryPoint","urlTemplate":"https:\/\/km-a.net\/de\/?s={search_term_string}"},"query-input":{"@type":"PropertyValueSpecification","valueRequired":true,"valueName":"search_term_string"}}],"inLanguage":"de"},{"@type":"Organization","@id":"https:\/\/km-a.net\/de\/#organization","name":"KM-A Knowledge Management Associates GmbH","alternateName":"KM-A","url":"https:\/\/km-a.net\/de\/","logo":{"@type":"ImageObject","inLanguage":"de","@id":"https:\/\/km-a.net\/de\/#\/schema\/logo\/image\/","url":"https:\/\/km-a.net\/wp-content\/uploads\/2022\/04\/logo-matching-red.png","contentUrl":"https:\/\/km-a.net\/wp-content\/uploads\/2022\/04\/logo-matching-red.png","width":512,"height":512,"caption":"KM-A Knowledge Management Associates GmbH"},"image":{"@id":"https:\/\/km-a.net\/de\/#\/schema\/logo\/image\/"},"sameAs":["https:\/\/x.com\/KMA_HQ"]}]}},"_links":{"self":[{"href":"https:\/\/km-a.net\/de\/wp-json\/wp\/v2\/pages\/239099","targetHints":{"allow":["GET"]}}],"collection":[{"href":"https:\/\/km-a.net\/de\/wp-json\/wp\/v2\/pages"}],"about":[{"href":"https:\/\/km-a.net\/de\/wp-json\/wp\/v2\/types\/page"}],"author":[{"embeddable":true,"href":"https:\/\/km-a.net\/de\/wp-json\/wp\/v2\/users\/3"}],"replies":[{"embeddable":true,"href":"https:\/\/km-a.net\/de\/wp-json\/wp\/v2\/comments?post=239099"}],"version-history":[{"count":11,"href":"https:\/\/km-a.net\/de\/wp-json\/wp\/v2\/pages\/239099\/revisions"}],"predecessor-version":[{"id":240547,"href":"https:\/\/km-a.net\/de\/wp-json\/wp\/v2\/pages\/239099\/revisions\/240547"}],"up":[{"embeddable":true,"href":"https:\/\/km-a.net\/de\/wp-json\/wp\/v2\/pages\/239146"}],"wp:attachment":[{"href":"https:\/\/km-a.net\/de\/wp-json\/wp\/v2\/media?parent=239099"}],"curies":[{"name":"wp","href":"https:\/\/api.w.org\/{rel}","templated":true}]}}