{"id":239109,"date":"2022-04-19T14:53:37","date_gmt":"2022-04-19T12:53:37","guid":{"rendered":"https:\/\/km-a.net\/verlassen-des-experten-debriefing\/"},"modified":"2023-06-01T21:37:49","modified_gmt":"2023-06-01T19:37:49","slug":"verlassen-des-experten-debriefing","status":"publish","type":"page","link":"https:\/\/km-a.net\/de\/beratung-2\/verlassen-des-experten-debriefing\/","title":{"rendered":"Leaving Expert Debriefing"},"content":{"rendered":"<p>[et_pb_section fb_built=&#8220;1&#8243; admin_label=&#8220;Header&#8220; _builder_version=&#8220;4.16.1&#8243; _module_preset=&#8220;d9b26446-1dc8-41fc-9433-3e3c09ce2f79&#8243; locked=&#8220;off&#8220; global_colors_info=&#8220;{}&#8220;][et_pb_row make_equal=&#8220;on&#8220; _builder_version=&#8220;4.16&#8243; height_tablet=&#8220;&#8220; height_phone=&#8220;&#8220; height_last_edited=&#8220;on|phone&#8220; max_height_last_edited=&#8220;off|phone&#8220; global_colors_info=&#8220;{}&#8220;][et_pb_column type=&#8220;4_4&#8243; _builder_version=&#8220;4.16&#8243; global_colors_info=&#8220;{}&#8220;][et_pb_text _builder_version=&#8220;4.16.1&#8243; header_font_size=&#8220;60px&#8220; global_colors_info=&#8220;{}&#8220;]<\/p>\n<h1><span style=\"color: #c00000;\">Leaving Expert<br \/>Debriefing &amp;<br \/>Wissensverlust-<br \/>Risikobewertung<\/span><\/h1>\n<p>[\/et_pb_text][\/et_pb_column][\/et_pb_row][\/et_pb_section][et_pb_section fb_built=&#8220;1&#8243; admin_label=&#8220;Pricing&#8220; _builder_version=&#8220;4.16.1&#8243; _module_preset=&#8220;default&#8220; background_enable_mask_style=&#8220;on&#8220; background_mask_style=&#8220;honeycomb&#8220; background_mask_color=&#8220;#0070C0&#8243; background_mask_transform=&#8220;invert|rotate_90_degree|flip_vertical&#8220; background_mask_aspect_ratio=&#8220;portrait&#8220; background_mask_size=&#8220;contain&#8220; background_mask_position=&#8220;bottom_left&#8220; background_mask_horizontal_offset=&#8220;-77%&#8220; global_colors_info=&#8220;{}&#8220;][et_pb_row custom_padding_last_edited=&#8220;on|phone&#8220; _builder_version=&#8220;4.16.1&#8243; _module_preset=&#8220;default&#8220; background_color=&#8220;RGBA(255,255,255,0)&#8220; background_color_gradient_direction=&#8220;60deg&#8220; z_index=&#8220;9&#8243; width_tablet=&#8220;&#8220; width_phone=&#8220;93%&#8220; width_last_edited=&#8220;on|phone&#8220; custom_margin=&#8220;||0px||false|false&#8220; custom_margin_tablet=&#8220;||60px||false|false&#8220; custom_margin_phone=&#8220;||50px||false|false&#8220; custom_margin_last_edited=&#8220;off|desktop&#8220; custom_padding=&#8220;0px|0px|0px|0px|true|true&#8220; custom_padding_tablet=&#8220;&#8220; custom_padding_phone=&#8220;|20px||20px|true|true&#8220; border_color_all=&#8220;gcid-8f88ab87-1c59-4750-87d0-b00e51f43738&#8243; global_colors_info=&#8220;{%22gcid-a34bf760-c058-4981-98bc-dfe055ae95bb%22:%91%93,%22gcid-8f88ab87-1c59-4750-87d0-b00e51f43738%22:%91%22border_color_all%22%93}&#8220; width__hover_enabled=&#8220;off|desktop&#8220;][et_pb_column type=&#8220;4_4&#8243; _builder_version=&#8220;4.16.1&#8243; _module_preset=&#8220;default&#8220; background_color=&#8220;#FFFFFF&#8220; custom_padding=&#8220;3em|3em|3em|3em|true|true&#8220; custom_padding_tablet=&#8220;0px||0px||true|false&#8220; custom_padding_phone=&#8220;&#8220; custom_padding_last_edited=&#8220;on|phone&#8220; border_radii=&#8220;on|5px|5px|5px|5px&#8220; box_shadow_style=&#8220;preset1&#8243; global_colors_info=&#8220;{}&#8220;][et_pb_text _builder_version=&#8220;4.21.0&#8243; _module_preset=&#8220;9bdfd50c-7d8e-469b-80e5-0a12aace3d29&#8243; header_font=&#8220;||||||||&#8220; header_2_font=&#8220;|600|||||||&#8220; header_4_font=&#8220;Teko|700||on|||||&#8220; header_4_text_color=&#8220;#000000&#8243; header_4_letter_spacing=&#8220;2px&#8220; header_4_line_height=&#8220;1.2em&#8220; custom_margin=&#8220;||0px||false|false&#8220; hover_enabled=&#8220;0&#8243; header_4_font_size_tablet=&#8220;&#8220; header_4_font_size_phone=&#8220;&#8220; header_4_font_size_last_edited=&#8220;on|desktop&#8220; global_colors_info=&#8220;{}&#8220; header_2_text_color=&#8220;#C00000&#8243; header_3_text_color=&#8220;#C00000&#8243; sticky_enabled=&#8220;0&#8243; max_width=&#8220;100%&#8220;]<\/p>\n<h2>Verschaffen Sie sich einen klaren \u00dcberblick \u00fcber Ihren Status und unterst\u00fctzen Sie Ihr Team!<\/h2>\n<h3><strong>Warum ist es relevant?<\/strong><\/h3>\n<p>Wissen ist die entscheidende Ressource im heutigen Gesch\u00e4ftsleben. Viele relevante Kenntnisse sind explizit und im gesamten Unternehmen verf\u00fcgbar. Dennoch gibt es in jeder Organisation eine riesige Menge an relevantem Wissen, das auf Erfahrung und praktischem Handeln beruht und stillschweigend erworben wird. Wenn ExpertInnen das Unternehmen verlassen &#8211; was aus welchen Gr\u00fcnden auch immer regelm\u00e4\u00dfig geschieht -, verlieren Unternehmen Wissen, das f\u00fcr einen zuverl\u00e4ssigen Betrieb entscheidend sein kann und kaum zu ersetzen ist. Leistung, Qualit\u00e4t und Sicherheit sind ernsthaft gef\u00e4hrdet.<\/p>\n<h3><\/h3>\n<h3><\/h3>\n<h3>Wie machen wir das?<\/h3>\n<p><strong>1. Bewertung und Empfehlungen<\/strong><\/p>\n<p>Zu Beginn gibt es einen soliden \u00dcberblick \u00fcber die bestehenden Praktiken bei der Nachbesprechung, um darauf aufzubauen und die bestehenden Praktiken zu nutzen. Die Ergebnisse dieser Bewertung bilden den Ausgangspunkt f\u00fcr Empfehlungen f\u00fcr die weitere Prozessdurchf\u00fchrung und den Workshop.<\/p>\n<p><strong>2. Workshop zur Expertenbefragung<\/strong><\/p>\n<p>In diesem Workshop vermitteln wir das Wissen und die Kompetenz, um den Prozess des Risikomanagements von Wissensverlusten zu etablieren und die Nachbesprechung mit Experten im Kontext Ihrer Organisation durchzuf\u00fchren: Die folgenden Themen stehen im Mittelpunkt:<br \/>&#8211; Erlernen von Methoden und Instrumenten f\u00fcr die Vorbereitung und Durchf\u00fchrung von Debriefing-Sitzungen.<br \/>&#8211; Anpassung der Methodik an die einzelnen Berufsprofile<br \/>&#8211; Verankerung eines integrierten Prozesses von Nachbesprechungen inkl. Rolle und Verantwortlichkeiten.<br \/>&#8211; Abstimmung des Prozesses mit anderen relevanten Prozessen (wie Leistungsbeurteilung, andere Nachbesprechungsprozesse)<br \/>Unsere Online-Trainingsmodule helfen bei der Schulung internationaler MitarbeiterInnen. Die Standardprozesse f\u00fcr die beiden Schritte werden auf den organisatorischen Kontext zugeschnitten.<\/p>\n<p><strong>3. Risikobewertung von Wissensverlusten und Nachbesprechungen<\/strong><\/p>\n<p>Die Risikobewertung von Wissensverlusten wird mit Anleitung und Unterst\u00fctzung von knowledge.city durchgef\u00fchrt. Nach den ersten Schritten zur Pr\u00e4sentation kann das Unternehmen den Prozess leicht selbst\u00e4ndig fortsetzen. Das anf\u00e4ngliche Coaching in echten Debriefing-Sitzungen hilft dem Team, es gut zu machen und mehr Vertrauen in diesen Prozess zu gewinnen.<\/p>\n<ul><\/ul>\n<h3>Ergebnisse und Nutzen<\/h3>\n<ul>\n<li><strong>Etablierte Prozesse und Kompetenzen:<\/strong> KLRA- und ExpertInnen-Debriefing werden gut definierte Standardprozesse sein, die von den MitarbeiterInnen leicht durchgef\u00fchrt werden k\u00f6nnen.<\/li>\n<li><strong>Unverz\u00fcgliche Erfassung von kritischem Wissen:<\/strong> Die anf\u00e4ngliche Risikobewertung des Wissensverlusts zeigt dringende Risiken auf, und die Nachbesprechungen konzentrieren sich auf die Erfassung des ermittelten kritischen Wissens.<\/li>\n<li><strong>Kontinuit\u00e4t, Qualit\u00e4t, Leistung:<\/strong> Das Unternehmen wird in der Lage sein, Qualit\u00e4t und Leistung auf h\u00f6chstem Niveau aufrechtzuerhalten, wenn Experten ausscheiden.  <\/li>\n<\/ul>\n<p>[\/et_pb_text][\/et_pb_column][\/et_pb_row][et_pb_row _builder_version=&#8220;4.17.3&#8243; _module_preset=&#8220;default&#8220; global_module=&#8220;238482&#8243; global_colors_info=&#8220;{}&#8220;][et_pb_column type=&#8220;4_4&#8243; _builder_version=&#8220;4.16.1&#8243; _module_preset=&#8220;default&#8220; global_colors_info=&#8220;{}&#8220;][et_pb_blurb title=&#8220;Kontakt&#8220; use_icon=&#8220;on&#8220; _builder_version=&#8220;4.17.3&#8243; _module_preset=&#8220;2fe1b143-4050-4aba-8031-aa34689341aa&#8220; custom_padding=&#8220;3em|2em|3em|2em|true|false&#8220; global_colors_info=&#8220;{}&#8220;]<\/p>\n<p>Sie erreichen uns per E-Mail: <a href=\"mailto:consulting@km-a.net\">office@km-a.net.<\/a><br \/>Folgen Sie uns auf <a href=\"https:\/\/www.linkedin.com\/company\/knowledge-management-associates\/\" target=\"_blank\" rel=\"noopener\" title=\"Eingebunden\">LinkedIn<\/a> und <a href=\"https:\/\/twitter.com\/KMA_HQ\">Twitter<\/a>, um auf dem Laufenden zu bleiben.<\/p>\n<p>[\/et_pb_blurb][et_pb_social_media_follow _builder_version=&#8220;4.17.3&#8243; _module_preset=&#8220;default&#8220; text_orientation=&#8220;left&#8220; text_orientation_tablet=&#8220;left&#8220; text_orientation_phone=&#8220;center&#8220; text_orientation_last_edited=&#8220;on|desktop&#8220; global_colors_info=&#8220;{}&#8220;][et_pb_social_media_follow_network social_network=&#8220;twitter&#8220; url=&#8220;https:\/\/twitter.com\/KMA_HQ&#8220; _builder_version=&#8220;4.17.3&#8243; _module_preset=&#8220;default&#8220; background_color=&#8220;#00aced&#8220; global_colors_info=&#8220;{}&#8220; follow_button=&#8220;off&#8220; url_new_window=&#8220;on&#8220;]twitter[\/et_pb_social_media_follow_network][et_pb_social_media_follow_network social_network=&#8220;linkedin&#8220; url=&#8220;https:\/\/www.linkedin.com\/company\/knowledge-management-associates&#8220; _builder_version=&#8220;4.17.3&#8243; _module_preset=&#8220;default&#8220; background_color=&#8220;#007bb6&#8243; global_colors_info=&#8220;{}&#8220; follow_button=&#8220;off&#8220; url_new_window=&#8220;on&#8220;]linkedin[\/et_pb_social_media_follow_network][\/et_pb_social_media_follow][\/et_pb_column][\/et_pb_row][\/et_pb_section][et_pb_section fb_built=&#8220;1&#8243; admin_label=&#8220;Footer&#8220; _builder_version=&#8220;4.17.1&#8243; _module_preset=&#8220;cf8cc6d5-1be0-45be-89e4-c7a830cf423f&#8220; background_color=&#8220;#FFFFFF&#8220; background_enable_color=&#8220;off&#8220; background_image=&#8220;https:\/\/km-a.net\/neu\/wp-content\/uploads\/2021\/06\/joshua-sortino-LqKhnDzSF-8-unsplash-scaled.jpg&#8220; background_enable_image=&#8220;off&#8220; custom_margin=&#8220;0px||||false|false&#8220; custom_padding=&#8220;1em||1em||true|false&#8220; border_color_all=&#8220;#B1B1B1&#8243; global_module=&#8220;145&#8243; saved_tabs=&#8220;all&#8220; locked=&#8220;off&#8220; global_colors_info=&#8220;{}&#8220;][et_pb_row column_structure=&#8220;1_2,1_2&#8243; _builder_version=&#8220;4.16.1&#8243; width_tablet=&#8220;&#8220; width_phone=&#8220;95%&#8220; width_last_edited=&#8220;on|phone&#8220; locked=&#8220;off&#8220; global_colors_info=&#8220;{}&#8220;][et_pb_column type=&#8220;1_2&#8243; _builder_version=&#8220;4.16&#8243; global_colors_info=&#8220;{}&#8220;][et_pb_image src=&#8220;https:\/\/km-a.net\/neu\/wp-content\/uploads\/2022\/04\/cropped-cropped-logo-red-bright.png&#8220; alt=&#8220;Logo KMA Knowledge Management Associates GmbH&#8220; title_text=&#8220;abgeschnitten-abgeschnitten-logo-rot-hell.png&#8220; src_last_edited=&#8220;off|tablet&#8220; disabled_on=&#8220;on|on|off&#8220; _builder_version=&#8220;4.17.3&#8243; _module_preset=&#8220;default&#8220; width=&#8220;30%&#8220; width_tablet=&#8220;31%&#8220; width_phone=&#8220;43%&#8220; width_last_edited=&#8220;on|desktop&#8220; module_alignment=&#8220;left&#8220; module_alignment_tablet=&#8220;&#8220; module_alignment_phone=&#8220;center&#8220; module_alignment_last_edited=&#8220;on|tablet&#8220; global_colors_info=&#8220;{}&#8220;][\/et_pb_image][et_pb_text content_last_edited=&#8220;off|desktop&#8220; _builder_version=&#8220;4.17.3&#8243; text_font=&#8220;||||||||&#8220; text_text_color=&#8220;#FFFFFF&#8220; text_line_height=&#8220;1.4em&#8220; header_4_font=&#8220;|900|||||||&#8220; header_4_text_color=&#8220;#FFFFFF&#8220; header_4_font_size=&#8220;22px&#8220; header_4_line_height=&#8220;1.4em&#8220; custom_margin=&#8220;||0px||false|false&#8220; custom_padding=&#8220;||0.5em||false|false&#8220; global_colors_info=&#8220;{}&#8220;]<\/p>\n<p><span style=\"color: #000000;\">Gersthofer Stra\u00dfe 162,<\/span><br \/><span style=\"color: #000000;\">1180 Wien, \u00d6sterreich<\/span><\/p>\n<p><span style=\"color: #000000;\"><span style=\"color: #c00000;\"><a href=\"mailto:office@km-a.net\" style=\"color: #c00000;\">office@km-a.net<\/a><\/span><br \/>\u00d6sterreich: +43 1 470 29 09 (Fax -34)<br \/>Deutschland: +49 30 555 777 46 (Fax -9)<a href=\"https:\/\/www.linkedin.com\/company\/knowledge-management-associates\"><\/a><\/span><\/p>\n<p>[\/et_pb_text][et_pb_social_media_follow _builder_version=&#8220;4.17.3&#8243; _module_preset=&#8220;default&#8220; text_orientation=&#8220;left&#8220; text_orientation_tablet=&#8220;left&#8220; text_orientation_phone=&#8220;center&#8220; text_orientation_last_edited=&#8220;on|desktop&#8220; global_colors_info=&#8220;{}&#8220;][et_pb_social_media_follow_network social_network=&#8220;twitter&#8220; url=&#8220;https:\/\/twitter.com\/KMA_HQ&#8220; _builder_version=&#8220;4.17.3&#8243; _module_preset=&#8220;default&#8220; background_color=&#8220;#00aced&#8220; global_colors_info=&#8220;{}&#8220; follow_button=&#8220;off&#8220; url_new_window=&#8220;on&#8220;]twitter[\/et_pb_social_media_follow_network][et_pb_social_media_follow_network social_network=&#8220;linkedin&#8220; url=&#8220;https:\/\/www.linkedin.com\/company\/knowledge-management-associates&#8220; _builder_version=&#8220;4.17.3&#8243; _module_preset=&#8220;default&#8220; background_color=&#8220;#007bb6&#8243; global_colors_info=&#8220;{}&#8220; follow_button=&#8220;off&#8220; url_new_window=&#8220;on&#8220;]linkedin[\/et_pb_social_media_follow_network][\/et_pb_social_media_follow][\/et_pb_column][et_pb_column type=&#8220;1_2&#8243; _builder_version=&#8220;4.16.1&#8243; global_colors_info=&#8220;{}&#8220;][et_pb_signup mailchimp_list=&#8220;wissen123|eca3013312&#8243; first_name_field=&#8220;off&#8220; last_name_field=&#8220;off&#8220; success_message=&#8220;Vielen Dank, dass Sie sich in unsere Mailingliste eingetragen haben!&#8220; title=&#8220;Newsletter&#8220; description=&#8220;<\/p>\n<p>Abonnieren Sie unseren Newsletter und bleiben Sie auf dem Laufenden!<\/p>\n<p>&#8220; _builder_version=&#8220;4.17.3&#8243; _module_preset=&#8220;default&#8220; header_text_color=&#8220;#C00000&#8243; body_text_color=&#8220;#444444&#8243; background_color=&#8220;RGBA(0,0,0,0)&#8220; border_radii_fields=&#8220;on|0px|0px|0px|0px&#8220; border_color_all_fields=&#8220;#C00000&#8243; border_width_bottom_fields=&#8220;2px&#8220; global_colors_info=&#8220;{}&#8220;][\/et_pb_signup][\/et_pb_column][\/et_pb_row][\/et_pb_section]<\/p>\n","protected":false},"excerpt":{"rendered":"<p>Leaving ExpertDebriefing &amp;Wissensverlust-RisikobewertungVerschaffen Sie sich einen klaren \u00dcberblick \u00fcber Ihren Status und unterst\u00fctzen Sie Ihr Team! Warum ist es relevant? Wissen ist die entscheidende Ressource im heutigen Gesch\u00e4ftsleben. Viele relevante Kenntnisse sind explizit und im gesamten Unternehmen verf\u00fcgbar. Dennoch gibt es in jeder Organisation eine riesige Menge an relevantem Wissen, das auf Erfahrung und praktischem [&hellip;]<\/p>\n","protected":false},"author":3,"featured_media":0,"parent":239146,"menu_order":0,"comment_status":"closed","ping_status":"closed","template":"","meta":{"_et_pb_use_builder":"on","_et_pb_old_content":"","_et_gb_content_width":"","footnotes":""},"class_list":["post-239109","page","type-page","status-publish","hentry"],"yoast_head":"<!-- This site is optimized with the Yoast SEO plugin v27.4 - https:\/\/yoast.com\/product\/yoast-seo-wordpress\/ -->\n<title>Leaving Expert Debriefing - KM-A Knowledge Management Associates<\/title>\n<meta name=\"description\" content=\"The AAA of Knowledge Management. KM-A educates and advises Knowledge Managersand connects the Knowledge Management Community in Austria and the world.\" \/>\n<meta name=\"robots\" content=\"index, follow, max-snippet:-1, max-image-preview:large, max-video-preview:-1\" \/>\n<link rel=\"canonical\" href=\"https:\/\/km-a.net\/de\/beratung-2\/verlassen-des-experten-debriefing\/\" \/>\n<meta property=\"og:locale\" content=\"de_DE\" \/>\n<meta property=\"og:type\" content=\"article\" \/>\n<meta property=\"og:title\" content=\"Leaving Expert Debriefing - KM-A Knowledge Management Associates\" \/>\n<meta property=\"og:description\" content=\"The AAA of Knowledge Management. KM-A educates and advises Knowledge Managersand connects the Knowledge Management Community in Austria and the world.\" \/>\n<meta property=\"og:url\" content=\"https:\/\/km-a.net\/de\/beratung-2\/verlassen-des-experten-debriefing\/\" \/>\n<meta property=\"og:site_name\" content=\"KM-A Knowledge Management Associates\" \/>\n<meta property=\"article:modified_time\" content=\"2023-06-01T19:37:49+00:00\" \/>\n<meta name=\"twitter:card\" content=\"summary_large_image\" \/>\n<meta name=\"twitter:site\" content=\"@KMA_HQ\" \/>\n<meta name=\"twitter:label1\" content=\"Gesch\u00e4tzte Lesezeit\" \/>\n\t<meta name=\"twitter:data1\" content=\"7\u00a0Minuten\" \/>\n<script type=\"application\/ld+json\" class=\"yoast-schema-graph\">{\"@context\":\"https:\\\/\\\/schema.org\",\"@graph\":[{\"@type\":\"WebPage\",\"@id\":\"https:\\\/\\\/km-a.net\\\/de\\\/beratung-2\\\/verlassen-des-experten-debriefing\\\/\",\"url\":\"https:\\\/\\\/km-a.net\\\/de\\\/beratung-2\\\/verlassen-des-experten-debriefing\\\/\",\"name\":\"Leaving Expert Debriefing - KM-A Knowledge Management Associates\",\"isPartOf\":{\"@id\":\"https:\\\/\\\/km-a.net\\\/de\\\/#website\"},\"datePublished\":\"2022-04-19T12:53:37+00:00\",\"dateModified\":\"2023-06-01T19:37:49+00:00\",\"description\":\"The AAA of Knowledge Management. KM-A educates and advises Knowledge Managersand connects the Knowledge Management Community in Austria and the world.\",\"breadcrumb\":{\"@id\":\"https:\\\/\\\/km-a.net\\\/de\\\/beratung-2\\\/verlassen-des-experten-debriefing\\\/#breadcrumb\"},\"inLanguage\":\"de\",\"potentialAction\":[{\"@type\":\"ReadAction\",\"target\":[\"https:\\\/\\\/km-a.net\\\/de\\\/beratung-2\\\/verlassen-des-experten-debriefing\\\/\"]}]},{\"@type\":\"BreadcrumbList\",\"@id\":\"https:\\\/\\\/km-a.net\\\/de\\\/beratung-2\\\/verlassen-des-experten-debriefing\\\/#breadcrumb\",\"itemListElement\":[{\"@type\":\"ListItem\",\"position\":1,\"name\":\"Home\",\"item\":\"https:\\\/\\\/km-a.net\\\/de\\\/\"},{\"@type\":\"ListItem\",\"position\":2,\"name\":\"Beratung\",\"item\":\"https:\\\/\\\/km-a.net\\\/de\\\/beratung-2\\\/\"},{\"@type\":\"ListItem\",\"position\":3,\"name\":\"Leaving Expert Debriefing\"}]},{\"@type\":\"WebSite\",\"@id\":\"https:\\\/\\\/km-a.net\\\/de\\\/#website\",\"url\":\"https:\\\/\\\/km-a.net\\\/de\\\/\",\"name\":\"KM-A Knowledge Management Associates\",\"description\":\"The AAA in Knowledge Management\",\"publisher\":{\"@id\":\"https:\\\/\\\/km-a.net\\\/de\\\/#organization\"},\"alternateName\":\"KM-A\",\"potentialAction\":[{\"@type\":\"SearchAction\",\"target\":{\"@type\":\"EntryPoint\",\"urlTemplate\":\"https:\\\/\\\/km-a.net\\\/de\\\/?s={search_term_string}\"},\"query-input\":{\"@type\":\"PropertyValueSpecification\",\"valueRequired\":true,\"valueName\":\"search_term_string\"}}],\"inLanguage\":\"de\"},{\"@type\":\"Organization\",\"@id\":\"https:\\\/\\\/km-a.net\\\/de\\\/#organization\",\"name\":\"KM-A Knowledge Management Associates GmbH\",\"alternateName\":\"KM-A\",\"url\":\"https:\\\/\\\/km-a.net\\\/de\\\/\",\"logo\":{\"@type\":\"ImageObject\",\"inLanguage\":\"de\",\"@id\":\"https:\\\/\\\/km-a.net\\\/de\\\/#\\\/schema\\\/logo\\\/image\\\/\",\"url\":\"https:\\\/\\\/km-a.net\\\/wp-content\\\/uploads\\\/2022\\\/04\\\/logo-matching-red.png\",\"contentUrl\":\"https:\\\/\\\/km-a.net\\\/wp-content\\\/uploads\\\/2022\\\/04\\\/logo-matching-red.png\",\"width\":512,\"height\":512,\"caption\":\"KM-A Knowledge Management Associates GmbH\"},\"image\":{\"@id\":\"https:\\\/\\\/km-a.net\\\/de\\\/#\\\/schema\\\/logo\\\/image\\\/\"},\"sameAs\":[\"https:\\\/\\\/x.com\\\/KMA_HQ\"]}]}<\/script>\n<!-- \/ Yoast SEO plugin. -->","yoast_head_json":{"title":"Leaving Expert Debriefing - KM-A Knowledge Management Associates","description":"The AAA of Knowledge Management. KM-A educates and advises Knowledge Managersand connects the Knowledge Management Community in Austria and the world.","robots":{"index":"index","follow":"follow","max-snippet":"max-snippet:-1","max-image-preview":"max-image-preview:large","max-video-preview":"max-video-preview:-1"},"canonical":"https:\/\/km-a.net\/de\/beratung-2\/verlassen-des-experten-debriefing\/","og_locale":"de_DE","og_type":"article","og_title":"Leaving Expert Debriefing - KM-A Knowledge Management Associates","og_description":"The AAA of Knowledge Management. KM-A educates and advises Knowledge Managersand connects the Knowledge Management Community in Austria and the world.","og_url":"https:\/\/km-a.net\/de\/beratung-2\/verlassen-des-experten-debriefing\/","og_site_name":"KM-A Knowledge Management Associates","article_modified_time":"2023-06-01T19:37:49+00:00","twitter_card":"summary_large_image","twitter_site":"@KMA_HQ","twitter_misc":{"Gesch\u00e4tzte Lesezeit":"7\u00a0Minuten"},"schema":{"@context":"https:\/\/schema.org","@graph":[{"@type":"WebPage","@id":"https:\/\/km-a.net\/de\/beratung-2\/verlassen-des-experten-debriefing\/","url":"https:\/\/km-a.net\/de\/beratung-2\/verlassen-des-experten-debriefing\/","name":"Leaving Expert Debriefing - KM-A Knowledge Management Associates","isPartOf":{"@id":"https:\/\/km-a.net\/de\/#website"},"datePublished":"2022-04-19T12:53:37+00:00","dateModified":"2023-06-01T19:37:49+00:00","description":"The AAA of Knowledge Management. KM-A educates and advises Knowledge Managersand connects the Knowledge Management Community in Austria and the world.","breadcrumb":{"@id":"https:\/\/km-a.net\/de\/beratung-2\/verlassen-des-experten-debriefing\/#breadcrumb"},"inLanguage":"de","potentialAction":[{"@type":"ReadAction","target":["https:\/\/km-a.net\/de\/beratung-2\/verlassen-des-experten-debriefing\/"]}]},{"@type":"BreadcrumbList","@id":"https:\/\/km-a.net\/de\/beratung-2\/verlassen-des-experten-debriefing\/#breadcrumb","itemListElement":[{"@type":"ListItem","position":1,"name":"Home","item":"https:\/\/km-a.net\/de\/"},{"@type":"ListItem","position":2,"name":"Beratung","item":"https:\/\/km-a.net\/de\/beratung-2\/"},{"@type":"ListItem","position":3,"name":"Leaving Expert Debriefing"}]},{"@type":"WebSite","@id":"https:\/\/km-a.net\/de\/#website","url":"https:\/\/km-a.net\/de\/","name":"KM-A Knowledge Management Associates","description":"The AAA in Knowledge Management","publisher":{"@id":"https:\/\/km-a.net\/de\/#organization"},"alternateName":"KM-A","potentialAction":[{"@type":"SearchAction","target":{"@type":"EntryPoint","urlTemplate":"https:\/\/km-a.net\/de\/?s={search_term_string}"},"query-input":{"@type":"PropertyValueSpecification","valueRequired":true,"valueName":"search_term_string"}}],"inLanguage":"de"},{"@type":"Organization","@id":"https:\/\/km-a.net\/de\/#organization","name":"KM-A Knowledge Management Associates GmbH","alternateName":"KM-A","url":"https:\/\/km-a.net\/de\/","logo":{"@type":"ImageObject","inLanguage":"de","@id":"https:\/\/km-a.net\/de\/#\/schema\/logo\/image\/","url":"https:\/\/km-a.net\/wp-content\/uploads\/2022\/04\/logo-matching-red.png","contentUrl":"https:\/\/km-a.net\/wp-content\/uploads\/2022\/04\/logo-matching-red.png","width":512,"height":512,"caption":"KM-A Knowledge Management Associates GmbH"},"image":{"@id":"https:\/\/km-a.net\/de\/#\/schema\/logo\/image\/"},"sameAs":["https:\/\/x.com\/KMA_HQ"]}]}},"_links":{"self":[{"href":"https:\/\/km-a.net\/de\/wp-json\/wp\/v2\/pages\/239109","targetHints":{"allow":["GET"]}}],"collection":[{"href":"https:\/\/km-a.net\/de\/wp-json\/wp\/v2\/pages"}],"about":[{"href":"https:\/\/km-a.net\/de\/wp-json\/wp\/v2\/types\/page"}],"author":[{"embeddable":true,"href":"https:\/\/km-a.net\/de\/wp-json\/wp\/v2\/users\/3"}],"replies":[{"embeddable":true,"href":"https:\/\/km-a.net\/de\/wp-json\/wp\/v2\/comments?post=239109"}],"version-history":[{"count":16,"href":"https:\/\/km-a.net\/de\/wp-json\/wp\/v2\/pages\/239109\/revisions"}],"predecessor-version":[{"id":240709,"href":"https:\/\/km-a.net\/de\/wp-json\/wp\/v2\/pages\/239109\/revisions\/240709"}],"up":[{"embeddable":true,"href":"https:\/\/km-a.net\/de\/wp-json\/wp\/v2\/pages\/239146"}],"wp:attachment":[{"href":"https:\/\/km-a.net\/de\/wp-json\/wp\/v2\/media?parent=239109"}],"curies":[{"name":"wp","href":"https:\/\/api.w.org\/{rel}","templated":true}]}}