{"id":239122,"date":"2022-04-19T14:19:25","date_gmt":"2022-04-19T12:19:25","guid":{"rendered":"https:\/\/km-a.net\/km-in-wissensdrehscheiben-und-partnerschaften\/"},"modified":"2025-04-28T15:39:09","modified_gmt":"2025-04-28T13:39:09","slug":"km-in-wissensdrehscheiben-und-partnerschaften","status":"publish","type":"page","link":"https:\/\/km-a.net\/de\/beratung-2\/km-in-wissensdrehscheiben-und-partnerschaften\/","title":{"rendered":"KM in Knowledge Hubs und Partnerschaften"},"content":{"rendered":"<p>[et_pb_section fb_built=&#8220;1&#8243; admin_label=&#8220;Header&#8220; _builder_version=&#8220;4.16.1&#8243; _module_preset=&#8220;d9b26446-1dc8-41fc-9433-3e3c09ce2f79&#8243; locked=&#8220;off&#8220; global_colors_info=&#8220;{}&#8220;][et_pb_row make_equal=&#8220;on&#8220; _builder_version=&#8220;4.16&#8243; height_tablet=&#8220;&#8220; height_phone=&#8220;&#8220; height_last_edited=&#8220;on|phone&#8220; max_height_last_edited=&#8220;off|phone&#8220; global_colors_info=&#8220;{}&#8220;][et_pb_column type=&#8220;4_4&#8243; _builder_version=&#8220;4.16&#8243; global_colors_info=&#8220;{}&#8220;][et_pb_text _builder_version=&#8220;4.16.1&#8243; header_font=&#8220;|900|||||||&#8220; header_font_size=&#8220;45px&#8220; background_layout=&#8220;dark&#8220; max_width=&#8220;760px&#8220; custom_margin=&#8220;||||false|false&#8220; header_font_size_tablet=&#8220;70px&#8220; header_font_size_phone=&#8220;41px&#8220; header_font_size_last_edited=&#8220;on|phone&#8220; global_colors_info=&#8220;{}&#8220;]<\/p>\n<h1><span style=\"color: #c00000;\">KM in Knowledge Hubs <br \/>und Multi-Stakeholder-Partnerschaften<\/span><\/h1>\n<p>[\/et_pb_text][\/et_pb_column][\/et_pb_row][\/et_pb_section][et_pb_section fb_built=&#8220;1&#8243; admin_label=&#8220;Pricing&#8220; _builder_version=&#8220;4.16.1&#8243; _module_preset=&#8220;default&#8220; background_enable_mask_style=&#8220;on&#8220; background_mask_style=&#8220;honeycomb&#8220; background_mask_color=&#8220;#0070C0&#8243; background_mask_transform=&#8220;invert|rotate_90_degree|flip_vertical&#8220; background_mask_aspect_ratio=&#8220;portrait&#8220; background_mask_size=&#8220;contain&#8220; background_mask_position=&#8220;bottom_left&#8220; background_mask_horizontal_offset=&#8220;-77%&#8220; global_colors_info=&#8220;{}&#8220;][et_pb_row custom_padding_last_edited=&#8220;on|phone&#8220; _builder_version=&#8220;4.16.1&#8243; _module_preset=&#8220;default&#8220; background_color=&#8220;RGBA(255,255,255,0)&#8220; background_color_gradient_direction=&#8220;60deg&#8220; z_index=&#8220;9&#8243; width_tablet=&#8220;&#8220; width_phone=&#8220;93%&#8220; width_last_edited=&#8220;on|phone&#8220; custom_margin=&#8220;||0px||false|false&#8220; custom_margin_tablet=&#8220;||60px||false|false&#8220; custom_margin_phone=&#8220;||50px||false|false&#8220; custom_margin_last_edited=&#8220;off|desktop&#8220; custom_padding=&#8220;0px|0px|0px|0px|true|true&#8220; custom_padding_tablet=&#8220;&#8220; custom_padding_phone=&#8220;|20px||20px|true|true&#8220; border_color_all=&#8220;gcid-8f88ab87-1c59-4750-87d0-b00e51f43738&#8243; global_colors_info=&#8220;{%22gcid-a34bf760-c058-4981-98bc-dfe055ae95bb%22:%91%93,%22gcid-8f88ab87-1c59-4750-87d0-b00e51f43738%22:%91%22border_color_all%22%93}&#8220; width__hover_enabled=&#8220;off|desktop&#8220;][et_pb_column type=&#8220;4_4&#8243; _builder_version=&#8220;4.16.1&#8243; _module_preset=&#8220;default&#8220; background_color=&#8220;#FFFFFF&#8220; custom_padding=&#8220;3em|3em|3em|3em|true|true&#8220; custom_padding_tablet=&#8220;0px||0px||true|false&#8220; custom_padding_phone=&#8220;&#8220; custom_padding_last_edited=&#8220;on|phone&#8220; border_radii=&#8220;on|5px|5px|5px|5px&#8220; box_shadow_style=&#8220;preset1&#8243; global_colors_info=&#8220;{}&#8220;][et_pb_text _builder_version=&#8220;4.16.1&#8243; _module_preset=&#8220;9bdfd50c-7d8e-469b-80e5-0a12aace3d29&#8243; header_font=&#8220;||||||||&#8220; header_2_font=&#8220;|600|||||||&#8220; header_4_font=&#8220;Teko|700||on|||||&#8220; header_4_text_color=&#8220;#000000&#8243; header_4_letter_spacing=&#8220;2px&#8220; header_4_line_height=&#8220;1.2em&#8220; custom_margin=&#8220;||0px||false|false&#8220; header_4_font_size_tablet=&#8220;&#8220; header_4_font_size_phone=&#8220;&#8220; header_4_font_size_last_edited=&#8220;on|desktop&#8220; global_colors_info=&#8220;{}&#8220;]<\/p>\n<h2><span style=\"color: #c00000;\">Verkn\u00fcpfen Sie Daten, tauschen Sie Wissen aus und entwickeln Sie gemeinsam intelligente IT-L\u00f6sungen auf der Grundlage k\u00fcnstlicher Intelligenz!<\/span><\/h2>\n<h3><span style=\"color: #c00000;\"><strong><br \/>Warum ist es relevant?<\/strong><\/span><\/h3>\n<p>Multi-Stakeholder-Partnerschaften und Knowledge Hubs sind ein Schl\u00fcssel zur Bew\u00e4ltigung globaler komplexer Herausforderungen und zum Erreichen von nachhaltigen Entwicklungszielen. Sie verbinden Menschen auf der ganzen Welt, erleichtern den Dialog, verkn\u00fcpfen Daten und Informationen, teilen Wissen und verbreiten Innovationen und L\u00f6sungen.<br \/>Das Wissensmanagement in Multi-Stakeholder-Partnerschaften stellt jedoch eine Herausforderung dar, insbesondere aufgrund der Vielfalt von Sprachen, Kulturen, Kontexten, F\u00e4higkeiten, Daten- und Informationsquellen und vielem mehr. Es ist ein strategischer, systematischer und integrierter Ansatz erforderlich.<\/p>\n<h3><span style=\"color: #c00000;\"><\/span><\/h3>\n<h3><span style=\"color: #c00000;\"><\/span><\/h3>\n<h3><span style=\"color: #c00000;\">Wie k\u00f6nnen wir Knowledge Hubs und Multi-Stakeholder-Partnerschaften unterst\u00fctzen?<\/span><\/h3>\n<p><span style=\"color: #c00000;\"><\/span><\/p>\n<p><strong>1. KM Consulting<br \/><\/strong>Unsere Beratungsleistungen f\u00fcr K-Hubs und MSPs umfassen:<br \/>&#8211; Bewertung des aktuellen Stands im Wissensmanagements und Erarbeiten von Entwicklungsvorschl\u00e4gen<br \/>&#8211; Erstellung einer Wissensmanagement-Strategie f\u00fcr die Partnerschaft und den Knowledge Hub<br \/>&#8211; Verankerung von Governancestrukturen im Wissensmanagement<br \/>&#8211; Verbesserung des Zugangs zu Wissen und Verhindern von Wissensexklusion<br \/>&#8211; Verbesserung der Benutzerfreundlichkeit und Reichweite von Wissensprodukten und -diensten<br \/>&#8211; Erleichterung der Erfassung von Innovationen und Beschleunigung ihrer Verbreitung<\/p>\n<p><strong>2. KM Training<\/strong><br \/>&#8211; Kontinuierliche Aus- und Weiterbildung im Bereich KM zur Verbesserung der knowledge skills<br \/>&#8211; Einrichtung einer Lernplattform f\u00fcr alle thematischen Bereiche<\/p>\n<p><strong>3. Erleichterung von Partnerschaftsveranstaltungen<\/strong><br \/>&#8211; Moderation von partizipativen Veranstaltungen &#8211; f2f und online als neutrale VermittlerInnen<br \/>&#8211; Erleichterung von Praxisgemeinschaften; Ausbildung von VermittlerInnen<\/p>\n<p><strong>4. Verkn\u00fcpfung von Daten, Informationen und Wissen mit einem Wissensgraph<\/strong><br \/>&#8211; Wissensprozesse digitalisieren<br \/>&#8211; Verkn\u00fcpfen von Datensilos, Hinzuf\u00fcgen von Kontext zu Daten, Vorantreiben der Suche \u00fcber Partnerressourcen, Erweitern von Analysen, um fundierte Entscheidungen zu treffen<br \/>&#8211; Personalisierung der Nutzung von Wissen auf der Grundlage der unterschiedlichen Bed\u00fcrfnisse der Beteiligten<\/p>\n<p><strong>5. Entwicklung ma\u00dfgeschneiderter KI-L\u00f6sungen auf der Grundlage von Knowledge Graphs<\/strong><br \/>&#8211; Entwicklung von Anwendungsf\u00e4llen und Steigerung des Nutzens f\u00fcr die Nutzer, einschlie\u00dflich intelligenter Empfehlungen, semantischer Matchmaking, Chatbots und mehr<\/p>\n<p><strong>6. Wissensmanagement f\u00fcr die Partnerschaft als Dienstleistung<\/strong><br \/>&#8211; \u00dcbernahme der F\u00fchrung im Wissensmanagement als Methodenexperte, um den PartnerInnen die Freiheit zu geben, sich auf thematische Herausforderungen zu konzentrieren.<br \/>&#8211; Als neutraler, unvoreingenommener und vertrauensw\u00fcrdiger Partner ohne eigenes thematisches Interesse achten wir auf ein ausgewogenes Verh\u00e4ltnis von Beitrag und Nutzen.<\/p>\n<h3><span style=\"color: #c00000;\"><br \/>Ergebnisse und Nutzen<br \/><\/span><span style=\"color: #c00000;\"><\/span><\/h3>\n<ul>\n<li><strong>Hervorragende KM:<\/strong> Schaffung des besten Werts aus dem Wissen der Partnerschaft unter Ber\u00fccksichtigung der Vielfalt der Beteiligten und des Kontexts.<\/li>\n<li><strong>H\u00f6here Wirkung:<\/strong> GastgeberInnen und PartnerInnen k\u00f6nnen sich auf ihre thematischen Herausforderungen konzentrieren, w\u00e4hrend sich knowledge.city um Methodik und gleichberechtigte Beteiligung k\u00fcmmert.<\/li>\n<\/ul>\n<p>[\/et_pb_text][\/et_pb_column][\/et_pb_row][et_pb_row _builder_version=&#8220;4.17.3&#8243; _module_preset=&#8220;default&#8220; global_colors_info=&#8220;{}&#8220; global_module=&#8220;238482&#8243; theme_builder_area=&#8220;post_content&#8220;][et_pb_column type=&#8220;4_4&#8243; _builder_version=&#8220;4.16.1&#8243; _module_preset=&#8220;default&#8220; global_colors_info=&#8220;{}&#8220; theme_builder_area=&#8220;post_content&#8220;][et_pb_blurb title=&#8220;Kontakt&#8220; use_icon=&#8220;on&#8220; _builder_version=&#8220;4.16.1&#8243; _module_preset=&#8220;2fe1b143-4050-4aba-8031-aa34689341aa&#8220; custom_padding=&#8220;3em|2em|3em|2em|true|false&#8220; global_colors_info=&#8220;{}&#8220; theme_builder_area=&#8220;post_content&#8220;]<\/p>\n<p>Weitere Informationen, Referenzen und Preise:<br \/><a href=\"mailto:consulting@km-a.net\">consulting@km-a.net<\/a><\/p>\n<p>Folgen Sie uns auf <a href=\"https:\/\/www.linkedin.com\/company\/knowledge-management-associates\/\" target=\"_blank\" rel=\"noopener\" title=\"Eingebunden\">LinkedIn<\/a> und bleiben Sie informiert.<\/p>\n<p>[\/et_pb_blurb][\/et_pb_column][\/et_pb_row][\/et_pb_section][et_pb_section fb_built=&#8220;1&#8243; admin_label=&#8220;Footer&#8220; _builder_version=&#8220;4.17.1&#8243; _module_preset=&#8220;cf8cc6d5-1be0-45be-89e4-c7a830cf423f&#8220; background_color=&#8220;#FFFFFF&#8220; background_enable_color=&#8220;off&#8220; background_image=&#8220;https:\/\/km-a.net\/neu\/wp-content\/uploads\/2021\/06\/joshua-sortino-LqKhnDzSF-8-unsplash-scaled.jpg&#8220; background_enable_image=&#8220;off&#8220; custom_margin=&#8220;0px||||false|false&#8220; custom_padding=&#8220;1em||1em||true|false&#8220; border_color_all=&#8220;#B1B1B1&#8243; global_module=&#8220;145&#8243; saved_tabs=&#8220;all&#8220; locked=&#8220;off&#8220; global_colors_info=&#8220;{}&#8220;][et_pb_row column_structure=&#8220;1_2,1_2&#8243; _builder_version=&#8220;4.16.1&#8243; width_tablet=&#8220;&#8220; width_phone=&#8220;95%&#8220; width_last_edited=&#8220;on|phone&#8220; locked=&#8220;off&#8220; global_colors_info=&#8220;{}&#8220;][et_pb_column type=&#8220;1_2&#8243; _builder_version=&#8220;4.16&#8243; global_colors_info=&#8220;{}&#8220;][et_pb_image src=&#8220;https:\/\/km-a.net\/neu\/wp-content\/uploads\/2022\/04\/cropped-cropped-logo-red-bright.png&#8220; alt=&#8220;Logo KMA Knowledge Management Associates GmbH&#8220; title_text=&#8220;abgeschnitten-abgeschnitten-logo-rot-hell.png&#8220; src_last_edited=&#8220;off|tablet&#8220; disabled_on=&#8220;on|on|off&#8220; _builder_version=&#8220;4.17.3&#8243; _module_preset=&#8220;default&#8220; width=&#8220;30%&#8220; width_tablet=&#8220;31%&#8220; width_phone=&#8220;43%&#8220; width_last_edited=&#8220;on|desktop&#8220; module_alignment=&#8220;left&#8220; module_alignment_tablet=&#8220;&#8220; module_alignment_phone=&#8220;center&#8220; module_alignment_last_edited=&#8220;on|tablet&#8220; global_colors_info=&#8220;{}&#8220;][\/et_pb_image][et_pb_text content_last_edited=&#8220;off|desktop&#8220; _builder_version=&#8220;4.17.3&#8243; text_font=&#8220;||||||||&#8220; text_text_color=&#8220;#FFFFFF&#8220; text_line_height=&#8220;1.4em&#8220; header_4_font=&#8220;|900|||||||&#8220; header_4_text_color=&#8220;#FFFFFF&#8220; header_4_font_size=&#8220;22px&#8220; header_4_line_height=&#8220;1.4em&#8220; custom_margin=&#8220;||0px||false|false&#8220; custom_padding=&#8220;||0.5em||false|false&#8220; global_colors_info=&#8220;{}&#8220;]<\/p>\n<p><span style=\"color: #000000;\">Gersthofer Stra\u00dfe 162,<\/span><br \/><span style=\"color: #000000;\">1180 Wien, \u00d6sterreich<\/span><\/p>\n<p><span style=\"color: #000000;\"><span style=\"color: #c00000;\"><a href=\"mailto:office@km-a.net\" style=\"color: #c00000;\">office@km-a.net<\/a><\/span><br \/>\u00d6sterreich: +43 1 470 29 09 (Fax -34)<br \/>Deutschland: +49 30 555 777 46 (Fax -9)<a href=\"https:\/\/www.linkedin.com\/company\/knowledge-management-associates\"><\/a><\/span><\/p>\n<p>[\/et_pb_text][et_pb_social_media_follow _builder_version=&#8220;4.17.3&#8243; _module_preset=&#8220;default&#8220; text_orientation=&#8220;left&#8220; text_orientation_tablet=&#8220;left&#8220; text_orientation_phone=&#8220;center&#8220; text_orientation_last_edited=&#8220;on|desktop&#8220; global_colors_info=&#8220;{}&#8220;][et_pb_social_media_follow_network social_network=&#8220;twitter&#8220; url=&#8220;https:\/\/twitter.com\/KMA_HQ&#8220; _builder_version=&#8220;4.17.3&#8243; _module_preset=&#8220;default&#8220; background_color=&#8220;#00aced&#8220; global_colors_info=&#8220;{}&#8220; follow_button=&#8220;off&#8220; url_new_window=&#8220;on&#8220;]twitter[\/et_pb_social_media_follow_network][et_pb_social_media_follow_network social_network=&#8220;linkedin&#8220; url=&#8220;https:\/\/www.linkedin.com\/company\/knowledge-management-associates&#8220; _builder_version=&#8220;4.17.3&#8243; _module_preset=&#8220;default&#8220; background_color=&#8220;#007bb6&#8243; global_colors_info=&#8220;{}&#8220; follow_button=&#8220;off&#8220; url_new_window=&#8220;on&#8220;]linkedin[\/et_pb_social_media_follow_network][\/et_pb_social_media_follow][\/et_pb_column][et_pb_column type=&#8220;1_2&#8243; _builder_version=&#8220;4.16.1&#8243; global_colors_info=&#8220;{}&#8220;][et_pb_signup mailchimp_list=&#8220;Wissen123|eca3013312&#8243; first_name_field=&#8220;off&#8220; last_name_field=&#8220;off&#8220; success_message=&#8220;Vielen Dank, dass Sie sich in unsere Mailingliste eingetragen haben!&#8220; title=&#8220;Newsletter&#8220; description=&#8220;<\/p>\n<\/p>\n<p>Abonnieren Sie unseren Newsletter und bleiben Sie auf dem Laufenden!<\/p>\n<\/p>\n<p>&#8220; _builder_version=&#8220;4.16.1&#8243; _module_preset=&#8220;default&#8220; header_text_color=&#8220;#C00000&#8243; body_text_color=&#8220;#444444&#8243; background_color=&#8220;RGBA(0,0,0,0)&#8220; border_radii_fields=&#8220;on|0px|0px|0px|0px&#8220; border_color_all_fields=&#8220;#C00000&#8243; border_width_bottom_fields=&#8220;2px&#8220; global_colors_info=&#8220;{}&#8220;][\/et_pb_signup][\/et_pb_column][\/et_pb_row][\/et_pb_section]<\/p>\n","protected":false},"excerpt":{"rendered":"<p>KM in Knowledge Hubs und Multi-Stakeholder-PartnerschaftenVerkn\u00fcpfen Sie Daten, tauschen Sie Wissen aus und entwickeln Sie gemeinsam intelligente IT-L\u00f6sungen auf der Grundlage k\u00fcnstlicher Intelligenz! Warum ist es relevant? Multi-Stakeholder-Partnerschaften und Knowledge Hubs sind ein Schl\u00fcssel zur Bew\u00e4ltigung globaler komplexer Herausforderungen und zum Erreichen von nachhaltigen Entwicklungszielen. Sie verbinden Menschen auf der ganzen Welt, erleichtern den Dialog, [&hellip;]<\/p>\n","protected":false},"author":3,"featured_media":0,"parent":239146,"menu_order":0,"comment_status":"closed","ping_status":"closed","template":"","meta":{"_et_pb_use_builder":"on","_et_pb_old_content":"","_et_gb_content_width":"","footnotes":""},"class_list":["post-239122","page","type-page","status-publish","hentry"],"yoast_head":"<!-- This site is optimized with the Yoast SEO plugin v27.4 - https:\/\/yoast.com\/product\/yoast-seo-wordpress\/ -->\n<title>KM in Knowledge Hubs und Partnerschaften - KM-A Knowledge Management Associates<\/title>\n<meta name=\"description\" content=\"The AAA of Knowledge Management. KM-A educates and advises Knowledge Managersand connects the Knowledge Management Community in Austria and the world.\" \/>\n<meta name=\"robots\" content=\"index, follow, max-snippet:-1, max-image-preview:large, max-video-preview:-1\" \/>\n<link rel=\"canonical\" href=\"https:\/\/km-a.net\/de\/beratung-2\/km-in-wissensdrehscheiben-und-partnerschaften\/\" \/>\n<meta property=\"og:locale\" content=\"de_DE\" \/>\n<meta property=\"og:type\" content=\"article\" \/>\n<meta property=\"og:title\" content=\"KM in Knowledge Hubs und Partnerschaften - KM-A Knowledge Management Associates\" \/>\n<meta property=\"og:description\" content=\"The AAA of Knowledge Management. KM-A educates and advises Knowledge Managersand connects the Knowledge Management Community in Austria and the world.\" \/>\n<meta property=\"og:url\" content=\"https:\/\/km-a.net\/de\/beratung-2\/km-in-wissensdrehscheiben-und-partnerschaften\/\" \/>\n<meta property=\"og:site_name\" content=\"KM-A Knowledge Management Associates\" \/>\n<meta property=\"article:modified_time\" content=\"2025-04-28T13:39:09+00:00\" \/>\n<meta name=\"twitter:card\" content=\"summary_large_image\" \/>\n<meta name=\"twitter:site\" content=\"@KMA_HQ\" \/>\n<meta name=\"twitter:label1\" content=\"Gesch\u00e4tzte Lesezeit\" \/>\n\t<meta name=\"twitter:data1\" content=\"7\u00a0Minuten\" \/>\n<script type=\"application\/ld+json\" class=\"yoast-schema-graph\">{\"@context\":\"https:\\\/\\\/schema.org\",\"@graph\":[{\"@type\":\"WebPage\",\"@id\":\"https:\\\/\\\/km-a.net\\\/de\\\/beratung-2\\\/km-in-wissensdrehscheiben-und-partnerschaften\\\/\",\"url\":\"https:\\\/\\\/km-a.net\\\/de\\\/beratung-2\\\/km-in-wissensdrehscheiben-und-partnerschaften\\\/\",\"name\":\"KM in Knowledge Hubs und Partnerschaften - KM-A Knowledge Management Associates\",\"isPartOf\":{\"@id\":\"https:\\\/\\\/km-a.net\\\/de\\\/#website\"},\"datePublished\":\"2022-04-19T12:19:25+00:00\",\"dateModified\":\"2025-04-28T13:39:09+00:00\",\"description\":\"The AAA of Knowledge Management. KM-A educates and advises Knowledge Managersand connects the Knowledge Management Community in Austria and the world.\",\"breadcrumb\":{\"@id\":\"https:\\\/\\\/km-a.net\\\/de\\\/beratung-2\\\/km-in-wissensdrehscheiben-und-partnerschaften\\\/#breadcrumb\"},\"inLanguage\":\"de\",\"potentialAction\":[{\"@type\":\"ReadAction\",\"target\":[\"https:\\\/\\\/km-a.net\\\/de\\\/beratung-2\\\/km-in-wissensdrehscheiben-und-partnerschaften\\\/\"]}]},{\"@type\":\"BreadcrumbList\",\"@id\":\"https:\\\/\\\/km-a.net\\\/de\\\/beratung-2\\\/km-in-wissensdrehscheiben-und-partnerschaften\\\/#breadcrumb\",\"itemListElement\":[{\"@type\":\"ListItem\",\"position\":1,\"name\":\"Home\",\"item\":\"https:\\\/\\\/km-a.net\\\/de\\\/\"},{\"@type\":\"ListItem\",\"position\":2,\"name\":\"Beratung\",\"item\":\"https:\\\/\\\/km-a.net\\\/de\\\/beratung-2\\\/\"},{\"@type\":\"ListItem\",\"position\":3,\"name\":\"KM in Knowledge Hubs und Partnerschaften\"}]},{\"@type\":\"WebSite\",\"@id\":\"https:\\\/\\\/km-a.net\\\/de\\\/#website\",\"url\":\"https:\\\/\\\/km-a.net\\\/de\\\/\",\"name\":\"KM-A Knowledge Management Associates\",\"description\":\"The AAA in Knowledge Management\",\"publisher\":{\"@id\":\"https:\\\/\\\/km-a.net\\\/de\\\/#organization\"},\"alternateName\":\"KM-A\",\"potentialAction\":[{\"@type\":\"SearchAction\",\"target\":{\"@type\":\"EntryPoint\",\"urlTemplate\":\"https:\\\/\\\/km-a.net\\\/de\\\/?s={search_term_string}\"},\"query-input\":{\"@type\":\"PropertyValueSpecification\",\"valueRequired\":true,\"valueName\":\"search_term_string\"}}],\"inLanguage\":\"de\"},{\"@type\":\"Organization\",\"@id\":\"https:\\\/\\\/km-a.net\\\/de\\\/#organization\",\"name\":\"KM-A Knowledge Management Associates GmbH\",\"alternateName\":\"KM-A\",\"url\":\"https:\\\/\\\/km-a.net\\\/de\\\/\",\"logo\":{\"@type\":\"ImageObject\",\"inLanguage\":\"de\",\"@id\":\"https:\\\/\\\/km-a.net\\\/de\\\/#\\\/schema\\\/logo\\\/image\\\/\",\"url\":\"https:\\\/\\\/km-a.net\\\/wp-content\\\/uploads\\\/2022\\\/04\\\/logo-matching-red.png\",\"contentUrl\":\"https:\\\/\\\/km-a.net\\\/wp-content\\\/uploads\\\/2022\\\/04\\\/logo-matching-red.png\",\"width\":512,\"height\":512,\"caption\":\"KM-A Knowledge Management Associates GmbH\"},\"image\":{\"@id\":\"https:\\\/\\\/km-a.net\\\/de\\\/#\\\/schema\\\/logo\\\/image\\\/\"},\"sameAs\":[\"https:\\\/\\\/x.com\\\/KMA_HQ\"]}]}<\/script>\n<!-- \/ Yoast SEO plugin. -->","yoast_head_json":{"title":"KM in Knowledge Hubs und Partnerschaften - KM-A Knowledge Management Associates","description":"The AAA of Knowledge Management. KM-A educates and advises Knowledge Managersand connects the Knowledge Management Community in Austria and the world.","robots":{"index":"index","follow":"follow","max-snippet":"max-snippet:-1","max-image-preview":"max-image-preview:large","max-video-preview":"max-video-preview:-1"},"canonical":"https:\/\/km-a.net\/de\/beratung-2\/km-in-wissensdrehscheiben-und-partnerschaften\/","og_locale":"de_DE","og_type":"article","og_title":"KM in Knowledge Hubs und Partnerschaften - KM-A Knowledge Management Associates","og_description":"The AAA of Knowledge Management. KM-A educates and advises Knowledge Managersand connects the Knowledge Management Community in Austria and the world.","og_url":"https:\/\/km-a.net\/de\/beratung-2\/km-in-wissensdrehscheiben-und-partnerschaften\/","og_site_name":"KM-A Knowledge Management Associates","article_modified_time":"2025-04-28T13:39:09+00:00","twitter_card":"summary_large_image","twitter_site":"@KMA_HQ","twitter_misc":{"Gesch\u00e4tzte Lesezeit":"7\u00a0Minuten"},"schema":{"@context":"https:\/\/schema.org","@graph":[{"@type":"WebPage","@id":"https:\/\/km-a.net\/de\/beratung-2\/km-in-wissensdrehscheiben-und-partnerschaften\/","url":"https:\/\/km-a.net\/de\/beratung-2\/km-in-wissensdrehscheiben-und-partnerschaften\/","name":"KM in Knowledge Hubs und Partnerschaften - KM-A Knowledge Management Associates","isPartOf":{"@id":"https:\/\/km-a.net\/de\/#website"},"datePublished":"2022-04-19T12:19:25+00:00","dateModified":"2025-04-28T13:39:09+00:00","description":"The AAA of Knowledge Management. KM-A educates and advises Knowledge Managersand connects the Knowledge Management Community in Austria and the world.","breadcrumb":{"@id":"https:\/\/km-a.net\/de\/beratung-2\/km-in-wissensdrehscheiben-und-partnerschaften\/#breadcrumb"},"inLanguage":"de","potentialAction":[{"@type":"ReadAction","target":["https:\/\/km-a.net\/de\/beratung-2\/km-in-wissensdrehscheiben-und-partnerschaften\/"]}]},{"@type":"BreadcrumbList","@id":"https:\/\/km-a.net\/de\/beratung-2\/km-in-wissensdrehscheiben-und-partnerschaften\/#breadcrumb","itemListElement":[{"@type":"ListItem","position":1,"name":"Home","item":"https:\/\/km-a.net\/de\/"},{"@type":"ListItem","position":2,"name":"Beratung","item":"https:\/\/km-a.net\/de\/beratung-2\/"},{"@type":"ListItem","position":3,"name":"KM in Knowledge Hubs und Partnerschaften"}]},{"@type":"WebSite","@id":"https:\/\/km-a.net\/de\/#website","url":"https:\/\/km-a.net\/de\/","name":"KM-A Knowledge Management Associates","description":"The AAA in Knowledge Management","publisher":{"@id":"https:\/\/km-a.net\/de\/#organization"},"alternateName":"KM-A","potentialAction":[{"@type":"SearchAction","target":{"@type":"EntryPoint","urlTemplate":"https:\/\/km-a.net\/de\/?s={search_term_string}"},"query-input":{"@type":"PropertyValueSpecification","valueRequired":true,"valueName":"search_term_string"}}],"inLanguage":"de"},{"@type":"Organization","@id":"https:\/\/km-a.net\/de\/#organization","name":"KM-A Knowledge Management Associates GmbH","alternateName":"KM-A","url":"https:\/\/km-a.net\/de\/","logo":{"@type":"ImageObject","inLanguage":"de","@id":"https:\/\/km-a.net\/de\/#\/schema\/logo\/image\/","url":"https:\/\/km-a.net\/wp-content\/uploads\/2022\/04\/logo-matching-red.png","contentUrl":"https:\/\/km-a.net\/wp-content\/uploads\/2022\/04\/logo-matching-red.png","width":512,"height":512,"caption":"KM-A Knowledge Management Associates GmbH"},"image":{"@id":"https:\/\/km-a.net\/de\/#\/schema\/logo\/image\/"},"sameAs":["https:\/\/x.com\/KMA_HQ"]}]}},"_links":{"self":[{"href":"https:\/\/km-a.net\/de\/wp-json\/wp\/v2\/pages\/239122","targetHints":{"allow":["GET"]}}],"collection":[{"href":"https:\/\/km-a.net\/de\/wp-json\/wp\/v2\/pages"}],"about":[{"href":"https:\/\/km-a.net\/de\/wp-json\/wp\/v2\/types\/page"}],"author":[{"embeddable":true,"href":"https:\/\/km-a.net\/de\/wp-json\/wp\/v2\/users\/3"}],"replies":[{"embeddable":true,"href":"https:\/\/km-a.net\/de\/wp-json\/wp\/v2\/comments?post=239122"}],"version-history":[{"count":17,"href":"https:\/\/km-a.net\/de\/wp-json\/wp\/v2\/pages\/239122\/revisions"}],"predecessor-version":[{"id":241420,"href":"https:\/\/km-a.net\/de\/wp-json\/wp\/v2\/pages\/239122\/revisions\/241420"}],"up":[{"embeddable":true,"href":"https:\/\/km-a.net\/de\/wp-json\/wp\/v2\/pages\/239146"}],"wp:attachment":[{"href":"https:\/\/km-a.net\/de\/wp-json\/wp\/v2\/media?parent=239122"}],"curies":[{"name":"wp","href":"https:\/\/api.w.org\/{rel}","templated":true}]}}