{"id":239127,"date":"2022-01-25T16:02:01","date_gmt":"2022-01-25T15:02:01","guid":{"rendered":"https:\/\/km-a.net\/kontakt\/"},"modified":"2022-07-28T15:37:44","modified_gmt":"2022-07-28T13:37:44","slug":"kontakt","status":"publish","type":"page","link":"https:\/\/km-a.net\/de\/kontakt\/","title":{"rendered":"Kontakt"},"content":{"rendered":"<p>[et_pb_section fb_built=&#8220;1&#8243; admin_label=&#8220;Header&#8220; _builder_version=&#8220;4.16.1&#8243; background_color=&#8220;#FFFFFF&#8220; background_enable_image=&#8220;off&#8220; background_enable_mask_style=&#8220;on&#8220; background_mask_style=&#8220;honeycomb&#8220; background_mask_color=&#8220;#0070C0&#8243; background_mask_transform=&#8220;invert&#8220; background_mask_size=&#8220;cover&#8220; background_mask_position=&#8220;bottom_right&#8220; background_mask_horizontal_offset=&#8220;10%&#8220; custom_padding=&#8220;||||false|false&#8220; locked=&#8220;off&#8220; global_colors_info=&#8220;{}&#8220;][et_pb_row make_equal=&#8220;on&#8220; _builder_version=&#8220;4.16&#8243; global_colors_info=&#8220;{}&#8220;][et_pb_column type=&#8220;4_4&#8243; _builder_version=&#8220;4.16&#8243; global_colors_info=&#8220;{}&#8220;][et_pb_text admin_label=&#8220;\u00dcberschrift&#8220; _builder_version=&#8220;4.16&#8243; header_font=&#8220;|900|||||||&#8220; header_font_size=&#8220;100px&#8220; background_layout=&#8220;dark&#8220; custom_margin=&#8220;||||false|false&#8220; header_font_size_tablet=&#8220;70px&#8220; header_font_size_phone=&#8220;41px&#8220; header_font_size_last_edited=&#8220;on|phone&#8220; global_colors_info=&#8220;{}&#8220;]<\/p>\n<h1><span style=\"color: #c00000;\">Kontakt<\/span><\/h1>\n<p>[\/et_pb_text][\/et_pb_column][\/et_pb_row][\/et_pb_section][et_pb_section fb_built=&#8220;1&#8243; admin_label=&#8220;Sektion Footer&#8220; _builder_version=&#8220;4.16.1&#8243; _module_preset=&#8220;a2c38ca5-c3a1-4186-aa8c-e70ca99f75e8&#8243; saved_tabs=&#8220;all&#8220; locked=&#8220;off&#8220; global_colors_info=&#8220;{}&#8220;][et_pb_row _builder_version=&#8220;4.16.1&#8243; width_tablet=&#8220;&#8220; width_phone=&#8220;95%&#8220; width_last_edited=&#8220;on|phone&#8220; global_colors_info=&#8220;{}&#8220;][et_pb_column type=&#8220;4_4&#8243; _builder_version=&#8220;4.16&#8243; global_colors_info=&#8220;{}&#8220;][et_pb_text _builder_version=&#8220;4.17.1&#8243; _module_preset=&#8220;default&#8220; text_text_color=&#8220;#C00000&#8243; header_text_color=&#8220;#C00000&#8243; global_colors_info=&#8220;{}&#8220;]<\/p>\n<p><span style=\"color: #000000;\">F\u00fcr Fragen und Kommentare stehen wir Ihnen gerne zur Verf\u00fcgung.<\/span><\/p>\n<p><span style=\"color: #000000;\">Die mit * gekennzeichneten Felder sind Pflichtfelder.<\/span><\/p>\n<p>[\/et_pb_text][et_pb_contact_form email=&#8220;office@km-a.net&#8220; custom_message=&#8220;Kontakt||et_pb_line_break_holder||||et_pb_line_break_holder|Vorname: %%FirstName%%: %%LastName%%: %%EMail%%: %%Phone%%:||et_pb_line_break_holder||Adresse||et_pb_line_break_holder||ZIP %%City%%, %%Country%%: %%Company%% Kurse:||et_pb_line_break_holder||Kurs||et_pb_line_break_holder||VAT: %%VAT%%&#8220; success_message=&#8220;Vielen Dank f\u00fcr Ihre Nachricht. Wir werden in K\u00fcrze auf Sie zur\u00fcckkommen&#8220; submit_button_text=&#8220;jetzt senden&#8220; _builder_version=&#8220;4.17.1&#8243; _module_preset=&#8220;default&#8220; _unique_id=&#8220;d2a428e6-115d-4612-9f71-04019ccf3399&#8243; form_field_background_color=&#8220;#B1B1B1&#8243; form_field_text_color=&#8220;#FFFFFF&#8220; form_field_focus_background_color=&#8220;#DEE3E7&#8243; form_field_focus_text_color=&#8220;#000000&#8243; title_text_color=&#8220;#C00000&#8243; captcha_text_color=&#8220;#C00000&#8243; hover_enabled=&#8220;0&#8243; global_colors_info=&#8220;{}&#8220; sticky_enabled=&#8220;0&#8243;][et_pb_contact_field field_id=&#8220;FirstName&#8220; field_title=&#8220;Vorname*&#8220; _builder_version=&#8220;4.17.1&#8243; hover_enabled=&#8220;0&#8243; global_colors_info=&#8220;{}&#8220; button_text_size__hover_enabled=&#8220;off&#8220; button_one_text_size__hover_enabled=&#8220;off&#8220; button_two_text_size__hover_enabled=&#8220;off&#8220; button_text_color__hover_enabled=&#8220;off&#8220; button_one_text_color__hover_enabled=&#8220;off&#8220; button_two_text_color__hover_enabled=&#8220;off&#8220; button_border_width__hover_enabled=&#8220;off&#8220; button_one_border_width__hover_enabled=&#8220;off&#8220; button_two_border_width__hover_enabled=&#8220;off&#8220; button_border_color__hover_enabled=&#8220;off&#8220; button_one_border_color__hover_enabled=&#8220;off&#8220; button_two_border_color__hover_enabled=&#8220;off&#8220; button_border_radius__hover_enabled=&#8220;off&#8220; button_one_border_radius__hover_enabled=&#8220;off&#8220; button_two_border_radius__hover_enabled=&#8220;off&#8220; button_letter_spacing__hover_enabled=&#8220;off&#8220; button_one_letter_spacing__hover_enabled=&#8220;off&#8220; button_two_letter_spacing__hover_enabled=&#8220;off&#8220; button_bg_color__hover_enabled=&#8220;off&#8220; button_one_bg_color__hover_enabled=&#8220;off&#8220; button_two_bg_color__hover_enabled=&#8220;off&#8220; sticky_enabled=&#8220;0&#8243;][\/et_pb_contact_field][et_pb_contact_field field_id=&#8220;LastName&#8220; field_title=&#8220;Nachname*&#8220; _builder_version=&#8220;4.16&#8243; global_colors_info=&#8220;{}&#8220; button_text_size__hover_enabled=&#8220;off&#8220; button_one_text_size__hover_enabled=&#8220;off&#8220; button_two_text_size__hover_enabled=&#8220;off&#8220; button_text_color__hover_enabled=&#8220;off&#8220; button_one_text_color__hover_enabled=&#8220;off&#8220; button_two_text_color__hover_enabled=&#8220;off&#8220; button_border_width__hover_enabled=&#8220;off&#8220; button_one_border_width__hover_enabled=&#8220;off&#8220; button_two_border_width__hover_enabled=&#8220;off&#8220; button_border_color__hover_enabled=&#8220;off&#8220; button_one_border_color__hover_enabled=&#8220;off&#8220; button_two_border_color__hover_enabled=&#8220;off&#8220; button_border_radius__hover_enabled=&#8220;off&#8220; button_one_border_radius__hover_enabled=&#8220;off&#8220; button_two_border_radius__hover_enabled=&#8220;off&#8220; button_letter_spacing__hover_enabled=&#8220;off&#8220; button_one_letter_spacing__hover_enabled=&#8220;off&#8220; button_two_letter_spacing__hover_enabled=&#8220;off&#8220; button_bg_color__hover_enabled=&#8220;off&#8220; button_one_bg_color__hover_enabled=&#8220;off&#8220; button_two_bg_color__hover_enabled=&#8220;off&#8220;][\/et_pb_contact_field][et_pb_contact_field field_id=&#8220;Email&#8220; field_title=&#8220;E-Mail*&#8220; field_type=&#8220;email&#8220; _builder_version=&#8220;4.16&#8243; global_colors_info=&#8220;{}&#8220; button_text_size__hover_enabled=&#8220;off&#8220; button_one_text_size__hover_enabled=&#8220;off&#8220; button_two_text_size__hover_enabled=&#8220;off&#8220; button_text_color__hover_enabled=&#8220;off&#8220; button_one_text_color__hover_enabled=&#8220;off&#8220; button_two_text_color__hover_enabled=&#8220;off&#8220; button_border_width__hover_enabled=&#8220;off&#8220; button_one_border_width__hover_enabled=&#8220;off&#8220; button_two_border_width__hover_enabled=&#8220;off&#8220; button_border_color__hover_enabled=&#8220;off&#8220; button_one_border_color__hover_enabled=&#8220;off&#8220; button_two_border_color__hover_enabled=&#8220;off&#8220; button_border_radius__hover_enabled=&#8220;off&#8220; button_one_border_radius__hover_enabled=&#8220;off&#8220; button_two_border_radius__hover_enabled=&#8220;off&#8220; button_letter_spacing__hover_enabled=&#8220;off&#8220; button_one_letter_spacing__hover_enabled=&#8220;off&#8220; button_two_letter_spacing__hover_enabled=&#8220;off&#8220; button_bg_color__hover_enabled=&#8220;off&#8220; button_one_bg_color__hover_enabled=&#8220;off&#8220; button_two_bg_color__hover_enabled=&#8220;off&#8220;][\/et_pb_contact_field][et_pb_contact_field field_id=&#8220;Phone_2&#8243; field_title=&#8220;Rufnummer&#8220; fullwidth_field=&#8220;on&#8220; _builder_version=&#8220;4.17.1&#8243; _module_preset=&#8220;default&#8220; hover_enabled=&#8220;0&#8243; global_colors_info=&#8220;{}&#8220; required_mark=&#8220;off&#8220; sticky_enabled=&#8220;0&#8243;][\/et_pb_contact_field][et_pb_contact_field field_id=&#8220;Subject&#8220; field_title=&#8220;Betreff&#8220; required_mark=&#8220;off&#8220; fullwidth_field=&#8220;on&#8220; _builder_version=&#8220;4.17.1&#8243; _module_preset=&#8220;default&#8220; global_colors_info=&#8220;{}&#8220;][\/et_pb_contact_field][et_pb_contact_field field_id=&#8220;Message&#8220; field_title=&#8220;M\u00f6chten Sie uns noch etwas mitteilen?&#8220; field_type=&#8220;text&#8220; required_mark=&#8220;off&#8220; fullwidth_field=&#8220;on&#8220; _builder_version=&#8220;4.16&#8243; global_colors_info=&#8220;{}&#8220; button_text_size__hover_enabled=&#8220;off&#8220; button_one_text_size__hover_enabled=&#8220;off&#8220; button_two_text_size__hover_enabled=&#8220;off&#8220; button_text_color__hover_enabled=&#8220;off&#8220; button_one_text_color__hover_enabled=&#8220;off&#8220; button_two_text_color__hover_enabled=&#8220;off&#8220; button_border_width__hover_enabled=&#8220;off&#8220; button_one_border_width__hover_enabled=&#8220;off&#8220; button_two_border_width__hover_enabled=&#8220;off&#8220; button_border_color__hover_enabled=&#8220;off&#8220; button_one_border_color__hover_enabled=&#8220;off&#8220; button_two_border_color__hover_enabled=&#8220;off&#8220; button_border_radius__hover_enabled=&#8220;off&#8220; button_one_border_radius__hover_enabled=&#8220;off&#8220; button_two_border_radius__hover_enabled=&#8220;off&#8220; button_letter_spacing__hover_enabled=&#8220;off&#8220; button_one_letter_spacing__hover_enabled=&#8220;off&#8220; button_two_letter_spacing__hover_enabled=&#8220;off&#8220; button_bg_color__hover_enabled=&#8220;off&#8220; button_one_bg_color__hover_enabled=&#8220;off&#8220; button_two_bg_color__hover_enabled=&#8220;off&#8220;][\/et_pb_contact_field][et_pb_contact_field field_id=&#8220;Privacy\/Datenschutzhinweis&#8220; field_title=&#8220;Datenschutzbestimmungen*&#8220; field_type=&#8220;checkbox&#8220; checkbox_options=&#8220;%91{%22value%22:%22Ich habe den Datenschutzhinweis zur Kenntnis genommen  %22,%22checked%22:0,%22dragID%22:-1,%22link_url%22:%22https:\\\/\\\/km-a.net\\\/neu\\\/privacy\\\/%22,%22link_text%22:%22%22}%93&#8243; fullwidth_field=&#8220;on&#8220; _builder_version=&#8220;4.17.1&#8243; _module_preset=&#8220;default&#8220; link_option_url=&#8220;https:\/\/km-a.net\/neu\/privacy\/&#8220; hover_enabled=&#8220;0&#8243; global_colors_info=&#8220;{}&#8220; sticky_enabled=&#8220;0&#8243;][\/et_pb_contact_field][\/et_pb_contact_form][\/et_pb_column][\/et_pb_row][\/et_pb_section][et_pb_section fb_built=&#8220;1&#8243; admin_label=&#8220;Footer&#8220; _builder_version=&#8220;4.17.1&#8243; _module_preset=&#8220;cf8cc6d5-1be0-45be-89e4-c7a830cf423f&#8220; background_color=&#8220;RGBA(255,255,255,0)&#8220; background_enable_color=&#8220;off&#8220; background_image=&#8220;https:\/\/km-a.net\/neu\/wp-content\/uploads\/2021\/06\/joshua-sortino-LqKhnDzSF-8-unsplash-scaled.jpg&#8220; background_enable_image=&#8220;off&#8220; custom_margin=&#8220;0px||||false|false&#8220; custom_padding=&#8220;1em||1em||true|false&#8220; border_color_all=&#8220;#B1B1B1&#8243; global_module=&#8220;145&#8243; saved_tabs=&#8220;all&#8220; locked=&#8220;off&#8220; global_colors_info=&#8220;{}&#8220;][et_pb_row column_structure=&#8220;1_2,1_2&#8243; _builder_version=&#8220;4.16.1&#8243; width_tablet=&#8220;&#8220; width_phone=&#8220;95%&#8220; width_last_edited=&#8220;on|phone&#8220; locked=&#8220;off&#8220; global_colors_info=&#8220;{}&#8220;][et_pb_column type=&#8220;1_2&#8243; _builder_version=&#8220;4.16&#8243; global_colors_info=&#8220;{}&#8220;][et_pb_image src=&#8220;https:\/\/km-a.net\/neu\/wp-content\/uploads\/2022\/04\/cropped-cropped-logo-red-bright.png&#8220; alt=&#8220;Logo KMA Knowledge Management Associates GmbH&#8220; title_text=&#8220;abgeschnitten-abgeschnitten-logo-rot-hell.png&#8220; _builder_version=&#8220;4.17.1&#8243; _module_preset=&#8220;default&#8220; width=&#8220;30%&#8220; global_colors_info=&#8220;{}&#8220;][\/et_pb_image][et_pb_text _builder_version=&#8220;4.16.1&#8243; text_font=&#8220;||||||||&#8220; text_text_color=&#8220;#FFFFFF&#8220; text_line_height=&#8220;1.4em&#8220; header_4_font=&#8220;|900|||||||&#8220; header_4_text_color=&#8220;#FFFFFF&#8220; header_4_font_size=&#8220;22px&#8220; header_4_line_height=&#8220;1.4em&#8220; global_colors_info=&#8220;{}&#8220;]<\/p>\n<p><span style=\"color: #000000;\">Gersthofer Stra\u00dfe 162,<\/span><br \/><span style=\"color: #000000;\">1180 Wien, \u00d6sterreich<\/span><\/p>\n<p><span style=\"color: #000000;\"><span style=\"color: #c00000;\"><a href=\"mailto:office@km-a.net\" style=\"color: #c00000;\">office@km-a.net<\/a><\/span><br \/>\u00d6sterreich: +43 1 470 29 09 (Fax -34)<br \/>Deutschland: +49 30 555 777 46 (Fax -9)<\/span><\/p>\n<p>[\/et_pb_text][\/et_pb_column][et_pb_column type=&#8220;1_2&#8243; _builder_version=&#8220;4.16.1&#8243; global_colors_info=&#8220;{}&#8220;][et_pb_signup mailchimp_list=&#8220;Wissen123|eca3013312&#8243; first_name_field=&#8220;off&#8220; last_name_field=&#8220;off&#8220; success_message=&#8220;Vielen Dank, dass Sie sich in unsere Mailingliste eingetragen haben!&#8220; title=&#8220;Newsletter&#8220; description=&#8220;<\/p>\n<\/p>\n<p>Abonnieren Sie unseren Newsletter und bleiben Sie auf dem Laufenden!<\/p>\n<\/p>\n<p>&#8220; _builder_version=&#8220;4.16.1&#8243; _module_preset=&#8220;default&#8220; header_text_color=&#8220;#C00000&#8243; body_text_color=&#8220;#444444&#8243; background_color=&#8220;RGBA(0,0,0,0)&#8220; border_radii_fields=&#8220;on|0px|0px|0px|0px&#8220; border_color_all_fields=&#8220;#C00000&#8243; border_width_bottom_fields=&#8220;2px&#8220; global_colors_info=&#8220;{}&#8220;][\/et_pb_signup][\/et_pb_column][\/et_pb_row][\/et_pb_section]<\/p>\n","protected":false},"excerpt":{"rendered":"<p>KontaktF\u00fcr Fragen und Kommentare stehen wir Ihnen gerne zur Verf\u00fcgung. Die mit * gekennzeichneten Felder sind Pflichtfelder.Gersthofer Stra\u00dfe 162,1180 Wien, \u00d6sterreich office@km-a.net\u00d6sterreich: +43 1 470 29 09 (Fax -34)Deutschland: +49 30 555 777 46 (Fax -9)<\/p>\n","protected":false},"author":3,"featured_media":0,"parent":0,"menu_order":0,"comment_status":"closed","ping_status":"closed","template":"","meta":{"_et_pb_use_builder":"on","_et_pb_old_content":"","_et_gb_content_width":"","footnotes":""},"class_list":["post-239127","page","type-page","status-publish","hentry"],"yoast_head":"<!-- This site is optimized with the Yoast SEO plugin v27.4 - https:\/\/yoast.com\/product\/yoast-seo-wordpress\/ -->\n<title>Kontakt - KM-A Knowledge Management Associates<\/title>\n<meta name=\"description\" content=\"The AAA of Knowledge Management. KM-A educates and advises Knowledge Managersand connects the Knowledge Management Community in Austria and the world.\" \/>\n<meta name=\"robots\" content=\"index, follow, max-snippet:-1, max-image-preview:large, max-video-preview:-1\" \/>\n<link rel=\"canonical\" href=\"https:\/\/km-a.net\/de\/kontakt\/\" \/>\n<meta property=\"og:locale\" content=\"de_DE\" \/>\n<meta property=\"og:type\" content=\"article\" \/>\n<meta property=\"og:title\" content=\"Kontakt - KM-A Knowledge Management Associates\" \/>\n<meta property=\"og:description\" content=\"The AAA of Knowledge Management. KM-A educates and advises Knowledge Managersand connects the Knowledge Management Community in Austria and the world.\" \/>\n<meta property=\"og:url\" content=\"https:\/\/km-a.net\/de\/kontakt\/\" \/>\n<meta property=\"og:site_name\" content=\"KM-A Knowledge Management Associates\" \/>\n<meta property=\"article:modified_time\" content=\"2022-07-28T13:37:44+00:00\" \/>\n<meta name=\"twitter:card\" content=\"summary_large_image\" \/>\n<meta name=\"twitter:site\" content=\"@KMA_HQ\" \/>\n<meta name=\"twitter:label1\" content=\"Gesch\u00e4tzte Lesezeit\" \/>\n\t<meta name=\"twitter:data1\" content=\"7\u00a0Minuten\" \/>\n<script type=\"application\/ld+json\" class=\"yoast-schema-graph\">{\"@context\":\"https:\\\/\\\/schema.org\",\"@graph\":[{\"@type\":\"WebPage\",\"@id\":\"https:\\\/\\\/km-a.net\\\/de\\\/kontakt\\\/\",\"url\":\"https:\\\/\\\/km-a.net\\\/de\\\/kontakt\\\/\",\"name\":\"Kontakt - KM-A Knowledge Management Associates\",\"isPartOf\":{\"@id\":\"https:\\\/\\\/km-a.net\\\/de\\\/#website\"},\"datePublished\":\"2022-01-25T15:02:01+00:00\",\"dateModified\":\"2022-07-28T13:37:44+00:00\",\"description\":\"The AAA of Knowledge Management. KM-A educates and advises Knowledge Managersand connects the Knowledge Management Community in Austria and the world.\",\"breadcrumb\":{\"@id\":\"https:\\\/\\\/km-a.net\\\/de\\\/kontakt\\\/#breadcrumb\"},\"inLanguage\":\"de\",\"potentialAction\":[{\"@type\":\"ReadAction\",\"target\":[\"https:\\\/\\\/km-a.net\\\/de\\\/kontakt\\\/\"]}]},{\"@type\":\"BreadcrumbList\",\"@id\":\"https:\\\/\\\/km-a.net\\\/de\\\/kontakt\\\/#breadcrumb\",\"itemListElement\":[{\"@type\":\"ListItem\",\"position\":1,\"name\":\"Home\",\"item\":\"https:\\\/\\\/km-a.net\\\/de\\\/\"},{\"@type\":\"ListItem\",\"position\":2,\"name\":\"Kontakt\"}]},{\"@type\":\"WebSite\",\"@id\":\"https:\\\/\\\/km-a.net\\\/de\\\/#website\",\"url\":\"https:\\\/\\\/km-a.net\\\/de\\\/\",\"name\":\"KM-A Knowledge Management Associates\",\"description\":\"The AAA in Knowledge Management\",\"publisher\":{\"@id\":\"https:\\\/\\\/km-a.net\\\/de\\\/#organization\"},\"alternateName\":\"KM-A\",\"potentialAction\":[{\"@type\":\"SearchAction\",\"target\":{\"@type\":\"EntryPoint\",\"urlTemplate\":\"https:\\\/\\\/km-a.net\\\/de\\\/?s={search_term_string}\"},\"query-input\":{\"@type\":\"PropertyValueSpecification\",\"valueRequired\":true,\"valueName\":\"search_term_string\"}}],\"inLanguage\":\"de\"},{\"@type\":\"Organization\",\"@id\":\"https:\\\/\\\/km-a.net\\\/de\\\/#organization\",\"name\":\"KM-A Knowledge Management Associates GmbH\",\"alternateName\":\"KM-A\",\"url\":\"https:\\\/\\\/km-a.net\\\/de\\\/\",\"logo\":{\"@type\":\"ImageObject\",\"inLanguage\":\"de\",\"@id\":\"https:\\\/\\\/km-a.net\\\/de\\\/#\\\/schema\\\/logo\\\/image\\\/\",\"url\":\"https:\\\/\\\/km-a.net\\\/wp-content\\\/uploads\\\/2022\\\/04\\\/logo-matching-red.png\",\"contentUrl\":\"https:\\\/\\\/km-a.net\\\/wp-content\\\/uploads\\\/2022\\\/04\\\/logo-matching-red.png\",\"width\":512,\"height\":512,\"caption\":\"KM-A Knowledge Management Associates GmbH\"},\"image\":{\"@id\":\"https:\\\/\\\/km-a.net\\\/de\\\/#\\\/schema\\\/logo\\\/image\\\/\"},\"sameAs\":[\"https:\\\/\\\/x.com\\\/KMA_HQ\"]}]}<\/script>\n<!-- \/ Yoast SEO plugin. -->","yoast_head_json":{"title":"Kontakt - KM-A Knowledge Management Associates","description":"The AAA of Knowledge Management. KM-A educates and advises Knowledge Managersand connects the Knowledge Management Community in Austria and the world.","robots":{"index":"index","follow":"follow","max-snippet":"max-snippet:-1","max-image-preview":"max-image-preview:large","max-video-preview":"max-video-preview:-1"},"canonical":"https:\/\/km-a.net\/de\/kontakt\/","og_locale":"de_DE","og_type":"article","og_title":"Kontakt - KM-A Knowledge Management Associates","og_description":"The AAA of Knowledge Management. KM-A educates and advises Knowledge Managersand connects the Knowledge Management Community in Austria and the world.","og_url":"https:\/\/km-a.net\/de\/kontakt\/","og_site_name":"KM-A Knowledge Management Associates","article_modified_time":"2022-07-28T13:37:44+00:00","twitter_card":"summary_large_image","twitter_site":"@KMA_HQ","twitter_misc":{"Gesch\u00e4tzte Lesezeit":"7\u00a0Minuten"},"schema":{"@context":"https:\/\/schema.org","@graph":[{"@type":"WebPage","@id":"https:\/\/km-a.net\/de\/kontakt\/","url":"https:\/\/km-a.net\/de\/kontakt\/","name":"Kontakt - KM-A Knowledge Management Associates","isPartOf":{"@id":"https:\/\/km-a.net\/de\/#website"},"datePublished":"2022-01-25T15:02:01+00:00","dateModified":"2022-07-28T13:37:44+00:00","description":"The AAA of Knowledge Management. KM-A educates and advises Knowledge Managersand connects the Knowledge Management Community in Austria and the world.","breadcrumb":{"@id":"https:\/\/km-a.net\/de\/kontakt\/#breadcrumb"},"inLanguage":"de","potentialAction":[{"@type":"ReadAction","target":["https:\/\/km-a.net\/de\/kontakt\/"]}]},{"@type":"BreadcrumbList","@id":"https:\/\/km-a.net\/de\/kontakt\/#breadcrumb","itemListElement":[{"@type":"ListItem","position":1,"name":"Home","item":"https:\/\/km-a.net\/de\/"},{"@type":"ListItem","position":2,"name":"Kontakt"}]},{"@type":"WebSite","@id":"https:\/\/km-a.net\/de\/#website","url":"https:\/\/km-a.net\/de\/","name":"KM-A Knowledge Management Associates","description":"The AAA in Knowledge Management","publisher":{"@id":"https:\/\/km-a.net\/de\/#organization"},"alternateName":"KM-A","potentialAction":[{"@type":"SearchAction","target":{"@type":"EntryPoint","urlTemplate":"https:\/\/km-a.net\/de\/?s={search_term_string}"},"query-input":{"@type":"PropertyValueSpecification","valueRequired":true,"valueName":"search_term_string"}}],"inLanguage":"de"},{"@type":"Organization","@id":"https:\/\/km-a.net\/de\/#organization","name":"KM-A Knowledge Management Associates GmbH","alternateName":"KM-A","url":"https:\/\/km-a.net\/de\/","logo":{"@type":"ImageObject","inLanguage":"de","@id":"https:\/\/km-a.net\/de\/#\/schema\/logo\/image\/","url":"https:\/\/km-a.net\/wp-content\/uploads\/2022\/04\/logo-matching-red.png","contentUrl":"https:\/\/km-a.net\/wp-content\/uploads\/2022\/04\/logo-matching-red.png","width":512,"height":512,"caption":"KM-A Knowledge Management Associates GmbH"},"image":{"@id":"https:\/\/km-a.net\/de\/#\/schema\/logo\/image\/"},"sameAs":["https:\/\/x.com\/KMA_HQ"]}]}},"_links":{"self":[{"href":"https:\/\/km-a.net\/de\/wp-json\/wp\/v2\/pages\/239127","targetHints":{"allow":["GET"]}}],"collection":[{"href":"https:\/\/km-a.net\/de\/wp-json\/wp\/v2\/pages"}],"about":[{"href":"https:\/\/km-a.net\/de\/wp-json\/wp\/v2\/types\/page"}],"author":[{"embeddable":true,"href":"https:\/\/km-a.net\/de\/wp-json\/wp\/v2\/users\/3"}],"replies":[{"embeddable":true,"href":"https:\/\/km-a.net\/de\/wp-json\/wp\/v2\/comments?post=239127"}],"version-history":[{"count":12,"href":"https:\/\/km-a.net\/de\/wp-json\/wp\/v2\/pages\/239127\/revisions"}],"predecessor-version":[{"id":239606,"href":"https:\/\/km-a.net\/de\/wp-json\/wp\/v2\/pages\/239127\/revisions\/239606"}],"wp:attachment":[{"href":"https:\/\/km-a.net\/de\/wp-json\/wp\/v2\/media?parent=239127"}],"curies":[{"name":"wp","href":"https:\/\/api.w.org\/{rel}","templated":true}]}}