{"id":239161,"date":"2022-04-19T17:29:04","date_gmt":"2022-04-19T15:29:04","guid":{"rendered":"https:\/\/km-a.net\/k4dp\/"},"modified":"2026-03-27T12:17:09","modified_gmt":"2026-03-27T11:17:09","slug":"k4dp","status":"publish","type":"page","link":"https:\/\/km-a.net\/de\/innovation-2\/k4dp\/","title":{"rendered":"K4DP"},"content":{"rendered":"<p>[et_pb_section fb_built=&#8220;1&#8243; admin_label=&#8220;Header&#8220; _builder_version=&#8220;4.17.1&#8243; _module_preset=&#8220;d9b26446-1dc8-41fc-9433-3e3c09ce2f79&#8243; background_mask_horizontal_offset=&#8220;89%&#8220; background_mask_vertical_offset=&#8220;65%&#8220; locked=&#8220;off&#8220; global_colors_info=&#8220;{}&#8220;][et_pb_row column_structure=&#8220;1_2,1_2&#8243; make_equal=&#8220;on&#8220; _builder_version=&#8220;4.16&#8243; height_tablet=&#8220;&#8220; height_phone=&#8220;&#8220; height_last_edited=&#8220;on|phone&#8220; max_height_last_edited=&#8220;off|phone&#8220; global_colors_info=&#8220;{}&#8220;][et_pb_column type=&#8220;1_2&#8243; _builder_version=&#8220;4.16&#8243; global_colors_info=&#8220;{}&#8220;][et_pb_image src=&#8220;https:\/\/km-a.net\/wp-content\/uploads\/2022\/04\/K4DP_horizontal_Web120px.png&#8220; title_text=&#8220;K4DP_horizontal_Web120px&#8220; _builder_version=&#8220;4.16.1&#8243; _module_preset=&#8220;default&#8220; global_colors_info=&#8220;{}&#8220;][\/et_pb_image][\/et_pb_column][et_pb_column type=&#8220;1_2&#8243; _builder_version=&#8220;4.16&#8243; global_colors_info=&#8220;{}&#8220;][\/et_pb_column][\/et_pb_row][\/et_pb_section][et_pb_section fb_built=&#8220;1&#8243; admin_label=&#8220;CTA&#8220; _builder_version=&#8220;4.17.1&#8243; background_color=&#8220;#FFFFFF&#8220; background_enable_image=&#8220;off&#8220; background_size=&#8220;initial&#8220; background_enable_mask_style=&#8220;on&#8220; background_mask_style=&#8220;honeycomb&#8220; background_mask_color=&#8220;#0070C0&#8243; background_mask_transform=&#8220;invert|flip_vertical|flip_horizontal&#8220; background_mask_size=&#8220;cover&#8220; background_mask_position=&#8220;bottom_center&#8220; background_mask_vertical_offset=&#8220;50%&#8220; global_module=&#8220;237471&#8243; global_colors_info=&#8220;{}&#8220;][et_pb_row column_structure=&#8220;3_5,2_5&#8243; custom_padding_last_edited=&#8220;on|phone&#8220; _builder_version=&#8220;4.16.1&#8243; _module_preset=&#8220;default&#8220; background_color=&#8220;RGBA(255,255,255,0)&#8220; background_color_gradient_direction=&#8220;60deg&#8220; z_index=&#8220;9&#8243; width_tablet=&#8220;&#8220; width_phone=&#8220;93%&#8220; width_last_edited=&#8220;on|phone&#8220; custom_margin=&#8220;||0px||false|false&#8220; custom_margin_tablet=&#8220;||60px||false|false&#8220; custom_margin_phone=&#8220;||50px||false|false&#8220; custom_margin_last_edited=&#8220;off|desktop&#8220; custom_padding=&#8220;2em|2em|2em|2em|true|true&#8220; custom_padding_tablet=&#8220;&#8220; custom_padding_phone=&#8220;|20px||20px|true|true&#8220; border_color_all=&#8220;gcid-8f88ab87-1c59-4750-87d0-b00e51f43738&#8243; global_colors_info=&#8220;{%22gcid-a34bf760-c058-4981-98bc-dfe055ae95bb%22:%91%93,%22gcid-8f88ab87-1c59-4750-87d0-b00e51f43738%22:%91%22border_color_all%22%93}&#8220; width__hover_enabled=&#8220;off|desktop&#8220;][et_pb_column type=&#8220;3_5&#8243; _builder_version=&#8220;4.16&#8243; _module_preset=&#8220;default&#8220; custom_padding=&#8220;0px||0px||true|false&#8220; custom_padding_tablet=&#8220;0px||0px||true|false&#8220; custom_padding_phone=&#8220;&#8220; custom_padding_last_edited=&#8220;on|phone&#8220; global_colors_info=&#8220;{}&#8220;][et_pb_text _builder_version=&#8220;4.27.4&#8243; _module_preset=&#8220;9bdfd50c-7d8e-469b-80e5-0a12aace3d29&#8243; header_2_font=&#8220;|600|||||||&#8220; header_4_font=&#8220;Teko|700||on|||||&#8220; header_4_text_color=&#8220;#000000&#8243; header_4_letter_spacing=&#8220;2px&#8220; header_4_line_height=&#8220;1.2em&#8220; background_color=&#8220;#FFFFFF&#8220; vertical_offset_tablet=&#8220;0&#8243; horizontal_offset_tablet=&#8220;0&#8243; custom_margin=&#8220;||2em||false|false&#8220; custom_padding=&#8220;3em|2em|3em|2em|true|true&#8220; header_4_font_size_tablet=&#8220;&#8220; header_4_font_size_phone=&#8220;51&#8243; header_4_font_size_last_edited=&#8220;on|desktop&#8220; z_index_tablet=&#8220;0&#8243; text_text_shadow_horizontal_length_tablet=&#8220;0px&#8220; text_text_shadow_vertical_length_tablet=&#8220;0px&#8220; text_text_shadow_blur_strength_tablet=&#8220;1px&#8220; link_text_shadow_horizontal_length_tablet=&#8220;0px&#8220; link_text_shadow_vertical_length_tablet=&#8220;0px&#8220; link_text_shadow_blur_strength_tablet=&#8220;1px&#8220; ul_text_shadow_horizontal_length_tablet=&#8220;0px&#8220; ul_text_shadow_vertical_length_tablet=&#8220;0px&#8220; ul_text_shadow_blur_strength_tablet=&#8220;1px&#8220; ol_text_shadow_horizontal_length_tablet=&#8220;0px&#8220; ol_text_shadow_vertical_length_tablet=&#8220;0px&#8220; ol_text_shadow_blur_strength_tablet=&#8220;1px&#8220; quote_text_shadow_horizontal_length_tablet=&#8220;0px&#8220; quote_text_shadow_vertical_length_tablet=&#8220;0px&#8220; quote_text_shadow_blur_strength_tablet=&#8220;1px&#8220; header_text_shadow_horizontal_length_tablet=&#8220;0px&#8220; header_text_shadow_vertical_length_tablet=&#8220;0px&#8220; header_text_shadow_blur_strength_tablet=&#8220;1px&#8220; header_2_text_shadow_horizontal_length_tablet=&#8220;0px&#8220; header_2_text_shadow_vertical_length_tablet=&#8220;0px&#8220; header_2_text_shadow_blur_strength_tablet=&#8220;1px&#8220; header_3_text_shadow_horizontal_length_tablet=&#8220;0px&#8220; header_3_text_shadow_vertical_length_tablet=&#8220;0px&#8220; header_3_text_shadow_blur_strength_tablet=&#8220;1px&#8220; header_4_text_shadow_horizontal_length_tablet=&#8220;0px&#8220; header_4_text_shadow_vertical_length_tablet=&#8220;0px&#8220; header_4_text_shadow_blur_strength_tablet=&#8220;1px&#8220; header_5_text_shadow_horizontal_length_tablet=&#8220;0px&#8220; header_5_text_shadow_vertical_length_tablet=&#8220;0px&#8220; header_5_text_shadow_blur_strength_tablet=&#8220;1px&#8220; header_6_text_shadow_horizontal_length_tablet=&#8220;0px&#8220; header_6_text_shadow_vertical_length_tablet=&#8220;0px&#8220; header_6_text_shadow_blur_strength_tablet=&#8220;1px&#8220; border_radii=&#8220;on|5px|5px|5px|5px&#8220; box_shadow_style=&#8220;preset1&#8243; global_colors_info=&#8220;{}&#8220;]<\/p>\n<h3><span style=\"color: #c00000;\"><strong>Partnerschaft &#8222;Knowledge for Development&#8220;<\/strong><\/span><\/h3>\n<p id=\"tw-target-text\" class=\"tw-data-text tw-text-large tw-ta\" dir=\"ltr\" data-placeholder=\"\u00dcbersetzung\" data-ved=\"2ahUKEwi2uLaD8LmNAxX19rsIHY3JMskQ3ewLegQIAhAU\" aria-label=\"\u00dcbersetzter Text: K4DP was initiated by KM-A and founded on April 3, 2017, during the \"Knowledge for Development: Global Partnership Conference\" under Austrian law at the Palace of Nations in Geneva. The partnership is a non-profit organization (NGO) dedicated to promoting peaceful, prosperous, sustainable, and inclusive knowledge-based societies worldwide and fostering global knowledge partnerships to achieve the UN Sustainable Development Goals and implement the 2030 Agenda. With partners from around the world, K4DP aims to pool and implement the global Knowledge for Development agenda.\"><span class=\"Y2IQFc\" lang=\"en\">K4DP wurde von KM-A initiiert und am 3. April 2017 im Rahmen der \u201eKnowledge for Development: Global Partnership Conference\u201c nach \u00f6sterreichischem Recht im Palais des Nations in Genf gegr\u00fcndet. <\/span><\/p>\n<p class=\"tw-data-text tw-text-large tw-ta\" dir=\"ltr\" data-placeholder=\"\u00dcbersetzung\" data-ved=\"2ahUKEwi2uLaD8LmNAxX19rsIHY3JMskQ3ewLegQIAhAU\" aria-label=\"\u00dcbersetzter Text: K4DP was initiated by KM-A and founded on April 3, 2017, during the \"Knowledge for Development: Global Partnership Conference\" under Austrian law at the Palace of Nations in Geneva. The partnership is a non-profit organization (NGO) dedicated to promoting peaceful, prosperous, sustainable, and inclusive knowledge-based societies worldwide and fostering global knowledge partnerships to achieve the UN Sustainable Development Goals and implement the 2030 Agenda. With partners from around the world, K4DP aims to pool and implement the global Knowledge for Development agenda.\"><span class=\"Y2IQFc\" lang=\"en\">Die Partnerschaft ist eine gemeinn\u00fctzige Organisation (NGO), die sich der F\u00f6rderung friedlicher, wohlhabender, nachhaltiger und inklusiver wissensbasierter Gesellschaften weltweit widmet und globale Wissenspartnerschaften st\u00e4rkt, um die UN-Nachhaltigkeitsziele zu erreichen und die Agenda 2030 umzusetzen. <\/span><\/p>\n<p class=\"tw-data-text tw-text-large tw-ta\" dir=\"ltr\" data-placeholder=\"\u00dcbersetzung\" data-ved=\"2ahUKEwi2uLaD8LmNAxX19rsIHY3JMskQ3ewLegQIAhAU\" aria-label=\"\u00dcbersetzter Text: K4DP was initiated by KM-A and founded on April 3, 2017, during the \"Knowledge for Development: Global Partnership Conference\" under Austrian law at the Palace of Nations in Geneva. The partnership is a non-profit organization (NGO) dedicated to promoting peaceful, prosperous, sustainable, and inclusive knowledge-based societies worldwide and fostering global knowledge partnerships to achieve the UN Sustainable Development Goals and implement the 2030 Agenda. With partners from around the world, K4DP aims to pool and implement the global Knowledge for Development agenda.\"><span class=\"Y2IQFc\" lang=\"en\">Gemeinsam mit Partnern aus aller Welt verfolgt K4DP das Ziel, die globale Agenda \u201eKnowledge for Development\u201c zu b\u00fcndeln und umzusetzen.<\/span><\/p>\n<\/p>\n<p>[\/et_pb_text][\/et_pb_column][et_pb_column type=&#8220;2_5&#8243; _builder_version=&#8220;4.16&#8243; _module_preset=&#8220;default&#8220; custom_padding=&#8220;0px||0px||true|false&#8220; custom_padding_tablet=&#8220;0px||0px||true|false&#8220; custom_padding_phone=&#8220;&#8220; custom_padding_last_edited=&#8220;on|phone&#8220; global_colors_info=&#8220;{}&#8220;][et_pb_cta title=&#8220;Erhalten Sie mehr Information!&#8220; button_url=&#8220;https:\/\/www.k4dp.org\/&#8220; url_new_window=&#8220;on&#8220; button_text=&#8220;K4DP Website&#8220; _builder_version=&#8220;4.16.1&#8243; _module_preset=&#8220;e97f667a-6427-43d0-ae90-79909f72a747&#8243; link_option_url_new_window=&#8220;on&#8220; global_colors_info=&#8220;{}&#8220;]<\/p>\n<p><span><\/span><\/p>\n<p><span>Weitere Informationen, vorherige und laufende Projekte sowie M\u00f6glichkeiten zur Teilnahme finden Sie auf der K4DP-Website.<\/span><\/p>\n<p><span><\/span><\/p>\n<p>[\/et_pb_cta][\/et_pb_column][\/et_pb_row][\/et_pb_section][et_pb_section fb_built=&#8220;1&#8243; admin_label=&#8220;Footer&#8220; _builder_version=&#8220;4.17.1&#8243; _module_preset=&#8220;cf8cc6d5-1be0-45be-89e4-c7a830cf423f&#8220; background_color=&#8220;#FFFFFF&#8220; background_enable_color=&#8220;off&#8220; background_image=&#8220;https:\/\/km-a.net\/wp-content\/uploads\/2021\/06\/joshua-sortino-LqKhnDzSF-8-unsplash-scaled.jpg&#8220; background_enable_image=&#8220;off&#8220; custom_margin=&#8220;0px||||false|false&#8220; custom_padding=&#8220;1em||1em||true|false&#8220; border_color_all=&#8220;#B1B1B1&#8243; global_module=&#8220;145&#8243; saved_tabs=&#8220;all&#8220; locked=&#8220;off&#8220; global_colors_info=&#8220;{}&#8220;][et_pb_row column_structure=&#8220;1_2,1_2&#8243; _builder_version=&#8220;4.16.1&#8243; width_tablet=&#8220;&#8220; width_phone=&#8220;95%&#8220; width_last_edited=&#8220;on|phone&#8220; locked=&#8220;off&#8220; global_colors_info=&#8220;{}&#8220;][et_pb_column type=&#8220;1_2&#8243; _builder_version=&#8220;4.16&#8243; global_colors_info=&#8220;{}&#8220;][et_pb_image src=&#8220;https:\/\/km-a.net\/wp-content\/uploads\/2022\/04\/cropped-cropped-logo-red-bright.png&#8220; alt=&#8220;Logo KMA Knowledge Management Associates GmbH&#8220; title_text=&#8220;abgeschnitten-abgeschnitten-logo-rot-hell.png&#8220; src_last_edited=&#8220;off|tablet&#8220; disabled_on=&#8220;on|on|off&#8220; _builder_version=&#8220;4.17.3&#8243; _module_preset=&#8220;default&#8220; width=&#8220;30%&#8220; width_tablet=&#8220;31%&#8220; width_phone=&#8220;43%&#8220; width_last_edited=&#8220;on|desktop&#8220; module_alignment=&#8220;left&#8220; module_alignment_tablet=&#8220;&#8220; module_alignment_phone=&#8220;center&#8220; module_alignment_last_edited=&#8220;on|tablet&#8220; global_colors_info=&#8220;{}&#8220;][\/et_pb_image][et_pb_text content_last_edited=&#8220;off|desktop&#8220; _builder_version=&#8220;4.17.3&#8243; text_font=&#8220;||||||||&#8220; text_text_color=&#8220;#FFFFFF&#8220; text_line_height=&#8220;1.4em&#8220; header_4_font=&#8220;|900|||||||&#8220; header_4_text_color=&#8220;#FFFFFF&#8220; header_4_font_size=&#8220;22px&#8220; header_4_line_height=&#8220;1.4em&#8220; custom_margin=&#8220;||0px||false|false&#8220; custom_padding=&#8220;||0.5em||false|false&#8220; global_colors_info=&#8220;{}&#8220;]<\/p>\n<p><span style=\"color: #000000;\">Gersthofer Stra\u00dfe 162,<\/span><br \/><span style=\"color: #000000;\">1180 Wien, \u00d6sterreich<\/span><\/p>\n<p><span style=\"color: #000000;\"><span style=\"color: #c00000;\"><a href=\"mailto:office@km-a.net\" style=\"color: #c00000;\">office@km-a.net<br \/><\/a><\/span>\u00d6sterreich: +43 1 470 29 09 (Fax -34)<br \/>Deutschland: +49 30 555 777 46 (Fax -9)<a href=\"https:\/\/www.linkedin.com\/company\/knowledge-management-associates\"><\/a><\/span><\/p>\n<p>[\/et_pb_text][et_pb_social_media_follow _builder_version=&#8220;4.17.3&#8243; _module_preset=&#8220;default&#8220; text_orientation=&#8220;left&#8220; text_orientation_tablet=&#8220;left&#8220; text_orientation_phone=&#8220;center&#8220; text_orientation_last_edited=&#8220;on|desktop&#8220; global_colors_info=&#8220;{}&#8220;][et_pb_social_media_follow_network social_network=&#8220;twitter&#8220; url=&#8220;https:\/\/twitter.com\/KMA_HQ&#8220; _builder_version=&#8220;4.22.2&#8243; _module_preset=&#8220;default&#8220; background_color=&#8220;#000000&#8243; global_colors_info=&#8220;{}&#8220; follow_button=&#8220;off&#8220; url_new_window=&#8220;on&#8220;]twitter[\/et_pb_social_media_follow_network][et_pb_social_media_follow_network social_network=&#8220;linkedin&#8220; url=&#8220;https:\/\/www.linkedin.com\/company\/knowledge-management-associates&#8220; _builder_version=&#8220;4.17.3&#8243; _module_preset=&#8220;default&#8220; background_color=&#8220;#007bb6&#8243; global_colors_info=&#8220;{}&#8220; follow_button=&#8220;off&#8220; url_new_window=&#8220;on&#8220;]linkedin[\/et_pb_social_media_follow_network][\/et_pb_social_media_follow][\/et_pb_column][et_pb_column type=&#8220;1_2&#8243; _builder_version=&#8220;4.16.1&#8243; global_colors_info=&#8220;{}&#8220;][et_pb_signup mailchimp_list=&#8220;Wissen123|eca3013312&#8243; first_name_field=&#8220;off&#8220; last_name_field=&#8220;off&#8220; success_message=&#8220;Danke f\u00fcr Ihre Anmeldung zum Newsletter!&#8220; title=&#8220;Newsletter&#8220; description=&#8220;<\/p>\n<p>Abonnieren Sie unseren Newsletter und bleiben Sie up-to-date!<\/p>\n<p>&#8220; _builder_version=&#8220;4.27.4&#8243; _module_preset=&#8220;default&#8220; header_text_color=&#8220;#C00000&#8243; body_text_color=&#8220;#444444&#8243; result_message_text_color=&#8220;#007320&#8243; background_color=&#8220;RGBA(0,0,0,0)&#8220; border_radii_fields=&#8220;on|0px|0px|0px|0px&#8220; border_color_all_fields=&#8220;#C00000&#8243; border_width_bottom_fields=&#8220;2px&#8220; global_colors_info=&#8220;{}&#8220;][\/et_pb_signup][\/et_pb_column][\/et_pb_row][\/et_pb_section]<\/p>\n","protected":false},"excerpt":{"rendered":"<p>Partnerschaft &#8222;Knowledge for Development&#8220; K4DP wurde von KM-A initiiert und am 3. April 2017 im Rahmen der \u201eKnowledge for Development: Global Partnership Conference\u201c nach \u00f6sterreichischem Recht im Palais des Nations in Genf gegr\u00fcndet. Die Partnerschaft ist eine gemeinn\u00fctzige Organisation (NGO), die sich der F\u00f6rderung friedlicher, wohlhabender, nachhaltiger und inklusiver wissensbasierter Gesellschaften weltweit widmet und globale [&hellip;]<\/p>\n","protected":false},"author":3,"featured_media":0,"parent":239037,"menu_order":0,"comment_status":"closed","ping_status":"closed","template":"","meta":{"_et_pb_use_builder":"on","_et_pb_old_content":"","_et_gb_content_width":"","footnotes":""},"class_list":["post-239161","page","type-page","status-publish","hentry"],"yoast_head":"<!-- This site is optimized with the Yoast SEO plugin v27.4 - https:\/\/yoast.com\/product\/yoast-seo-wordpress\/ -->\n<title>K4DP - KM-A Knowledge Management Associates<\/title>\n<meta name=\"description\" content=\"The AAA of Knowledge Management. KM-A educates and advises Knowledge Managersand connects the Knowledge Management Community in Austria and the world.\" \/>\n<meta name=\"robots\" content=\"index, follow, max-snippet:-1, max-image-preview:large, max-video-preview:-1\" \/>\n<link rel=\"canonical\" href=\"https:\/\/km-a.net\/de\/innovation-2\/k4dp\/\" \/>\n<meta property=\"og:locale\" content=\"de_DE\" \/>\n<meta property=\"og:type\" content=\"article\" \/>\n<meta property=\"og:title\" content=\"K4DP - KM-A Knowledge Management Associates\" \/>\n<meta property=\"og:description\" content=\"The AAA of Knowledge Management. KM-A educates and advises Knowledge Managersand connects the Knowledge Management Community in Austria and the world.\" \/>\n<meta property=\"og:url\" content=\"https:\/\/km-a.net\/de\/innovation-2\/k4dp\/\" \/>\n<meta property=\"og:site_name\" content=\"KM-A Knowledge Management Associates\" \/>\n<meta property=\"article:modified_time\" content=\"2026-03-27T11:17:09+00:00\" \/>\n<meta name=\"twitter:card\" content=\"summary_large_image\" \/>\n<meta name=\"twitter:site\" content=\"@KMA_HQ\" \/>\n<meta name=\"twitter:label1\" content=\"Gesch\u00e4tzte Lesezeit\" \/>\n\t<meta name=\"twitter:data1\" content=\"7\u00a0Minuten\" \/>\n<script type=\"application\/ld+json\" class=\"yoast-schema-graph\">{\"@context\":\"https:\\\/\\\/schema.org\",\"@graph\":[{\"@type\":\"WebPage\",\"@id\":\"https:\\\/\\\/km-a.net\\\/de\\\/innovation-2\\\/k4dp\\\/\",\"url\":\"https:\\\/\\\/km-a.net\\\/de\\\/innovation-2\\\/k4dp\\\/\",\"name\":\"K4DP - KM-A Knowledge Management Associates\",\"isPartOf\":{\"@id\":\"https:\\\/\\\/km-a.net\\\/de\\\/#website\"},\"datePublished\":\"2022-04-19T15:29:04+00:00\",\"dateModified\":\"2026-03-27T11:17:09+00:00\",\"description\":\"The AAA of Knowledge Management. KM-A educates and advises Knowledge Managersand connects the Knowledge Management Community in Austria and the world.\",\"breadcrumb\":{\"@id\":\"https:\\\/\\\/km-a.net\\\/de\\\/innovation-2\\\/k4dp\\\/#breadcrumb\"},\"inLanguage\":\"de\",\"potentialAction\":[{\"@type\":\"ReadAction\",\"target\":[\"https:\\\/\\\/km-a.net\\\/de\\\/innovation-2\\\/k4dp\\\/\"]}]},{\"@type\":\"BreadcrumbList\",\"@id\":\"https:\\\/\\\/km-a.net\\\/de\\\/innovation-2\\\/k4dp\\\/#breadcrumb\",\"itemListElement\":[{\"@type\":\"ListItem\",\"position\":1,\"name\":\"Home\",\"item\":\"https:\\\/\\\/km-a.net\\\/de\\\/\"},{\"@type\":\"ListItem\",\"position\":2,\"name\":\"Gemeinschaft\",\"item\":\"https:\\\/\\\/km-a.net\\\/de\\\/innovation-2\\\/\"},{\"@type\":\"ListItem\",\"position\":3,\"name\":\"K4DP\"}]},{\"@type\":\"WebSite\",\"@id\":\"https:\\\/\\\/km-a.net\\\/de\\\/#website\",\"url\":\"https:\\\/\\\/km-a.net\\\/de\\\/\",\"name\":\"KM-A Knowledge Management Associates\",\"description\":\"The AAA in Knowledge Management\",\"publisher\":{\"@id\":\"https:\\\/\\\/km-a.net\\\/de\\\/#organization\"},\"alternateName\":\"KM-A\",\"potentialAction\":[{\"@type\":\"SearchAction\",\"target\":{\"@type\":\"EntryPoint\",\"urlTemplate\":\"https:\\\/\\\/km-a.net\\\/de\\\/?s={search_term_string}\"},\"query-input\":{\"@type\":\"PropertyValueSpecification\",\"valueRequired\":true,\"valueName\":\"search_term_string\"}}],\"inLanguage\":\"de\"},{\"@type\":\"Organization\",\"@id\":\"https:\\\/\\\/km-a.net\\\/de\\\/#organization\",\"name\":\"KM-A Knowledge Management Associates GmbH\",\"alternateName\":\"KM-A\",\"url\":\"https:\\\/\\\/km-a.net\\\/de\\\/\",\"logo\":{\"@type\":\"ImageObject\",\"inLanguage\":\"de\",\"@id\":\"https:\\\/\\\/km-a.net\\\/de\\\/#\\\/schema\\\/logo\\\/image\\\/\",\"url\":\"https:\\\/\\\/km-a.net\\\/wp-content\\\/uploads\\\/2022\\\/04\\\/logo-matching-red.png\",\"contentUrl\":\"https:\\\/\\\/km-a.net\\\/wp-content\\\/uploads\\\/2022\\\/04\\\/logo-matching-red.png\",\"width\":512,\"height\":512,\"caption\":\"KM-A Knowledge Management Associates GmbH\"},\"image\":{\"@id\":\"https:\\\/\\\/km-a.net\\\/de\\\/#\\\/schema\\\/logo\\\/image\\\/\"},\"sameAs\":[\"https:\\\/\\\/x.com\\\/KMA_HQ\"]}]}<\/script>\n<!-- \/ Yoast SEO plugin. -->","yoast_head_json":{"title":"K4DP - KM-A Knowledge Management Associates","description":"The AAA of Knowledge Management. KM-A educates and advises Knowledge Managersand connects the Knowledge Management Community in Austria and the world.","robots":{"index":"index","follow":"follow","max-snippet":"max-snippet:-1","max-image-preview":"max-image-preview:large","max-video-preview":"max-video-preview:-1"},"canonical":"https:\/\/km-a.net\/de\/innovation-2\/k4dp\/","og_locale":"de_DE","og_type":"article","og_title":"K4DP - KM-A Knowledge Management Associates","og_description":"The AAA of Knowledge Management. KM-A educates and advises Knowledge Managersand connects the Knowledge Management Community in Austria and the world.","og_url":"https:\/\/km-a.net\/de\/innovation-2\/k4dp\/","og_site_name":"KM-A Knowledge Management Associates","article_modified_time":"2026-03-27T11:17:09+00:00","twitter_card":"summary_large_image","twitter_site":"@KMA_HQ","twitter_misc":{"Gesch\u00e4tzte Lesezeit":"7\u00a0Minuten"},"schema":{"@context":"https:\/\/schema.org","@graph":[{"@type":"WebPage","@id":"https:\/\/km-a.net\/de\/innovation-2\/k4dp\/","url":"https:\/\/km-a.net\/de\/innovation-2\/k4dp\/","name":"K4DP - KM-A Knowledge Management Associates","isPartOf":{"@id":"https:\/\/km-a.net\/de\/#website"},"datePublished":"2022-04-19T15:29:04+00:00","dateModified":"2026-03-27T11:17:09+00:00","description":"The AAA of Knowledge Management. KM-A educates and advises Knowledge Managersand connects the Knowledge Management Community in Austria and the world.","breadcrumb":{"@id":"https:\/\/km-a.net\/de\/innovation-2\/k4dp\/#breadcrumb"},"inLanguage":"de","potentialAction":[{"@type":"ReadAction","target":["https:\/\/km-a.net\/de\/innovation-2\/k4dp\/"]}]},{"@type":"BreadcrumbList","@id":"https:\/\/km-a.net\/de\/innovation-2\/k4dp\/#breadcrumb","itemListElement":[{"@type":"ListItem","position":1,"name":"Home","item":"https:\/\/km-a.net\/de\/"},{"@type":"ListItem","position":2,"name":"Gemeinschaft","item":"https:\/\/km-a.net\/de\/innovation-2\/"},{"@type":"ListItem","position":3,"name":"K4DP"}]},{"@type":"WebSite","@id":"https:\/\/km-a.net\/de\/#website","url":"https:\/\/km-a.net\/de\/","name":"KM-A Knowledge Management Associates","description":"The AAA in Knowledge Management","publisher":{"@id":"https:\/\/km-a.net\/de\/#organization"},"alternateName":"KM-A","potentialAction":[{"@type":"SearchAction","target":{"@type":"EntryPoint","urlTemplate":"https:\/\/km-a.net\/de\/?s={search_term_string}"},"query-input":{"@type":"PropertyValueSpecification","valueRequired":true,"valueName":"search_term_string"}}],"inLanguage":"de"},{"@type":"Organization","@id":"https:\/\/km-a.net\/de\/#organization","name":"KM-A Knowledge Management Associates GmbH","alternateName":"KM-A","url":"https:\/\/km-a.net\/de\/","logo":{"@type":"ImageObject","inLanguage":"de","@id":"https:\/\/km-a.net\/de\/#\/schema\/logo\/image\/","url":"https:\/\/km-a.net\/wp-content\/uploads\/2022\/04\/logo-matching-red.png","contentUrl":"https:\/\/km-a.net\/wp-content\/uploads\/2022\/04\/logo-matching-red.png","width":512,"height":512,"caption":"KM-A Knowledge Management Associates GmbH"},"image":{"@id":"https:\/\/km-a.net\/de\/#\/schema\/logo\/image\/"},"sameAs":["https:\/\/x.com\/KMA_HQ"]}]}},"_links":{"self":[{"href":"https:\/\/km-a.net\/de\/wp-json\/wp\/v2\/pages\/239161","targetHints":{"allow":["GET"]}}],"collection":[{"href":"https:\/\/km-a.net\/de\/wp-json\/wp\/v2\/pages"}],"about":[{"href":"https:\/\/km-a.net\/de\/wp-json\/wp\/v2\/types\/page"}],"author":[{"embeddable":true,"href":"https:\/\/km-a.net\/de\/wp-json\/wp\/v2\/users\/3"}],"replies":[{"embeddable":true,"href":"https:\/\/km-a.net\/de\/wp-json\/wp\/v2\/comments?post=239161"}],"version-history":[{"count":30,"href":"https:\/\/km-a.net\/de\/wp-json\/wp\/v2\/pages\/239161\/revisions"}],"predecessor-version":[{"id":242264,"href":"https:\/\/km-a.net\/de\/wp-json\/wp\/v2\/pages\/239161\/revisions\/242264"}],"up":[{"embeddable":true,"href":"https:\/\/km-a.net\/de\/wp-json\/wp\/v2\/pages\/239037"}],"wp:attachment":[{"href":"https:\/\/km-a.net\/de\/wp-json\/wp\/v2\/media?parent=239161"}],"curies":[{"name":"wp","href":"https:\/\/api.w.org\/{rel}","templated":true}]}}